{"id":969,"date":"2016-07-25T10:42:03","date_gmt":"2016-07-25T10:42:03","guid":{"rendered":"http:\/\/saiapm.ulbsibiu.ro\/?page_id=969"},"modified":"2018-03-19T17:32:57","modified_gmt":"2018-03-19T17:32:57","slug":"rezultate-admitere","status":"publish","type":"page","link":"https:\/\/saiapm.ulbsibiu.ro\/index.php\/rezultate-admitere\/","title":{"rendered":"Rezultate admitere"},"content":{"rendered":"<p style=\"text-align: center;\">\u00a0<\/p>\n<p style=\"text-align: center;\"><img loading=\"lazy\" decoding=\"async\" class=\"alignnone size-medium wp-image-905\" src=\"http:\/\/saiapm.ulbsibiu.ro\/wp-content\/uploads\/2016\/06\/Admitere-2016-300x42.png\" alt=\"Admitere 2016\" width=\"300\" height=\"42\" srcset=\"https:\/\/saiapm.ulbsibiu.ro\/wp-content\/uploads\/2016\/06\/Admitere-2016-300x42.png 300w, https:\/\/saiapm.ulbsibiu.ro\/wp-content\/uploads\/2016\/06\/Admitere-2016-250x35.png 250w, https:\/\/saiapm.ulbsibiu.ro\/wp-content\/uploads\/2016\/06\/Admitere-2016-150x21.png 150w, https:\/\/saiapm.ulbsibiu.ro\/wp-content\/uploads\/2016\/06\/Admitere-2016.png 404w\" sizes=\"(max-width: 300px) 100vw, 300px\" \/><\/p>\n<h3 style=\"text-align: center;\"><strong>Rezultatele concursului\u00a0de admitere <\/strong><\/h3>\n<h3 style=\"text-align: left;\">Listele candida\u021bilor confirma\u021bi\u00a0<strong>(sesiunea septembrie\u00a02016)<\/strong><\/h3>\n<p><strong>Studii de licen\u021b\u0103<\/strong><\/p>\n<hr \/>\n<p style=\"text-align: left; padding-left: 30px;\"><a href=\"https:\/\/drive.google.com\/file\/d\/0B1a0xrGgMWgbYXJhZ0pQOUtRZWVHc2h6Y1B1Rmdpa2o4dnlZ\/view?usp=sharing\">\u00a0Confirmare CEPA buget<\/a><\/p>\n<p style=\"text-align: left; padding-left: 30px;\"><a href=\"https:\/\/drive.google.com\/file\/d\/0B1a0xrGgMWgbc3Q1Sk1UOUNaUWNITF8tYTh2M2x0elJ6UDdJ\/view?usp=sharing\">Confirmare CEPA tax\u0103<\/a><\/p>\n<p style=\"text-align: left; padding-left: 30px;\"><a href=\"https:\/\/drive.google.com\/file\/d\/0B1a0xrGgMWgba3NBblJpaVlrQ3pMclA3X3Q2d3N5WVhacm9B\/view?usp=sharing\">Confirmare IPA buget<\/a><\/p>\n<p style=\"text-align: left; padding-left: 30px;\"><a href=\"https:\/\/drive.google.com\/file\/d\/0B1a0xrGgMWgbV1VaOWc4UUxacmlDQ1RlaDZ1bVF4QVloS3FB\/view?usp=sharing\">Confirmare IPA tax\u0103 an superior<\/a><\/p>\n<p style=\"text-align: left; padding-left: 30px;\"><a href=\"https:\/\/drive.google.com\/file\/d\/0B1a0xrGgMWgbek5ES1NIRGZzSzY5aFgtRHJfRjNOWE9TV3k0\/view?usp=sharing\">Confirmare IMAPA tax\u0103<\/a><\/p>\n<p style=\"text-align: left; padding-left: 30px;\"><a href=\"https:\/\/drive.google.com\/file\/d\/0B1a0xrGgMWgbTE0xLW8zZXoyalhYdjA5ZWtnNUZNSXNpT2U4\/view?usp=sharing\">Confirmare IPMA buget<\/a><\/p>\n<p style=\"text-align: left; padding-left: 30px;\"><a href=\"https:\/\/drive.google.com\/file\/d\/0B1a0xrGgMWgbcndlY3VEd2t3MHBlRDZ2cThiSzdCbXhYUmV3\/view?usp=sharing\">Confirmare IPMA taxa<\/a><\/p>\n<p style=\"text-align: left; padding-left: 30px;\"><a href=\"https:\/\/drive.google.com\/file\/d\/0B1a0xrGgMWgbQnJBa0dOUFRxcHFhcG1IRFRiV3BmRkgwREZz\/view?usp=sharing\">Confirmare Montanologie etnic<\/a><\/p>\n<p style=\"text-align: left; padding-left: 30px;\"><a href=\"https:\/\/drive.google.com\/file\/d\/0B1a0xrGgMWgbdklQckZMRHRkN3hkRUxQWElQc3drNHpLa0Yw\/view?usp=sharing\">Confirmare Montanologie buget<\/a><\/p>\n<p style=\"text-align: left; padding-left: 30px;\"><a href=\"https:\/\/drive.google.com\/file\/d\/0B1a0xrGgMWgbbzRxUjAwRXVLMEZiUUpJdFUxZmMtbjJGTDlB\/view?usp=sharing\">Confirmare Montanologie tax\u0103<\/a>\u00a0<\/p>\n<h4><strong>Studii de masterat<\/strong><\/h4>\n<p style=\"padding-left: 30px;\"><a href=\"https:\/\/drive.google.com\/file\/d\/0B1a0xrGgMWgbcUJRLWFrTDMwRzdTZ3A5Vk80WVVuQ3FONGdR\/view?usp=sharing\">Admi\u0219i ACSA buget<\/a><\/p>\n<p style=\"padding-left: 30px;\"><a href=\"https:\/\/drive.google.com\/file\/d\/0B1a0xrGgMWgbNFJrdTVKeE9RcmNSRkJxZlBjMlh3RWlXMlpR\/view?usp=sharing\">Admi\u0219i ACSA tax\u0103<\/a><\/p>\n<p style=\"text-align: left; padding-left: 30px;\"><a href=\"https:\/\/drive.google.com\/file\/d\/0B1a0xrGgMWgbUmlSWTFkY0gwdlpMd01oWTdmSDJuQnJ5MldF\/view?usp=sharing\">\u00a0Admi\u0219i MDDZR buget<\/a><\/p>\n<p style=\"text-align: left; padding-left: 30px;\"><a href=\"https:\/\/drive.google.com\/file\/d\/0B1a0xrGgMWgbdzE1SXlKdUE5Ny1xNFZGREkzamE4dnBYWUpN\/view?usp=sharing\">Admi\u0219i MDDZR tax\u0103<\/a><\/p>\n<p style=\"text-align: left; padding-left: 30px;\"><a href=\"https:\/\/drive.google.com\/file\/d\/0B1a0xrGgMWgbRkt0ME92c25fbFBiR1pKQ0RZRHFPdzhZRjAw\/view?usp=sharing\">Admi\u0219i MPMAgric buget<\/a><\/p>\n<p style=\"text-align: left; padding-left: 30px;\"><a href=\"https:\/\/drive.google.com\/file\/d\/0B1a0xrGgMWgbWFhPdnprbEZFS1hfTmtud0RhMk9lRXFST0hj\/view?usp=sharing\">Admi\u0219i MPMAgric\u00a0tax\u0103<\/a><\/p>\n<p style=\"text-align: left; padding-left: 30px;\"><a href=\"https:\/\/drive.google.com\/file\/d\/0B1a0xrGgMWgbdTdPV1hNaTdEdE8tUk9yR3g2N3QyT2NEYmlR\/view?usp=sharing\">Admi\u0219i MPMAlim buget<\/a><\/p>\n<p style=\"text-align: left; padding-left: 30px;\"><a href=\"https:\/\/drive.google.com\/file\/d\/0B1a0xrGgMWgbNzlZdHRHV2Y3MHFpTzY4d2ptbE5lVnpnTEpr\/view?usp=sharing\">Admi\u0219i MPMAlim rom\u00e2n pretutindeni<\/a><\/p>\n<p style=\"text-align: left; padding-left: 30px;\"><a href=\"https:\/\/drive.google.com\/file\/d\/0B1a0xrGgMWgbemVtQXBMSklGY2hrVnk1d21lNzljeUZ2b1JZ\/view?usp=sharing\">Admi\u0219i MPMAlim taxa<\/a><\/p>\n<p style=\"text-align: left;\">\u00a0<\/p>\n<hr \/>\n<p>&nbsp;<\/p>\n<h3 style=\"text-align: left;\">Listele candida\u021bilor confirma\u021bi\u00a0<strong>(sesiunea 18-23 iulie 2016)<\/strong><\/h3>\n<p><strong>Studii de licen\u021b\u0103<\/strong><\/p>\n<hr \/>\n<p style=\"text-align: left;\">\u00a0<\/p>\n<p style=\"text-align: left; padding-left: 30px;\"><a href=\"http:\/\/saiapm.ulbsibiu.ro\/wp-content\/uploads\/2016\/07\/IPA_confirmati_Buget.pdf\"><strong>Ingineria produselor alimentare<\/strong><\/a><\/p>\n<p style=\"text-align: left; padding-left: 30px;\"><a href=\"http:\/\/saiapm.ulbsibiu.ro\/wp-content\/uploads\/2016\/07\/CEPA_confirmati_Buget.pdf\"><strong>Controlul \u0219i expertiza produselor alimentare<\/strong><\/a><\/p>\n<p style=\"text-align: left; padding-left: 30px;\"><a href=\"http:\/\/saiapm.ulbsibiu.ro\/wp-content\/uploads\/2016\/07\/IMAPA_confirmati_Buget.pdf\"><strong>Inginerie \u0219i management \u00een alimenta\u021bie public\u0103 \u0219i agroturism<\/strong><\/a><\/p>\n<p style=\"text-align: left; padding-left: 30px;\"><a href=\"http:\/\/saiapm.ulbsibiu.ro\/wp-content\/uploads\/2016\/07\/MONTANOLOGIE_confirmati_Buget.pdf\"><strong>Montanologie<\/strong><\/a><\/p>\n<p style=\"text-align: left; padding-left: 30px;\"><a href=\"http:\/\/saiapm.ulbsibiu.ro\/wp-content\/uploads\/2016\/07\/MONTANOLOGIE_Admisi-in-an-superior.pdf\"><strong>Montanologie (admi\u0219i \u00een an superior)<\/strong><\/a><\/p>\n<p style=\"text-align: left; padding-left: 30px;\"><a href=\"http:\/\/saiapm.ulbsibiu.ro\/wp-content\/uploads\/2016\/07\/IPMA_confirmati_Buget.pdf\"><strong>Inginerie \u0219i protec\u021bia mediului \u00een agricultur\u0103\u00a0<\/strong><strong>(far\u0103 tax\u0103)<\/strong><\/a><\/p>\n<p style=\"text-align: left; padding-left: 30px;\"><a href=\"http:\/\/saiapm.ulbsibiu.ro\/wp-content\/uploads\/2016\/07\/IPMA_confirmati_Taxa.pdf\"><strong>Inginerie \u0219i protec\u021bia mediului \u00een agricultur\u0103 (cu tax\u0103)<\/strong><\/a><\/p>\n<p>&nbsp;<\/p>\n<h4><strong>Studii de masterat<\/strong><\/h4>\n<hr style=\"width: 330px; text-align: center;\" \/>\n<p><span style=\"color: #000000; font-family: sans-serif; font-size: 13.696px; line-height: normal;\">Pentru studiile universitare de MASTER \u00eenscrierile continu\u0103 \u0219i \u00een perioada 5 &#8211; 9 septembrie 2016, confirmarea locurilor se va face \u00een perioada 13-16 septembrie 2016.<\/span><\/p>\n<p style=\"text-align: left;\">\u00a0<\/p>\n<p style=\"text-align: left;\">\u00a0<\/p>\n","protected":false},"excerpt":{"rendered":"<p>\u00a0 Rezultatele concursului\u00a0de admitere Listele candida\u021bilor confirma\u021bi\u00a0(sesiunea septembrie\u00a02016) Studii de licen\u021b\u0103 \u00a0Confirmare CEPA buget Confirmare CEPA tax\u0103 Confirmare IPA buget Confirmare IPA tax\u0103 an superior Confirmare IMAPA tax\u0103 Confirmare IPMA buget Confirmare IPMA taxa Confirmare Montanologie etnic Confirmare Montanologie buget&hellip;<\/p>\n","protected":false},"author":1,"featured_media":0,"parent":0,"menu_order":0,"comment_status":"closed","ping_status":"closed","template":"","meta":{"footnotes":""},"class_list":["post-969","page","type-page","status-publish","hentry","entry","no-media"],"_links":{"self":[{"href":"https:\/\/saiapm.ulbsibiu.ro\/index.php\/wp-json\/wp\/v2\/pages\/969"}],"collection":[{"href":"https:\/\/saiapm.ulbsibiu.ro\/index.php\/wp-json\/wp\/v2\/pages"}],"about":[{"href":"https:\/\/saiapm.ulbsibiu.ro\/index.php\/wp-json\/wp\/v2\/types\/page"}],"author":[{"embeddable":true,"href":"https:\/\/saiapm.ulbsibiu.ro\/index.php\/wp-json\/wp\/v2\/users\/1"}],"replies":[{"embeddable":true,"href":"https:\/\/saiapm.ulbsibiu.ro\/index.php\/wp-json\/wp\/v2\/comments?post=969"}],"version-history":[{"count":25,"href":"https:\/\/saiapm.ulbsibiu.ro\/index.php\/wp-json\/wp\/v2\/pages\/969\/revisions"}],"predecessor-version":[{"id":1123,"href":"https:\/\/saiapm.ulbsibiu.ro\/index.php\/wp-json\/wp\/v2\/pages\/969\/revisions\/1123"}],"wp:attachment":[{"href":"https:\/\/saiapm.ulbsibiu.ro\/index.php\/wp-json\/wp\/v2\/media?parent=969"}],"curies":[{"name":"wp","href":"https:\/\/api.w.org\/{rel}","templated":true}]}}