{"id":7879,"date":"2022-06-27T07:00:10","date_gmt":"2022-06-27T07:00:10","guid":{"rendered":"https:\/\/saiapm.ulbsibiu.ro\/?page_id=7879"},"modified":"2026-02-12T15:04:33","modified_gmt":"2026-02-12T15:04:33","slug":"admitere","status":"publish","type":"page","link":"https:\/\/saiapm.ulbsibiu.ro\/index.php\/admitere\/","title":{"rendered":"Admitere"},"content":{"rendered":"[vc_row content_placement=&#8221;middle&#8221; equal_height=&#8221;yes&#8221; remove_bottom_col_margin=&#8221;true&#8221; css=&#8221;.vc_custom_1712595945493{margin-top: 25px !important;background-color: #ffffff !important;}&#8221;][vc_column width=&#8221;2\/3&#8243;][vc_single_image image=&#8221;7788&#8243; onclick=&#8221;custom_link&#8221; link=&#8221;http:\/\/saiapm.ulbsibiu.ro&#8221;]<h1 class=\"vcex-module vcex-heading vcex-heading-plain wpex-italic wpex-rcss wpex-69ede8244cf3b\" data-wpex-rcss='{\"font-size\":{\"d\":\"35px\",\"tl\":\"30px\"}}' data-wpex-uniqid='.wpex-69ede8244cf3b' style=\"color:#003163;font-family:Garamond, serif;font-weight:700;text-align:center;\"><span class=\"vcex-heading-inner clr\">Alege o carier\u0103 sigur\u0103!<\/span><\/h1>[\/vc_column][vc_column width=&#8221;1\/3&#8243; css=&#8221;.vc_custom_1652774735126{border-left-width: 2px !important;border-left-style: solid !important;}&#8221;]<h1 class=\"vcex-module vcex-heading vcex-heading-plain\" style=\"color:#f02f39;font-size:35px;font-weight:700;text-align:center;\"><span class=\"vcex-heading-inner clr\">ADMITERE 2026<\/span><\/h1><div class=\"vcex-heading-link-wrap clr\"><a class=\"vcex-module vcex-heading vcex-heading-plain vc_custom_1688997316591 wpex-rcss wpex-69ede8244d093\" href=\"tel:0269238527\" data-wpex-rcss='{\"font-size\":{\"d\":\"25px\",\"tl\":\"20px\"}}' data-wpex-uniqid='.wpex-69ede8244d093' style=\"color:#ffffff;text-align:center;\"><span class=\"vcex-heading-inner clr\"><span class=\"vcex-icon-wrap vcex-icon-position-left\"><span class=\"fa fa-phone\"><\/span><\/span>CALL CENTER<\/span><\/a><\/div>[vc_column_text]\n<p style=\"text-align: center;\"><span style=\"font-size: 10px;\">Pentru detalii referitoare la procesul de admitere se pot solicita informa\u021bii suplimentare la num\u0103rul de telefon 0269238527 (call center) sau pe e-mail <\/span><a href=\"mailto:admitere.saiapm@ulbsibiu.ro\" target=\"_blank\" rel=\"noopener\"><span style=\"font-size: 10px;\">admitere.saiapm@ulbsibiu.ro<\/span><\/a><\/p>\n[\/vc_column_text][\/vc_column][\/vc_row][vc_row content_placement=&#8221;top&#8221; css=&#8221;.vc_custom_1712595866179{margin-top: 20px !important;background-color: #ffffff !important;}&#8221;][vc_column width=&#8221;1\/2&#8243; css=&#8221;.vc_custom_1692639983994{margin: 10px !important;border-radius: 10px !important;}&#8221;][vc_text_separator title=&#8221;Documente&#8221; css=&#8221;.vc_custom_1692692845167{margin-top: 10px !important;margin-bottom: 15px !important;}&#8221;]<div style=\"font-size:16px;color:#1e73be;font-weight:600;\" class=\"vcex-module vcex-list_item vc_custom_1770908490968\"><a href=\"https:\/\/saiapm.ulbsibiu.ro\/wp-content\/uploads\/2026\/02\/2_Regulament-_ULBS_ADMITERE_2026_2027.pdf\" style=\"color:#1e73be;\"><div class=\"vcex-icon-wrap\" style=\"color:#dd3333;\"><span class=\"fa fa-file-pdf-o\"><\/span><\/div>Regulament admitere 2026.pdf<\/a><\/div><div style=\"font-size:16px;color:#1e73be;font-weight:600;\" class=\"vcex-module vcex-list_item\"><a href=\"https:\/\/saiapm.ulbsibiu.ro\/wp-content\/uploads\/2026\/02\/Criterii-de-admitere-SAIAPM.pdf\" style=\"color:#1e73be;\"><div class=\"vcex-icon-wrap\" style=\"color:#dd3333;\"><span class=\"fa fa-file-pdf-o\"><\/span><\/div>Criterii de admitere SAIAPM 2026.pdf<\/a><\/div><div style=\"font-size:16px;color:#1e73be;font-weight:600;\" class=\"vcex-module vcex-list_item\"><a href=\"https:\/\/saiapm.ulbsibiu.ro\/wp-content\/uploads\/2026\/02\/calendar-admitere-2026_2027_propunere_SAIAPM_v2.docx\" style=\"color:#1e73be;\"><div class=\"vcex-icon-wrap\" style=\"color:#dd3333;\"><span class=\"fa fa-file-pdf-o\"><\/span><\/div>Calendar admitere propus 2026.pdf<\/a><\/div>[\/vc_column][vc_column width=&#8221;1\/2&#8243;][vc_text_separator title=&#8221;Oferta educa\u021bional\u0103&#8221; css=&#8221;.vc_custom_1692692820852{margin-top: 15px !important;margin-bottom: 15px !important;}&#8221;]<div style=\"font-size:16px;color:#1e73be;font-weight:600;\" class=\"vcex-module vcex-list_item\"><a href=\"https:\/\/saiapm.ulbsibiu.ro\/wp-content\/uploads\/2026\/02\/propunere_oferta-educationala__2026.docx\" style=\"color:#1e73be;\"><div class=\"vcex-icon-wrap\" style=\"color:#dd3333;\"><span class=\"fa fa-file-pdf-o\"><\/span><\/div>Num\u0103rul de locuri propuse scoase la concurs 2026.pdf<\/a><\/div>[\/vc_column][\/vc_row][vc_row content_placement=&#8221;top&#8221; css=&#8221;.vc_custom_1712595964564{background-color: #ffffff !important;}&#8221;][vc_column width=&#8221;1\/2&#8243; css=&#8221;.vc_custom_1692686962461{margin-top: 10px !important;margin-right: 10px !important;margin-bottom: 10px !important;margin-left: 10px !important;border-top-width: 1px !important;border-right-width: 1px !important;border-bottom-width: 1px !important;border-left-width: 1px !important;border-left-color: #dbdbdb !important;border-left-style: solid !important;border-right-color: #dbdbdb !important;border-right-style: solid !important;border-top-color: #dbdbdb !important;border-top-style: solid !important;border-bottom-color: #dbdbdb !important;border-bottom-style: solid !important;border-radius: 10px !important;}&#8221;]<h2 class=\"vcex-module vcex-heading vcex-heading-bottom-border-w-color vc_custom_1692640761243\" style=\"color:#003163;font-size:30px;font-weight:700;text-align:center;\"><span class=\"vcex-heading-inner clr\">Studii de licen\u021b\u0103<\/span><\/h2><h2 class=\"vcex-module vcex-heading vcex-heading-plain vc_custom_1744005460224\" style=\"color:#003163;font-size:25px;font-weight:700;text-align:center;\"><span class=\"vcex-heading-inner clr\">\u00ceNV\u0102\u021a\u0102M\u00c2NT LA DISTAN\u021a\u0102 \u0219i \u00ceNV\u0102\u021a\u0102M\u00c2NT CU FRECVEN\u021a\u0102<\/span><\/h2>[vc_tta_accordion style=&#8221;modern&#8221; color=&#8221;white&#8221; c_icon=&#8221;triangle&#8221; active_section=&#8221;10&#8243; collapsible_all=&#8221;true&#8221; css=&#8221;.vc_custom_1656329469716{margin-top: 25px !important;}&#8221;][vc_tta_section title=&#8221;De ce s\u0103 studiezi la noi&#8221; tab_id=&#8221;1692638365618-b0d0c7bd-094b&#8221;][vc_column_text]\n<div>Pentru c\u0103 \u00ee\u021bi oferim:<\/div>\n<ol>\n<li>cursuri actualizate la standarde tehnologice actuale, conform cerin\u021belor mediului de afaceri;<\/li>\n<li>\n<div>cele mai bune condi\u021bii de cazare \u0219i de studiu;<\/div>\n<\/li>\n<li>\n<div>prin anun\u021burile de pe platforma intern\u0103 a facult\u0103\u021bii vei avea acces prioritar la locuri de munc\u0103 \u00een domeniu;<\/div>\n<\/li>\n<li>\n<div>posibilitatea de a studia limbi str\u0103ine \u0219i de a te certifica european prin institu\u021biile cu care colabor\u0103m;<\/div>\n<\/li>\n<li>\n<div>consultan\u021b\u0103 studen\u021bilor dornici s\u0103-\u0219i \u00eenfiin\u021beze afaceri \u00een domeniu.<\/div>\n<\/li>\n<\/ol>\n[\/vc_column_text][\/vc_tta_section][vc_tta_section title=&#8221;Specializ\u0103ri&#8221; tab_id=&#8221;1692638365619-83f912c2-242e&#8221;][vc_column_text]\n<div style=\"padding-left: 40px;\"><strong>1. <a href=\"https:\/\/saiapm.ulbsibiu.ro\/index.php\/specializari\/ingineria-produselor-alimentare\/\">Ingineria produselor alimentare<\/a>\u00a0<\/strong><\/div>\n<div style=\"padding-left: 80px;\">&#8211; domeniu: Ingineria produselor alimentare<\/div>\n<div style=\"padding-left: 80px;\">&#8211; inginer, 4 ani, \u00eenv\u0103\u021b\u0103m\u00e2nt cu frecven\u0163\u0103 (IF) \u0219i \u00eenv\u0103\u021b\u0103m\u00e2nt la distan\u021b\u0103 (ID)<\/div>\n<div style=\"padding-left: 40px;\"><strong>2. <a href=\"https:\/\/saiapm.ulbsibiu.ro\/index.php\/specializari\/controlul-si-expertiza-produselor-alimentare\/\">Controlul \u0219i expertiza produselor alimentare<\/a> \u00a0<\/strong><\/div>\n<div style=\"padding-left: 80px;\">&#8211; domeniu: Ingineria produselor alimentare,<\/div>\n<div style=\"padding-left: 80px;\">&#8211; inginer, 4 ani, \u00eenv\u0103\u021b\u0103m\u00e2nt cu frecven\u0163\u0103 (IF)<\/div>\n<div style=\"padding-left: 40px;\"><strong>3. <a href=\"https:\/\/saiapm.ulbsibiu.ro\/index.php\/specializari\/inginerie-si-management-in-alimentatie-publica-si-agroturism\/\">Inginerie \u0219i management \u00een alimenta\u021bia public\u0103 \u0219i agroturism<\/a> \u00a0<\/strong><\/div>\n<div style=\"padding-left: 80px;\">&#8211; domeniu: Inginerie \u0219i management \u00een agricultur\u0103 \u0219i agroturism,<\/div>\n<div style=\"padding-left: 80px;\">&#8211; inginer, 4 ani, \u00eenv\u0103\u021b\u0103m\u00e2nt cu frecven\u0163\u0103 (IF)<\/div>\n<div style=\"padding-left: 40px;\"><strong>4. <a href=\"https:\/\/saiapm.ulbsibiu.ro\/index.php\/specializari\/montanologie-zi\/\">Montanologie<\/a> \u00a0<\/strong><\/div>\n<div style=\"padding-left: 80px;\">&#8211; domeniu: Agronomie<\/div>\n<div style=\"padding-left: 80px;\">&#8211; inginer, 4 ani, \u00eenv\u0103\u021b\u0103m\u00e2nt cu frecven\u0163\u0103 (IF) \u0219i \u00eenv\u0103\u021b\u0103m\u00e2nt la distan\u021b\u0103 (ID)<\/div>\n<div style=\"padding-left: 40px;\"><strong>5. <a href=\"https:\/\/saiapm.ulbsibiu.ro\/index.php\/specializari\/inginerie-si-protectia-mediului-in-agricultura\/\">Ingineria protec\u021biei mediului \u00een agricultur\u0103<\/a> \u00a0<\/strong><\/div>\n<div style=\"padding-left: 80px;\">&#8211; domeniu: Ingineria mediului,<\/div>\n<div style=\"padding-left: 80px;\">&#8211; inginer, 4 ani, \u00eenv\u0103\u021b\u0103m\u00e2nt cu frecven\u0163\u0103 (IF)<\/div>\n[\/vc_column_text][\/vc_tta_section][vc_tta_section title=&#8221;Preg\u0103te\u0219te documentele pentru \u00eenscriere online&#8221; tab_id=&#8221;1692638365619-059dce27-8be8&#8243;][vc_column_text]\n<p><strong>1. Alege ordinea specializ\u0103rilor<\/strong><\/p>\n<p>Pe o h\u00e2rtie pe care s\u0103 o ave\u021bi la \u00eendem\u00e2n\u0103 \u00een momentul introducerii datelor pe platforma de \u00eenscriere, nota\u021bi specializ\u0103rile ca de exemplu: specializarea 1 loc bugetat, specializarea 2 loc bugetat, specializarea 1 loc cu tax\u0103 etc.<\/p>\n<p><strong>2. Fotografiaz\u0103 sau scaneaz\u0103 urm\u0103toarele documente<\/strong><\/p>\n<ul>\n<li>Diploma de bacalaureat;\n<ul>\n<li>absolven\u0163ii de liceu care au promovat examenul de bacalaureat \u00een sesiunea iunie 2024 sau \u00een sesiunea august \u2013 septembrie 2023, pot \u00eenc\u0103rca \u00een sistemul de admitere online, \u00een locul diplomei de bacalaureat, fotocopia adeverin\u0163ei eliberat\u0103 de liceu, \u00een care se men\u0163ioneaz\u0103 media general\u0103 de bacalaureat, mediile ob\u0163inute \u00een anii de liceu \u015fi notele ob\u0163inute la probele sus\u0163inute;<\/li>\n<\/ul>\n<\/li>\n<li>Certificatul de na\u0219tere;<\/li>\n<li>Cartea de identitate;<\/li>\n<li>Adeverin\u021ba medical\u0103 eliberat\u0103 de medicul de familie;<\/li>\n<li>Copie\/dovad\u0103 a adeverin\u021bei de \u00eenscriere de la prima facultate din ULBS sau din \u021bar\u0103 \u00een cazul \u00eem care candidatul s-a inscris la alt\u0103 facultate \u00een 2024;<\/li>\n<\/ul>\n<p>Candida\u0163ii care au absolvit anterior o alt\u0103 facultate cu diplom\u0103 de licen\u0163\u0103, respectiv diplom\u0103 de absolvire, precum \u015fi studen\u0163ii din universit\u0103\u0163ile de stat au obliga\u0163ia de a declara la \u00eenscriere dac\u0103 au urmat alte specializ\u0103ri \u015fi perioadele \u00een care au fost sus\u0163inu\u0163i financiar de la bugetul de stat.<\/p>\n[\/vc_column_text][\/vc_tta_section][\/vc_tta_accordion][vc_column_text css=&#8221;.vc_custom_1763930284512{margin-bottom: 15px !important;}&#8221;]\n<div style=\"text-align: center;\"><strong>\u00ceN CUR\u00c2ND<\/strong><\/div>\n<div style=\"text-align: center;\"><em><span style=\"font-size: 16px;\">Ai preg\u0103tit documentele?\u00a0<\/span><span style=\"font-size: 16px;\">Atunci \u00ceNSCRIE-TE ONLINE!<\/span><\/em><\/div>\n[\/vc_column_text][\/vc_column][vc_column width=&#8221;1\/2&#8243; css=&#8221;.vc_custom_1692686982391{margin-top: 10px !important;margin-right: 10px !important;margin-bottom: 10px !important;margin-left: 10px !important;border-top-width: 1px !important;border-right-width: 1px !important;border-bottom-width: 1px !important;border-left-width: 1px !important;border-left-color: #dbdbdb !important;border-left-style: solid !important;border-right-color: #dbdbdb !important;border-right-style: solid !important;border-top-color: #dbdbdb !important;border-top-style: solid !important;border-bottom-color: #dbdbdb !important;border-bottom-style: solid !important;border-radius: 10px !important;}&#8221;]<h2 class=\"vcex-module vcex-heading vcex-heading-bottom-border-w-color vc_custom_1692640826841\" style=\"color:#003163;font-size:30px;font-weight:700;text-align:center;\"><span class=\"vcex-heading-inner clr\">Studii de masterat<\/span><\/h2><h2 class=\"vcex-module vcex-heading vcex-heading-plain vc_custom_1744004858493\" style=\"color:#003163;font-size:30px;font-weight:700;text-align:center;\"><span class=\"vcex-heading-inner clr\">\u00ceNV\u0102\u021a\u0102M\u00c2NT CU FRECVEN\u021a\u0102<\/span><\/h2>[vc_tta_accordion style=&#8221;modern&#8221; color=&#8221;white&#8221; c_icon=&#8221;triangle&#8221; active_section=&#8221;10&#8243; collapsible_all=&#8221;true&#8221; css=&#8221;.vc_custom_1656325109178{margin-top: 25px !important;}&#8221;][vc_tta_section title=&#8221;De ce s\u0103 studiezi la noi?&#8221; tab_id=&#8221;1692638904575-54354c52-c5d6&#8243;][vc_column_text]\n<div>Pentru c\u0103 \u00ee\u021bi oferim:<\/div>\n<ol>\n<li>cursuri actualizate la standarde tehnologice actuale, conform cerin\u021belor mediului de afaceri;<\/li>\n<li>\n<div>cele mai bune condi\u021bii de cazare \u0219i de studiu;<\/div>\n<\/li>\n<li>\n<div>prin anun\u021burile de pe platforma intern\u0103 a facult\u0103\u021bii vei avea acces prioritar la locuri de munc\u0103 \u00een domeniu;<\/div>\n<\/li>\n<li>\n<div>posibilitatea de a studia limbi str\u0103ine \u0219i de a te certifica european prin institu\u021biile cu care colabor\u0103m;<\/div>\n<\/li>\n<li>\n<div>consultan\u021b\u0103 studen\u021bilor dornici s\u0103-\u0219i \u00eenfiin\u021beze afaceri \u00een domeniu.<\/div>\n<\/li>\n<\/ol>\n[\/vc_column_text][\/vc_tta_section][vc_tta_section title=&#8221;Specializ\u0103ri&#8221; tab_id=&#8221;1692638365621-1776ff66-4c85&#8243;][vc_column_text]\n<div style=\"padding-left: 40px;\">1. <a href=\"https:\/\/saiapm.ulbsibiu.ro\/index.php\/specializari\/master_acsa\/\">Asigurarea calit\u0103\u021bii \u0219i siguran\u021bei alimentelor<\/a><\/div>\n<div style=\"padding-left: 80px;\">&#8211; 2 ani, \u00eenv\u0103\u021b\u0103m\u00e2nt cu frecven\u0163\u0103 (IF)<\/div>\n<div style=\"padding-left: 40px;\">2. <a href=\"https:\/\/saiapm.ulbsibiu.ro\/index.php\/specializari\/master-mpmalim\/\">Managementul proces\u0103rii moderne a alimentelor<\/a><\/div>\n<div style=\"padding-left: 80px;\">&#8211; 2 ani, \u00eenv\u0103\u021b\u0103m\u00e2nt cu frecven\u0163\u0103 (IF)<\/div>\n<div style=\"padding-left: 40px;\">3. <a href=\"https:\/\/saiapm.ulbsibiu.ro\/index.php\/specializari\/master-mpmagr\/\">Managementul protec\u021biei mediului agricol<\/a><\/div>\n<div style=\"padding-left: 80px;\">&#8211; 2 ani, \u00eenv\u0103\u021b\u0103m\u00e2nt cu frecven\u0163\u0103 (IF)<\/div>\n<div style=\"padding-left: 40px;\">4. <a href=\"https:\/\/saiapm.ulbsibiu.ro\/index.php\/specializari\/master-mddzr\/\">Managementul dezvolt\u0103rii durabile a zonei rurale<\/a><\/div>\n<div style=\"padding-left: 80px;\">&#8211; 2 ani, \u00eenv\u0103\u021b\u0103m\u00e2nt cu frecven\u0163\u0103 (IF)<\/div>\n<div>\u00a0 \u00a0 \u00a0 \u00a0 \u00a0 5.<a href=\"https:\/\/saiapm.ulbsibiu.ro\/index.php\/stiinte-si-politici-de-protectia-mediului-2\/\">\u015etiinte \u015fi politici de protec\u0163ia mediului\u00a0<\/a><\/div>\n<div>\u00a0 \u00a0 \u00a0 \u00a0 \u00a0 \u00a0 \u00a0 \u00a0 \u00a0 \u00a0 \u00a0&#8211; 2 ani, \u00eenv\u0103\u021b\u0103m\u00e2nt cu frecven\u0163\u0103 (IF)<\/div>\n[\/vc_column_text][\/vc_tta_section][vc_tta_section title=&#8221;Preg\u0103te\u0219te documentele pentru \u00eenscriere online&#8221; tab_id=&#8221;1692638365621-fb38104d-40b4&#8243;][vc_column_text]\n<p><strong>1. Alege ordinea specializ\u0103rilor<\/strong><\/p>\n<p>Pe o h\u00e2rtie pe care s\u0103 o ave\u021bi la \u00eendem\u00e2n\u0103 \u00een momentul introducerii datelor pe platforma de \u00eenscriere, nota\u021bi specializ\u0103rile ca de exemplu: specializarea 1 loc bugetat, specializarea 2 loc bugetat, specializarea 1 loc cu tax\u0103 etc.<\/p>\n<p><strong>2. Fotografiaz\u0103 sau scaneaz\u0103 urm\u0103toarele documente<\/strong><\/p>\n<ul>\n<li>Diploma de bacalaureat;<\/li>\n<li>Diploma de licen\u021b\u0103 sau adeverin\u021ba de absolvire pentru promo\u021bia 2024;<\/li>\n<li>Certificatul de na\u0219tere;<\/li>\n<li>Carte de identitate;<\/li>\n<li>Adeverin\u021ba medical\u0103 eliberat\u0103 de medicul de familie;<\/li>\n<li>Candida\u021bii care s-au mai \u00eenscris \u00een 2024 la alt\u0103 facultate din ULBS sau alte universit\u0103\u021bi din \u021bar\u0103 trebuie s\u0103 de\u021bin\u0103 o fotocopie\/dovad\u0103 a adeverin\u021bei de \u00eenscriere de la prima facultate, certificat\u0103 de secretariatul facult\u0103\u021bii la care s-a realizat prima \u00eenscriere.<\/li>\n<\/ul>\n[\/vc_column_text][\/vc_tta_section][\/vc_tta_accordion][vc_column_text css=&#8221;.vc_custom_1763930243825{margin-bottom: 15px !important;}&#8221;]\n<div style=\"text-align: center;\"><strong>\u00ceN CUR\u00c2ND<\/strong><\/div>\n<div style=\"text-align: center;\"><em><span style=\"font-size: 16px;\">Ai preg\u0103tit documentele?\u00a0<\/span><span style=\"font-size: 16px;\">Atunci \u00ceNSCRIE-TE ONLINE!<\/span><\/em><\/div>\n[\/vc_column_text][\/vc_column][\/vc_row][vc_row][vc_column][vc_column_text][\/vc_column_text][vc_row_inner][vc_column_inner width=&#8221;1\/2&#8243;][\/vc_column_inner][vc_column_inner width=&#8221;1\/2&#8243;][vc_text_separator title=&#8221;&#8221;][\/vc_column_inner][\/vc_row_inner][vc_row_inner][vc_column_inner][\/vc_column_inner][\/vc_row_inner][\/vc_column][\/vc_row][vc_row][vc_column][\/vc_column][\/vc_row][vc_row content_placement=&#8221;middle&#8221; css=&#8221;.vc_custom_1712596020131{border-top-width: 1px !important;border-right-width: 1px !important;border-bottom-width: 1px !important;border-left-width: 1px !important;background-color: #ffffff !important;border-left-style: solid !important;border-right-style: solid !important;border-top-style: solid !important;border-bottom-style: solid !important;}&#8221;][vc_column width=&#8221;1\/6&#8243;]<div class=\"vcex-module vcex-icon clr vcex-icon-xlarge vcex-icon-float-center remove-dimensions\"><div class=\"vcex-icon-wrap\" style=\"color:#dd3333;\"><span class=\"fa fa-exclamation\"><\/span><\/div><\/div>[\/vc_column][vc_column width=&#8221;5\/6&#8243;]<h5 class=\"vcex-module vcex-heading vcex-heading-plain vc_custom_1652785189692\" style=\"font-size:18px;\"><span class=\"vcex-heading-inner clr\">Toate specializ\u0103rile facult\u0103\u021bii noastre sunt acreditate definitiv.<\/span><\/h5><h4 class=\"vcex-module vcex-heading vcex-heading-plain vc_custom_1652785224970\" style=\"font-size:18px;\"><span class=\"vcex-heading-inner clr\">Institu\u021bia noastr\u0103 este evaluat\u0103 extern de c\u0103tre Consiliul Agen\u021biei Rom\u00e2ne de Asigurare a Calit\u0103\u021bii \u00een \u00cenv\u0103\u021b\u0103m\u00e2ntul Superior (ARACIS) cu calificativul \u201eGrad de \u00eencredere ridicat\u201d.<\/span><\/h4>[\/vc_column][\/vc_row]\n","protected":false},"excerpt":{"rendered":"<p>[vc_row content_placement=&#8221;middle&#8221; equal_height=&#8221;yes&#8221; remove_bottom_col_margin=&#8221;true&#8221; css=&#8221;.vc_custom_1712595945493{margin-top: 25px !important;background-color: #ffffff !important;}&#8221;][vc_column width=&#8221;2\/3&#8243;][vc_single_image image=&#8221;7788&#8243; onclick=&#8221;custom_link&#8221; link=&#8221;http:\/\/saiapm.ulbsibiu.ro&#8221;][\/vc_column][vc_column width=&#8221;1\/3&#8243; css=&#8221;.vc_custom_1652774735126{border-left-width: 2px !important;border-left-style: solid !important;}&#8221;][vc_column_text] Pentru detalii referitoare la procesul de admitere se pot solicita informa\u021bii suplimentare la num\u0103rul de telefon 0269238527 (call center) sau pe&hellip;<\/p>\n","protected":false},"author":1,"featured_media":0,"parent":0,"menu_order":0,"comment_status":"closed","ping_status":"closed","template":"","meta":{"footnotes":""},"class_list":["post-7879","page","type-page","status-publish","hentry","entry","no-media"],"_links":{"self":[{"href":"https:\/\/saiapm.ulbsibiu.ro\/index.php\/wp-json\/wp\/v2\/pages\/7879"}],"collection":[{"href":"https:\/\/saiapm.ulbsibiu.ro\/index.php\/wp-json\/wp\/v2\/pages"}],"about":[{"href":"https:\/\/saiapm.ulbsibiu.ro\/index.php\/wp-json\/wp\/v2\/types\/page"}],"author":[{"embeddable":true,"href":"https:\/\/saiapm.ulbsibiu.ro\/index.php\/wp-json\/wp\/v2\/users\/1"}],"replies":[{"embeddable":true,"href":"https:\/\/saiapm.ulbsibiu.ro\/index.php\/wp-json\/wp\/v2\/comments?post=7879"}],"version-history":[{"count":170,"href":"https:\/\/saiapm.ulbsibiu.ro\/index.php\/wp-json\/wp\/v2\/pages\/7879\/revisions"}],"predecessor-version":[{"id":11581,"href":"https:\/\/saiapm.ulbsibiu.ro\/index.php\/wp-json\/wp\/v2\/pages\/7879\/revisions\/11581"}],"wp:attachment":[{"href":"https:\/\/saiapm.ulbsibiu.ro\/index.php\/wp-json\/wp\/v2\/media?parent=7879"}],"curies":[{"name":"wp","href":"https:\/\/api.w.org\/{rel}","templated":true}]}}