{"id":6428,"date":"2020-06-07T08:17:42","date_gmt":"2020-06-07T08:17:42","guid":{"rendered":"http:\/\/saiapm.ulbsibiu.ro\/?page_id=6428"},"modified":"2022-06-27T10:27:07","modified_gmt":"2022-06-27T10:27:07","slug":"inginerie-si-protectia-mediului-in-agricultura","status":"publish","type":"page","link":"https:\/\/saiapm.ulbsibiu.ro\/index.php\/specializari\/inginerie-si-protectia-mediului-in-agricultura\/","title":{"rendered":"Inginerie \u015fi Protec\u0163ia Mediului \u00een Agricultur\u0103"},"content":{"rendered":"[vc_row css=&#8221;.vc_custom_1656325992977{background-color: #ffffff !important;}&#8221;][vc_column css=&#8221;.vc_custom_1590608742203{margin-right: 30px !important;}&#8221;]<div class=\"vcex-module vcex-heading vcex-heading-plain vc_custom_1591521930805 wpex-rcss wpex-69e0bb5a1c0e5\" data-wpex-rcss='{\"font-size\":{\"d\":\"40px\",\"tl\":\"20px\",\"tp\":\"20px\",\"pl\":\"20px\",\"pp\":\"20px\"}}' data-wpex-uniqid='.wpex-69e0bb5a1c0e5' style=\"color:#002f60;font-family:Open Sans;font-weight:700;\"><span class=\"vcex-heading-inner clr\">Inginerie \u015fi protec\u0163ia mediului \u00een agricultur\u0103<\/span><\/div><div class=\"vcex-module vcex-heading vcex-heading-plain vc_custom_1591519408326 wpex-rcss wpex-69e0bb5a1c1de\" data-wpex-rcss='{\"font-size\":{\"d\":\"16px\",\"tl\":\"16px\",\"tp\":\"16px\",\"pl\":\"16px\",\"pp\":\"16px\"}}' data-wpex-uniqid='.wpex-69e0bb5a1c1de' style=\"color:#002f60;font-family:Open Sans;font-weight:700;\"><span class=\"vcex-heading-inner clr\">\u00cenv\u0103\u021b\u0103m\u00e2nt cu frecven\u021b\u0103 (ZI)<\/span><\/div>[vc_row_inner remove_bottom_col_margin=&#8221;true&#8221; css=&#8221;.vc_custom_1591004325295{margin-right: 10px !important;}&#8221;][vc_column_inner]<div class=\"vcex-module vcex-heading vcex-heading-plain vc_custom_1590915896738 wpex-rcss wpex-69e0bb5a1c26b\" data-wpex-rcss='{\"font-size\":{\"d\":\"20px\",\"tl\":\"16px\",\"tp\":\"16px\",\"pl\":\"16px\",\"pp\":\"16px\"}}' data-wpex-uniqid='.wpex-69e0bb5a1c26b' style=\"color:#ffffff;font-family:Open Sans;font-weight:700;\"><span class=\"vcex-heading-inner clr\">Date generale<\/span><\/div>[vc_column_text css=&#8221;.vc_custom_1594097629474{margin-bottom: 30px !important;margin-left: 10px !important;}&#8221;]\n<ul>\n<li><span style=\"font-family: 'Open Sans'; font-size: 14px; color: #000000;\"><strong>Domeniul pentru studii universitare de licen\u021b\u0103:<\/strong> Ingineria mediului<\/span><\/li>\n<li><span style=\"font-family: 'Open Sans'; font-size: 14px; color: #000000;\"><strong>Durat\u0103:<\/strong> 4 ani\u00a0<\/span><\/li>\n<li><span style=\"font-family: 'Open Sans'; font-size: 14px; color: #000000;\"><strong>Stadiul acredit\u0103rii:<\/strong> acreditat\u0103<\/span><\/li>\n<li><span style=\"font-family: 'Open Sans'; font-size: 14px; color: #000000;\"><strong>Titlul ob\u021binut:<\/strong> inginer<\/span><\/li>\n<li><span style=\"font-family: 'Open Sans'; font-size: 14px; color: #000000;\"><strong>Admitere:<\/strong> 6 &#8211; 18 iulie 2020<\/span><\/li>\n<li><strong><a href=\"http:\/\/saiapm.ulbsibiu.ro\/index.php\/fise-discipline\/\"><span style=\"font-family: 'Open Sans'; font-size: 14px; color: #000000;\">Discipline<\/span><\/a><\/strong><\/li>\n<\/ul>\n[\/vc_column_text][\/vc_column_inner][\/vc_row_inner]<div class=\"vcex-module vcex-heading vcex-heading-plain vc_custom_1590915920794 wpex-rcss wpex-69e0bb5a1c2f0\" data-wpex-rcss='{\"font-size\":{\"d\":\"20px\",\"tl\":\"16px\",\"tp\":\"16px\",\"pl\":\"16px\",\"pp\":\"16px\"}}' data-wpex-uniqid='.wpex-69e0bb5a1c2f0' style=\"color:#ffffff;font-family:Open Sans;font-weight:700;\"><span class=\"vcex-heading-inner clr\">Misiunea specializ\u0103rii<\/span><\/div>[vc_column_text css=&#8221;.vc_custom_1591522047261{margin-bottom: 30px !important;padding-right: 20px !important;padding-left: 20px !important;}&#8221;]\n<div align=\"justify\"><span style=\"font-size: 16px;\">Specializarea \u00ee\u015fi propune s\u0103 preg\u0103teasc\u0103 absolven\u0163i interesa\u0163i \u00een concepte, practici \u015fi solu\u0163ii privind perfec\u0163ionarea \u015fi aplicarea \u00een practic\u0103 a elementelor de protec\u0163ia \u015fi ingineria mediului \u00een agricultur\u0103. \u00cen acest sens, sunt abordate prin disciplinele prev\u0103zute \u00een planul de \u00eenv\u0103\u0163\u0103m\u00e2nt \u015fi integrate \u00eentr-o versiune global\u0103, aspecte privind protec\u0163ia resurselor de ap\u0103, a atmosferei, a solului, monitoringul mediului, evaluarea impactului ecologic, auditul de mediu \u015fi aspecte economice \u00een promovarea proiectelor de ingineria mediului. Problemele grave de mediu cu care se confrunt\u0103 Rom\u00e2nia sunt cele ale majorit\u0103\u0163ii \u0163\u0103rilor \u00een tranzi\u0163ie \u015fi cu o economie bazat\u0103 pe un consum excesiv de energie \u015fi resurse naturale, cu utilizarea unor tehnologii poluante \u015fi dep\u0103\u015fite. Pe fondul unei economii centralizate \u015fi planificate, cu o rat\u0103 mare a infla\u0163iei, cu deficit public \u015fi protec\u0163ionist, se impune restructurarea profund\u0103 a \u00eentregii economii \u015fi societ\u0103\u0163i, inclusiv plasarea prioritar\u0103 a problemelor de protec\u0163ia mediului conform conceptului dezvolt\u0103rii durabile. Nivelul de abordare a obiectivelor enumerate este accesibil \u015fi specific profesioni\u015ftilor \u00een domeniu. Fundamental pentru concep\u0163ia de dezvoltare durabil\u0103 este integrarea obiectivelor economice cu cele ecologice \u015fi de protec\u0163ia mediului. Dac\u0103 \u00een urm\u0103 cu 20 de ani prioritar\u0103 era cre\u015fterea economic\u0103, excluz\u00e2nd problemele de protec\u0163ia mediului, deteriorarea grav\u0103 a componentelor mediului \u00eenconjur\u0103tor impune schimbarea acestei optici \u00een contextul integr\u0103rii Rom\u00e2niei \u00een Uniunea European\u0103. Misiunea de cercetare \u015ftiin\u0163ific\u0103 const\u0103 \u00een angrenarea cadrelor didactice \u015fi a studen\u0163ilor la derularea unor proiecte de cercetare pe probleme de protec\u0163ia mediului \u00een agricultur\u0103.<\/span><\/div>\n[\/vc_column_text]<div class=\"vcex-module vcex-heading vcex-heading-plain vc_custom_1590915933011 wpex-rcss wpex-69e0bb5a1c370\" data-wpex-rcss='{\"font-size\":{\"d\":\"20px\",\"tl\":\"16px\",\"tp\":\"16px\",\"pl\":\"16px\",\"pp\":\"16px\"}}' data-wpex-uniqid='.wpex-69e0bb5a1c370' style=\"color:#ffffff;font-family:Open Sans;font-weight:700;\"><span class=\"vcex-heading-inner clr\">Obiectivele specializ\u0103rii<\/span><\/div>[vc_column_text css=&#8221;.vc_custom_1591522080771{padding-right: 20px !important;padding-left: 20px !important;}&#8221;]\n<p><span style=\"font-size: 16px;\">Obiectivele specializ\u0103rii au la baz\u0103 strategia de protec\u0163ia mediului, conceptele \u00een men\u0163inerea calit\u0103\u0163ii \u015fi eficien\u0163ei componentelor mediului \u00eenconjur\u0103tor. Abordarea integrat\u0103 a obictivelor specializ\u0103rii reflect\u0103 strategia de protec\u0163ia mediului \u00een care un rol important revine politicii de mediu \u00een agricultur\u0103, care s\u0103 corespund\u0103 situa\u0163iei sau conjuncturii interne \u015fi efectului ac\u0163iunii \u015fi responsabilit\u0103\u0163ii diferitelor segmente ale societ\u0103\u0163ii. Practica inginereasc\u0103 \u00een mediul agricol \u00ee\u015fi propune s\u0103 g\u0103seasc\u0103 solu\u0163ii care s\u0103 intervin\u0103 favorabil \u00een rela\u0163ia dintre activit\u0103\u0163ile umane \u015fi mediul \u00eenconjur\u0103tor, solu\u0163iile propuse urm\u00e2nd s\u0103 dezvolte efectele favorabile \u015fi s\u0103 minimalizeze impactul negativ asupra mediului. Acest obiectiv se realizeaz\u0103 prin practici, metode, tehnici \u015fi tehnologii la nivel conceptual \u015fi la nivel practic. Problemele de protec\u0163ia mediului au c\u0103p\u0103tat o prioritate deosebit\u0103, \u00eencep\u00e2nd cu tehnologiile ecologice de proces \u015fi termin\u00e2nd cu activitatea de monitoring a mediului. \u00cen aceast\u0103 direc\u0163ie, ingineria mediului \u00een agricultur\u0103 abordeaz\u0103 evaluarea impactului ecologic, reglement\u0103rile tehnice privind calitatea factorilor de mediu \u00een protec\u0163ia resurselor de ap\u0103, de aer \u015fi sol, criteriile de elaborare a unor tehnologii nepoluante \u015fi monitoringul mediului agricol. Toate acestea se vor reg\u0103si \u00eentr-o concep\u0163ie integrat\u0103 \u00een planul de \u00eenv\u0103\u0163\u0103m\u00e2nt al specializ\u0103rii propuse spre autorizare \u00een cadrul Facult\u0103\u0163ii de \u015etiin\u0163e Agricole, Inginerie Alimentar\u0103 \u015fi Protec\u0163ia Mediului. Scopul specializ\u0103rii Ingineria \u015fi Protec\u0163ia Mediului \u00een Agricultur\u0103 este acela de a reu\u015fi prin metode, tehnici, echipamente \u015fi tehnologii, s\u0103 coroboreze orice activitate uman\u0103 cu men\u0163inerea nealterat\u0103 a condi\u0163iilor de calitate ale mediului \u00eenconjur\u0103tor. Aceasta impune elaborarea unor limite pentru o serie de indicatori de calitate ce caracterizeaz\u0103 mediul agricol ca verig\u0103 a mediului \u00eenconjur\u0103tor. Toate activit\u0103\u0163ile umane sunt posibile surse de risc pentru mediul natural, inclusiv activitatea \u00een agricultur\u0103. Evaluarea integrat\u0103 a riscului este sistematic identificat\u0103 \u015fi analizat\u0103, astfel \u00eenc\u00e2t s\u0103 se poat\u0103 face op\u0163iuni ra\u0163ionale privind reducerea riscului, asigur\u00e2ndu-se o gestionare integrat\u0103 \u015fi sigur\u0103 a mediului. Studii la nivel regional, continental \u015fi planetar au identificat un num\u0103r de probleme majore ale mediului \u00eenconjur\u0103tor \u00een general \u015fi ale celui agricol \u00een special, care afecteaz\u0103 ansamblul componentelor de mediu \u015fi activitatea \u00een agricultur\u0103. Specializ\u0103rii Ingineria \u015fi Protec\u0163ia Mediului \u00een Agricultur\u0103 \u00eei revine sarcina ca, prin m\u0103suri concrete \u015fi prin multiplicarea activit\u0103\u0163ilor practice, s\u0103 diminueze impactul negativ al problemelor majore cu care se confrunt\u0103 mediul agricol. Problemele majore privind schimb\u0103rile climatice, poluarea atmosferei, managementul apelor, degradarea forestier\u0103, ca \u015fi probleme legate de reducerea impactului de\u015feurilor, reconstruc\u0163ia ecologic\u0103 \u00ee\u015fi g\u0103sesc solu\u0163ia \u00een monitorizarea evolu\u0163iei proceselor \u015fi fenomenelor, delimitarea zonelor afectate \u015fi eviden\u0163ierea pagubelor, adoptarea unor m\u0103suri \u015fi practici \u00een agricultur\u0103 care s\u0103 promoveze tehnologii eficiente \u015fi consum redus de resurse.<\/span><\/p>\n[\/vc_column_text][\/vc_column][\/vc_row]\n","protected":false},"excerpt":{"rendered":"<p>[vc_row css=&#8221;.vc_custom_1656325992977{background-color: #ffffff !important;}&#8221;][vc_column css=&#8221;.vc_custom_1590608742203{margin-right: 30px !important;}&#8221;][vc_row_inner remove_bottom_col_margin=&#8221;true&#8221; css=&#8221;.vc_custom_1591004325295{margin-right: 10px !important;}&#8221;][vc_column_inner][vc_column_text css=&#8221;.vc_custom_1594097629474{margin-bottom: 30px !important;margin-left: 10px !important;}&#8221;] Domeniul pentru studii universitare de licen\u021b\u0103: Ingineria mediului Durat\u0103: 4 ani\u00a0 Stadiul acredit\u0103rii: acreditat\u0103 Titlul ob\u021binut: inginer Admitere: 6 &#8211; 18 iulie 2020 Discipline&hellip;<\/p>\n","protected":false},"author":1,"featured_media":0,"parent":6229,"menu_order":0,"comment_status":"closed","ping_status":"closed","template":"","meta":{"footnotes":""},"class_list":["post-6428","page","type-page","status-publish","hentry","entry","no-media"],"_links":{"self":[{"href":"https:\/\/saiapm.ulbsibiu.ro\/index.php\/wp-json\/wp\/v2\/pages\/6428"}],"collection":[{"href":"https:\/\/saiapm.ulbsibiu.ro\/index.php\/wp-json\/wp\/v2\/pages"}],"about":[{"href":"https:\/\/saiapm.ulbsibiu.ro\/index.php\/wp-json\/wp\/v2\/types\/page"}],"author":[{"embeddable":true,"href":"https:\/\/saiapm.ulbsibiu.ro\/index.php\/wp-json\/wp\/v2\/users\/1"}],"replies":[{"embeddable":true,"href":"https:\/\/saiapm.ulbsibiu.ro\/index.php\/wp-json\/wp\/v2\/comments?post=6428"}],"version-history":[{"count":10,"href":"https:\/\/saiapm.ulbsibiu.ro\/index.php\/wp-json\/wp\/v2\/pages\/6428\/revisions"}],"predecessor-version":[{"id":7908,"href":"https:\/\/saiapm.ulbsibiu.ro\/index.php\/wp-json\/wp\/v2\/pages\/6428\/revisions\/7908"}],"up":[{"embeddable":true,"href":"https:\/\/saiapm.ulbsibiu.ro\/index.php\/wp-json\/wp\/v2\/pages\/6229"}],"wp:attachment":[{"href":"https:\/\/saiapm.ulbsibiu.ro\/index.php\/wp-json\/wp\/v2\/media?parent=6428"}],"curies":[{"name":"wp","href":"https:\/\/api.w.org\/{rel}","templated":true}]}}