{"id":6419,"date":"2020-06-07T08:00:52","date_gmt":"2020-06-07T08:00:52","guid":{"rendered":"http:\/\/saiapm.ulbsibiu.ro\/?page_id=6419"},"modified":"2022-06-27T10:26:15","modified_gmt":"2022-06-27T10:26:15","slug":"inginerie-si-management-in-alimentatie-publica-si-agroturism","status":"publish","type":"page","link":"https:\/\/saiapm.ulbsibiu.ro\/index.php\/specializari\/inginerie-si-management-in-alimentatie-publica-si-agroturism\/","title":{"rendered":"Inginerie \u015fi management \u00een alimenta\u0163ie public\u0103 \u015fi agroturism"},"content":{"rendered":"[vc_row css=&#8221;.vc_custom_1656325942442{background-color: #ffffff !important;}&#8221;][vc_column css=&#8221;.vc_custom_1590608742203{margin-right: 30px !important;}&#8221;]<div class=\"vcex-module vcex-heading vcex-heading-plain vc_custom_1591521023920 wpex-rcss wpex-69d1b8e2196b2\" data-wpex-rcss='{\"font-size\":{\"d\":\"40px\",\"tl\":\"20px\",\"tp\":\"20px\",\"pl\":\"20px\",\"pp\":\"20px\"}}' data-wpex-uniqid='.wpex-69d1b8e2196b2' style=\"color:#002f60;font-family:Open Sans;font-weight:700;\"><span class=\"vcex-heading-inner clr\">Inginerie \u0219i management \u00een alimenta\u021bia public\u0103 \u0219i agroturism<\/span><\/div><div class=\"vcex-module vcex-heading vcex-heading-plain vc_custom_1591519408326 wpex-rcss wpex-69d1b8e219799\" data-wpex-rcss='{\"font-size\":{\"d\":\"16px\",\"tl\":\"16px\",\"tp\":\"16px\",\"pl\":\"16px\",\"pp\":\"16px\"}}' data-wpex-uniqid='.wpex-69d1b8e219799' style=\"color:#002f60;font-family:Open Sans;font-weight:700;\"><span class=\"vcex-heading-inner clr\">\u00cenv\u0103\u021b\u0103m\u00e2nt cu frecven\u021b\u0103 (ZI)<\/span><\/div>[vc_row_inner remove_bottom_col_margin=&#8221;true&#8221; css=&#8221;.vc_custom_1591004325295{margin-right: 10px !important;}&#8221;][vc_column_inner]<div class=\"vcex-module vcex-heading vcex-heading-plain vc_custom_1590915896738 wpex-rcss wpex-69d1b8e219823\" data-wpex-rcss='{\"font-size\":{\"d\":\"20px\",\"tl\":\"16px\",\"tp\":\"16px\",\"pl\":\"16px\",\"pp\":\"16px\"}}' data-wpex-uniqid='.wpex-69d1b8e219823' style=\"color:#ffffff;font-family:Open Sans;font-weight:700;\"><span class=\"vcex-heading-inner clr\">Date generale<\/span><\/div>[vc_column_text css=&#8221;.vc_custom_1625766114811{margin-bottom: 30px !important;margin-left: 10px !important;}&#8221;]\n<ul>\n<li><span style=\"font-family: 'Open Sans'; font-size: 14px; color: #000000;\"><strong>Domeniul pentru studii universitare de licen\u021b\u0103:<\/strong> Inginerie \u0219i management \u00een agricultur\u0103 \u0219i dezvoltare rural\u0103<\/span><\/li>\n<li><span style=\"font-family: 'Open Sans'; font-size: 14px; color: #000000;\"><strong>Durat\u0103:<\/strong> 4 ani\u00a0<\/span><\/li>\n<li><span style=\"font-family: 'Open Sans'; font-size: 14px; color: #000000;\"><strong>Stadiul acredit\u0103rii:<\/strong> acreditat\u0103<\/span><\/li>\n<li><span style=\"font-family: 'Open Sans'; font-size: 14px; color: #000000;\"><strong>Titlul ob\u021binut:<\/strong> inginer diplomat<\/span><\/li>\n<\/ul>\n[\/vc_column_text][\/vc_column_inner][\/vc_row_inner]<div class=\"vcex-module vcex-heading vcex-heading-plain vc_custom_1590915920794 wpex-rcss wpex-69d1b8e2198a4\" data-wpex-rcss='{\"font-size\":{\"d\":\"20px\",\"tl\":\"16px\",\"tp\":\"16px\",\"pl\":\"16px\",\"pp\":\"16px\"}}' data-wpex-uniqid='.wpex-69d1b8e2198a4' style=\"color:#ffffff;font-family:Open Sans;font-weight:700;\"><span class=\"vcex-heading-inner clr\">Misiunea specializ\u0103rii<\/span><\/div>[vc_column_text css=&#8221;.vc_custom_1591521052462{margin-bottom: 30px !important;padding-right: 20px !important;padding-left: 20px !important;}&#8221;]\n<div align=\"justify\">Specializarea\u00a0<strong><em>Inginerie \u015fi Management in alimenta\u0163ia public\u0103 \u015fi agroturism<\/em><\/strong>\u00a0urm\u0103re\u015fte formarea inginerilor prin studii interdisciplinare, \u00een domeniile ingineriei alimentare, economiei, managementului, agroturismului \u015fi afacerilor, \u00een concordan\u0163\u0103 cu ultimele realiz\u0103ri pe plan mondial. Ei pot deveni speciali\u015fti cu o mare deschidere pentru activit\u0103\u0163ile de produc\u0163ie, administra\u0163ie, strategie, marketing, personal din cadrul firmelor de alimenta\u0163iei publice \u015fi agroturismului.<\/div>\n[\/vc_column_text]<div class=\"vcex-module vcex-heading vcex-heading-plain vc_custom_1590915933011 wpex-rcss wpex-69d1b8e219924\" data-wpex-rcss='{\"font-size\":{\"d\":\"20px\",\"tl\":\"16px\",\"tp\":\"16px\",\"pl\":\"16px\",\"pp\":\"16px\"}}' data-wpex-uniqid='.wpex-69d1b8e219924' style=\"color:#ffffff;font-family:Open Sans;font-weight:700;\"><span class=\"vcex-heading-inner clr\">Obiectivele specializ\u0103rii<\/span><\/div>[vc_column_text css=&#8221;.vc_custom_1591521073006{padding-right: 20px !important;padding-left: 20px !important;}&#8221;]\n<p>Domeniul:\u00a0<strong><em>Inginerie \u015fi management \u00een agricultur\u0103 \u015fi dezvoltare rural\u0103<\/em><\/strong>\u00a0\u00eempreun\u0103 cu specializarea:\u00a0<strong><em>Inginerie \u015fi management \u00een alimenta\u0163ia public\u0103 \u015fi agroturism<\/em><\/strong>\u00a0au ca obiectiv formarea de speciali\u015fti \u00een tehnologiile de ob\u0163inere a alimentelor pentru unit\u0103\u0163ile de alimenta\u0163ie public\u0103, \u00een managementul asigur\u0103rii calit\u0103\u0163ii acestor alimente, \u00een strategii de marketing, personal \u015fi administrare a firmelor din domeniul alimenta\u0163iei publice \u015fi agroturismului.<\/p>\n<p>Pentru preg\u0103tirea alimentelor sunt necesare cuno\u015ftin\u0163e de nutri\u0163ie, de tehnologii de preparare a alimentelor, a tehnologiilor \u015fi principiilor de procesare minim\u0103, de inocuitate a produselor alimentare. \u00cen felul acesta vor fi capabili s\u0103 ob\u0163in\u0103 alimente func\u0163ionale, produse dietetice, s\u0103 elaboreze alimente de tip bio \u015fi eco, alimente cu anumite caracteristici senzoriale dorite, contribuind la diversificarea ofertei de alimente \u015fi ob\u0163inerea de produse performante. \u00a0\u00a0\u00a0\u00a0\u00a0\u00a0\u00a0 Studierea tradi\u0163iilor, a specificit\u0103\u0163ii turismului rural, a activit\u0103\u0163ilor \u015fi serviciilor ce pot fi oferite, a construc\u0163iilor specifice diferitelor zone, a exigen\u0163elor cerute de amenaj\u0103rile agroturisrice le va permite absolven\u0163ilor s\u0103 ofere clien\u0163ilor servicii de calitate \u015fi s\u0103 asigure rentabilitatea firmelor. Latura economic\u0103 a acestor \u00eentreprinderi este de o deosebit\u0103 importan\u0163\u0103 \u015fi aceasta se asigur\u0103 prin completarea cuno\u015ftin\u015felor cu aceste aspecte.<\/p>\n<p>Astfel, planul de \u00eenv\u0103\u0163\u0103m\u00e2nt cuprinde aceast\u0103 formare \u00een etape. Categoria de \u015ftiin\u0163e aplicate \u00eentrege\u015fte preg\u0103tirea fundamental\u0103 realizat\u0103 prin disciplinele: analiz\u0103 matematic\u0103, statistic\u0103, fizic\u0103, management general, marketing general, chimie anorganic\u0103 \u015fi analitic\u0103, biochimie, programare, grafic\u0103 computerizat\u0103, bazele economiei.<\/p>\n<p>Preg\u0103tirea \u00een domeniu se realizeaz\u0103 prin discipline cum sunt: chimia alimentelor, agrochimie, topografie, agrotehnic\u0103, economie agroalimentar\u0103, contabilitate, finan\u0163are \u015fi creditare, managementul produc\u0163iei, catering, analiz\u0103 economic\u0103-financiar\u0103, managementul calit\u0103\u0163ii, managementul resurselor umane, activit\u0103\u0163i \u015fi servicii agroturistice.<\/p>\n<p>\u00cen categoria disciplinelor de specialitate intr\u0103 dou\u0103 tipuri de discipline, subliniind aspectul de aspecializare dubl\u0103 a absolven\u0163ilor:\u00a0<\/p>\n<p>\u2013 pe de o parte\u00a0<em>latura economic\u0103, managerial\u0103 \u015fi legislativ\u0103<\/em>: managementul proiectelor \u00een alimenta\u0163ie public\u0103 \u015fi agroturism, economie agroturistic\u0103, turism rural, agroturism \u015fi ecoturism, marketing \u00een alimenta\u0163ie public\u0103 \u015fi agroturism, managementul afacerilor, comportamentul \u015fi protec\u0163ia consumatorului;<\/p>\n<p>\u2013 pe de alt\u0103 parte\u00a0<em>latura tehnologic\u0103 \u015fi de alimenta\u0163ie<\/em>: microbiologia alimentelor, gastronomie, igien\u0103 alimentar\u0103, \u00a0tehnici culinare \u015fi produse de patiserie, tehnologia \u015fi valorificarea b\u0103uturilor, tehnologia \u015fi valorificarea produselor de origine animal\u0103, produse de cofet\u0103rie \u00een alimenta\u0163ia public\u0103, ambalaje \u015fi design, utilaje pentru alimenta\u0163ie public\u0103, activit\u0103\u0163i \u015fi servicii agroturistice, turirsm rural, turism \u015fi rela\u0163ii interna\u0163ional\u0103.<\/p>\n[\/vc_column_text][\/vc_column][\/vc_row]\n","protected":false},"excerpt":{"rendered":"<p>[vc_row css=&#8221;.vc_custom_1656325942442{background-color: #ffffff !important;}&#8221;][vc_column css=&#8221;.vc_custom_1590608742203{margin-right: 30px !important;}&#8221;][vc_row_inner remove_bottom_col_margin=&#8221;true&#8221; css=&#8221;.vc_custom_1591004325295{margin-right: 10px !important;}&#8221;][vc_column_inner][vc_column_text css=&#8221;.vc_custom_1625766114811{margin-bottom: 30px !important;margin-left: 10px !important;}&#8221;] Domeniul pentru studii universitare de licen\u021b\u0103: Inginerie \u0219i management \u00een agricultur\u0103 \u0219i dezvoltare rural\u0103 Durat\u0103: 4 ani\u00a0 Stadiul acredit\u0103rii: acreditat\u0103 Titlul ob\u021binut: inginer diplomat&hellip;<\/p>\n","protected":false},"author":1,"featured_media":0,"parent":6229,"menu_order":0,"comment_status":"closed","ping_status":"closed","template":"","meta":{"footnotes":""},"class_list":["post-6419","page","type-page","status-publish","hentry","entry","no-media"],"_links":{"self":[{"href":"https:\/\/saiapm.ulbsibiu.ro\/index.php\/wp-json\/wp\/v2\/pages\/6419"}],"collection":[{"href":"https:\/\/saiapm.ulbsibiu.ro\/index.php\/wp-json\/wp\/v2\/pages"}],"about":[{"href":"https:\/\/saiapm.ulbsibiu.ro\/index.php\/wp-json\/wp\/v2\/types\/page"}],"author":[{"embeddable":true,"href":"https:\/\/saiapm.ulbsibiu.ro\/index.php\/wp-json\/wp\/v2\/users\/1"}],"replies":[{"embeddable":true,"href":"https:\/\/saiapm.ulbsibiu.ro\/index.php\/wp-json\/wp\/v2\/comments?post=6419"}],"version-history":[{"count":13,"href":"https:\/\/saiapm.ulbsibiu.ro\/index.php\/wp-json\/wp\/v2\/pages\/6419\/revisions"}],"predecessor-version":[{"id":7907,"href":"https:\/\/saiapm.ulbsibiu.ro\/index.php\/wp-json\/wp\/v2\/pages\/6419\/revisions\/7907"}],"up":[{"embeddable":true,"href":"https:\/\/saiapm.ulbsibiu.ro\/index.php\/wp-json\/wp\/v2\/pages\/6229"}],"wp:attachment":[{"href":"https:\/\/saiapm.ulbsibiu.ro\/index.php\/wp-json\/wp\/v2\/media?parent=6419"}],"curies":[{"name":"wp","href":"https:\/\/api.w.org\/{rel}","templated":true}]}}