{"id":6415,"date":"2020-06-07T07:48:18","date_gmt":"2020-06-07T07:48:18","guid":{"rendered":"http:\/\/saiapm.ulbsibiu.ro\/?page_id=6415"},"modified":"2022-06-27T10:25:30","modified_gmt":"2022-06-27T10:25:30","slug":"controlul-si-expertiza-produselor-alimentare","status":"publish","type":"page","link":"https:\/\/saiapm.ulbsibiu.ro\/index.php\/specializari\/controlul-si-expertiza-produselor-alimentare\/","title":{"rendered":"Controlul \u0219i expertiza produselor alimentare"},"content":{"rendered":"[vc_row css=&#8221;.vc_custom_1656325877754{background-color: #ffffff !important;}&#8221;][vc_column css=&#8221;.vc_custom_1590608742203{margin-right: 30px !important;}&#8221;]<div class=\"vcex-module vcex-heading vcex-heading-plain vc_custom_1591520223622 wpex-rcss wpex-69edc48766ee8\" data-wpex-rcss='{\"font-size\":{\"d\":\"40px\",\"tl\":\"20px\",\"tp\":\"20px\",\"pl\":\"20px\",\"pp\":\"20px\"}}' data-wpex-uniqid='.wpex-69edc48766ee8' style=\"color:#002f60;font-family:Open Sans;font-weight:700;\"><span class=\"vcex-heading-inner clr\">Controlul \u0219i expertiza produselor alimentare<\/span><\/div><div class=\"vcex-module vcex-heading vcex-heading-plain vc_custom_1591519408326 wpex-rcss wpex-69edc48766fd6\" data-wpex-rcss='{\"font-size\":{\"d\":\"16px\",\"tl\":\"16px\",\"tp\":\"16px\",\"pl\":\"16px\",\"pp\":\"16px\"}}' data-wpex-uniqid='.wpex-69edc48766fd6' style=\"color:#002f60;font-family:Open Sans;font-weight:700;\"><span class=\"vcex-heading-inner clr\">\u00cenv\u0103\u021b\u0103m\u00e2nt cu frecven\u021b\u0103 (ZI)<\/span><\/div>[vc_row_inner remove_bottom_col_margin=&#8221;true&#8221; css=&#8221;.vc_custom_1591004325295{margin-right: 10px !important;}&#8221;][vc_column_inner]<div class=\"vcex-module vcex-heading vcex-heading-plain vc_custom_1590915896738 wpex-rcss wpex-69edc48767080\" data-wpex-rcss='{\"font-size\":{\"d\":\"20px\",\"tl\":\"16px\",\"tp\":\"16px\",\"pl\":\"16px\",\"pp\":\"16px\"}}' data-wpex-uniqid='.wpex-69edc48767080' style=\"color:#ffffff;font-family:Open Sans;font-weight:700;\"><span class=\"vcex-heading-inner clr\">Date generale<\/span><\/div>[vc_column_text css=&#8221;.vc_custom_1625765959165{margin-bottom: 30px !important;margin-left: 10px !important;}&#8221;]\n<ul>\n<li><span style=\"font-family: 'Open Sans'; font-size: 14px; color: #000000;\"><strong>Domeniul pentru studii universitare de licen\u021b\u0103:<\/strong> Ingineria produselor alimentare<\/span><\/li>\n<li><span style=\"font-family: 'Open Sans'; font-size: 14px; color: #000000;\"><strong>Durat\u0103:<\/strong> 4 ani\u00a0<\/span><\/li>\n<li><span style=\"font-family: 'Open Sans'; font-size: 14px; color: #000000;\"><strong>Stadiul acredit\u0103rii:<\/strong> acreditat\u0103<\/span><\/li>\n<li><span style=\"font-family: 'Open Sans'; font-size: 14px; color: #000000;\"><strong>Titlul ob\u021binut:<\/strong> inginer<\/span><\/li>\n<\/ul>\n[\/vc_column_text][\/vc_column_inner][\/vc_row_inner]<div class=\"vcex-module vcex-heading vcex-heading-plain vc_custom_1590915920794 wpex-rcss wpex-69edc48767109\" data-wpex-rcss='{\"font-size\":{\"d\":\"20px\",\"tl\":\"16px\",\"tp\":\"16px\",\"pl\":\"16px\",\"pp\":\"16px\"}}' data-wpex-uniqid='.wpex-69edc48767109' style=\"color:#ffffff;font-family:Open Sans;font-weight:700;\"><span class=\"vcex-heading-inner clr\">Misiunea specializ\u0103rii<\/span><\/div>[vc_column_text css=&#8221;.vc_custom_1591520263256{margin-bottom: 30px !important;padding-right: 20px !important;padding-left: 20px !important;}&#8221;]\n<div align=\"justify\">\n<div align=\"justify\">Specializarea \u201cControlul \u015fi expertiza produselor alimentare\u201d are drept scop preg\u0103tirea speciali\u015ftilor cu studii superioare \u2013 ingineri \u2013 \u00een domeniul industriei alimentare. preg\u0103tirea teoretic\u0103 \u015fi practic\u0103 pe care o vor primi , conform disciplinelor din planurile de \u00eenv\u0103\u0163\u0103m\u00e2nt, asigur\u0103 absolven\u0163ilor posibilitatea desf\u0103\u015fur\u0103rii activit\u0103\u0163ii ulterioare \u00een calitate de:<\/div>\n<div align=\"justify\">-ingineri \u00een domeniul controlului produc\u0163ie de produse alimentare, capabili s\u0103 stabileasc\u0103 pe baza cuno\u015ftin\u0163elor tehnice, tehnologice \u015fi de control, o schem\u0103 de control a fabrica\u0163iei \u015fi s\u0103 asigure monitorizarea parametrilor, care determin\u0103 calitatea produselor alimenatre;<\/div>\n<div align=\"justify\">-ingineri de control a calit\u0103\u0163ii produselor alimentare \u00een cadrul compartimentelor care asigur\u0103 Managementul calit\u0103\u0163ii din unit\u0103\u0163ile de industrie alimentar\u0103<\/div>\n<div align=\"justify\">-ingineri \u00een domeniul controlului calit\u0103\u0163ii produselor alimentare \u015fi expertiz\u0103rii alimentelor \u00een diferite organisme ce au drept obiectiv asigurarea calit\u0103\u0163ii \u015fi siguran\u0163ei alimentelor : Direc\u0163ia Sanitar Veterinar\u0103, Inspectoratul Jude\u0163ean de Poli\u0163ie Sanitar\u0103, Protec\u0163ia consumatorului.<\/div>\n<\/div>\n[\/vc_column_text]<div class=\"vcex-module vcex-heading vcex-heading-plain vc_custom_1590915933011 wpex-rcss wpex-69edc48767189\" data-wpex-rcss='{\"font-size\":{\"d\":\"20px\",\"tl\":\"16px\",\"tp\":\"16px\",\"pl\":\"16px\",\"pp\":\"16px\"}}' data-wpex-uniqid='.wpex-69edc48767189' style=\"color:#ffffff;font-family:Open Sans;font-weight:700;\"><span class=\"vcex-heading-inner clr\">Obiectivele specializ\u0103rii<\/span><\/div>[vc_column_text css=&#8221;.vc_custom_1591520288759{padding-right: 20px !important;padding-left: 20px !important;}&#8221;]\n<div align=\"justify\">Domeniul Inginerii Alimentare, specializarea Controlul \u015fi Expertiza Produselor Alimentare, are ca obiectiv \u00eendeplinirea misiunii de a forma, \u00een ciclu lung, speciali\u015fti orienta\u0163i spre controlul produc\u0163iei de alimente \u015fi pe controlul \u015fi expertizarea alimentelor<\/div>\n<div align=\"justify\">Specializarea Controlul \u015fi Expertiza Produselor Alimentare, d\u0103 studen\u0163ilor, dup\u0103 patru ani, cuno\u015ftinte profesionale necesare pentru a fi capabili s\u0103 st\u0103p\u00e2neasc\u0103 Tehnologia \u015fi controlul produc\u0163ie \u015fi a calit\u0103\u0163ii produselor finite \u00een trei domenii ale industriei alimentare de asemenea prin cuno\u015ftin\u0163ele de Contamina\u0163i ai produselor alimentare, Aditivi, sunt capabili s\u0103 Controleze \u015fi s\u0103 expertizeze produsele alimentare. \u00cen acest sens planul de \u00eenv\u0103\u0163\u0103m\u00e2nt cuprinde, \u00een etape, formarea complex\u0103 a acestui specialist. Categoria de \u015ftiin\u0163e aplicate \u00eentrege\u015fte preg\u0103tirea fundamental\u0103 prin disciplinele: matematic\u0103, fizic\u0103, chimie, desen tehnic, programarea calculatoarelor. Cultura tehnic\u0103 general\u0103 este format\u0103 prin discipline tehnice de profil care constitue o experien\u0163\u0103 integrat\u0103 \u00een disciplinele de specialitate.<\/div>\n[\/vc_column_text][\/vc_column][\/vc_row]\n","protected":false},"excerpt":{"rendered":"<p>[vc_row css=&#8221;.vc_custom_1656325877754{background-color: #ffffff !important;}&#8221;][vc_column css=&#8221;.vc_custom_1590608742203{margin-right: 30px !important;}&#8221;][vc_row_inner remove_bottom_col_margin=&#8221;true&#8221; css=&#8221;.vc_custom_1591004325295{margin-right: 10px !important;}&#8221;][vc_column_inner][vc_column_text css=&#8221;.vc_custom_1625765959165{margin-bottom: 30px !important;margin-left: 10px !important;}&#8221;] Domeniul pentru studii universitare de licen\u021b\u0103: Ingineria produselor alimentare Durat\u0103: 4 ani\u00a0 Stadiul acredit\u0103rii: acreditat\u0103 Titlul ob\u021binut: inginer [\/vc_column_text][\/vc_column_inner][\/vc_row_inner][vc_column_text css=&#8221;.vc_custom_1591520263256{margin-bottom: 30px !important;padding-right: 20px !important;padding-left:&hellip;<\/p>\n","protected":false},"author":1,"featured_media":0,"parent":6229,"menu_order":0,"comment_status":"closed","ping_status":"closed","template":"","meta":{"footnotes":""},"class_list":["post-6415","page","type-page","status-publish","hentry","entry","no-media"],"_links":{"self":[{"href":"https:\/\/saiapm.ulbsibiu.ro\/index.php\/wp-json\/wp\/v2\/pages\/6415"}],"collection":[{"href":"https:\/\/saiapm.ulbsibiu.ro\/index.php\/wp-json\/wp\/v2\/pages"}],"about":[{"href":"https:\/\/saiapm.ulbsibiu.ro\/index.php\/wp-json\/wp\/v2\/types\/page"}],"author":[{"embeddable":true,"href":"https:\/\/saiapm.ulbsibiu.ro\/index.php\/wp-json\/wp\/v2\/users\/1"}],"replies":[{"embeddable":true,"href":"https:\/\/saiapm.ulbsibiu.ro\/index.php\/wp-json\/wp\/v2\/comments?post=6415"}],"version-history":[{"count":12,"href":"https:\/\/saiapm.ulbsibiu.ro\/index.php\/wp-json\/wp\/v2\/pages\/6415\/revisions"}],"predecessor-version":[{"id":7906,"href":"https:\/\/saiapm.ulbsibiu.ro\/index.php\/wp-json\/wp\/v2\/pages\/6415\/revisions\/7906"}],"up":[{"embeddable":true,"href":"https:\/\/saiapm.ulbsibiu.ro\/index.php\/wp-json\/wp\/v2\/pages\/6229"}],"wp:attachment":[{"href":"https:\/\/saiapm.ulbsibiu.ro\/index.php\/wp-json\/wp\/v2\/media?parent=6415"}],"curies":[{"name":"wp","href":"https:\/\/api.w.org\/{rel}","templated":true}]}}