{"id":6293,"date":"2020-05-30T18:51:48","date_gmt":"2020-05-30T18:51:48","guid":{"rendered":"http:\/\/saiapm.ulbsibiu.ro\/?page_id=6293"},"modified":"2025-10-12T06:22:28","modified_gmt":"2025-10-12T06:22:28","slug":"membri","status":"publish","type":"page","link":"https:\/\/saiapm.ulbsibiu.ro\/index.php\/consiliul-facultatii\/membri\/","title":{"rendered":"Consiliul facult\u0103\u021bii &#8211; membrii"},"content":{"rendered":"[vc_row][vc_column]<div class=\"vcex-module vcex-heading vcex-heading-plain vc_custom_1590864484859\"><span class=\"vcex-heading-inner clr\">Membrii Consiliului Facult\u0103\u021bii<\/span><\/div>[vc_column_text css=&#8221;.vc_custom_1715848261259{margin-top: 20px !important;}&#8221;]\n<div class=\"wpb_text_column wpb_content_element  vc_custom_1518880684011\">\n<div class=\"wpb_wrapper\">\n<div class=\"wpb_text_column wpb_content_element  vc_custom_1538331757490\">\n<div class=\"wpb_wrapper\">\n<div><span style=\"color: #000000;\">Prof. univ. dr. ing.\u00a0 Ovidiu TI\u021aA<\/span><\/div>\n<div><span style=\"color: #000000;\">Prof. univ. dr.\u00a0bioch. Simona\u00a0OANCEA<\/span><\/div>\n<div><span style=\"color: #000000;\">Prof. univ. dr. ing. Mirela STANCIU<\/span><\/div>\n<div><span style=\"color: #000000;\">Conf. univ. dr. chim. Cecilia GEORGESCU<\/span><\/div>\n<div><span style=\"color: #000000;\">Conf. univ. dr. ing. \u00a0Ion Dan MIRONESCU<\/span><\/div>\n<div><span style=\"color: #000000;\">\u0218ef lucr\u0103ri dr. ing. Ciprian C\u0102P\u0102\u021a\u00c2N\u0102<\/span><\/div>\n<div><span style=\"color: #000000;\">\u0218ef lucr\u0103ri dr. ing. Mihai OGNEAN<\/span><\/div>\n<div><span style=\"color: #000000;\">\u0218ef lucr\u0103ri dr. ing. Cristina DANCIU<\/span><\/div>\n<div>\u00a0<\/div>\n<div>Studen\u021bi:<\/div>\n<div style=\"padding-left: 40px;\"><span style=\"color: #000000;\">Alexandru Daniel SLEVA\u0218<\/span><\/div>\n<div style=\"padding-left: 40px;\"><span style=\"color: #000000;\">Maria Loredana FARCA\u0218<\/span><\/div>\n<div style=\"padding-left: 40px;\"><span style=\"color: #000000;\">Timeea BRAN<\/span><\/div>\n<\/div>\n<\/div>\n<\/div>\n<\/div>\n[\/vc_column_text][\/vc_column][\/vc_row]\n","protected":false},"excerpt":{"rendered":"<p>[vc_row][vc_column][vc_column_text css=&#8221;.vc_custom_1715848261259{margin-top: 20px !important;}&#8221;] Prof. univ. dr. ing.\u00a0 Ovidiu TI\u021aA Prof. univ. dr.\u00a0bioch. Simona\u00a0OANCEA Prof. univ. dr. ing. Mirela STANCIU Conf. univ. dr. chim. Cecilia GEORGESCU Conf. univ. dr. ing. \u00a0Ion Dan MIRONESCU \u0218ef lucr\u0103ri dr. ing. Ciprian C\u0102P\u0102\u021a\u00c2N\u0102 \u0218ef&hellip;<\/p>\n","protected":false},"author":1,"featured_media":0,"parent":6095,"menu_order":0,"comment_status":"closed","ping_status":"closed","template":"","meta":{"footnotes":""},"class_list":["post-6293","page","type-page","status-publish","hentry","entry","no-media"],"_links":{"self":[{"href":"https:\/\/saiapm.ulbsibiu.ro\/index.php\/wp-json\/wp\/v2\/pages\/6293"}],"collection":[{"href":"https:\/\/saiapm.ulbsibiu.ro\/index.php\/wp-json\/wp\/v2\/pages"}],"about":[{"href":"https:\/\/saiapm.ulbsibiu.ro\/index.php\/wp-json\/wp\/v2\/types\/page"}],"author":[{"embeddable":true,"href":"https:\/\/saiapm.ulbsibiu.ro\/index.php\/wp-json\/wp\/v2\/users\/1"}],"replies":[{"embeddable":true,"href":"https:\/\/saiapm.ulbsibiu.ro\/index.php\/wp-json\/wp\/v2\/comments?post=6293"}],"version-history":[{"count":6,"href":"https:\/\/saiapm.ulbsibiu.ro\/index.php\/wp-json\/wp\/v2\/pages\/6293\/revisions"}],"predecessor-version":[{"id":10778,"href":"https:\/\/saiapm.ulbsibiu.ro\/index.php\/wp-json\/wp\/v2\/pages\/6293\/revisions\/10778"}],"up":[{"embeddable":true,"href":"https:\/\/saiapm.ulbsibiu.ro\/index.php\/wp-json\/wp\/v2\/pages\/6095"}],"wp:attachment":[{"href":"https:\/\/saiapm.ulbsibiu.ro\/index.php\/wp-json\/wp\/v2\/media?parent=6293"}],"curies":[{"name":"wp","href":"https:\/\/api.w.org\/{rel}","templated":true}]}}