{"id":6264,"date":"2020-05-29T20:31:40","date_gmt":"2020-05-29T20:31:40","guid":{"rendered":"http:\/\/saiapm.ulbsibiu.ro\/?page_id=6264"},"modified":"2021-07-08T18:17:21","modified_gmt":"2021-07-08T18:17:21","slug":"master-mpmagr","status":"publish","type":"page","link":"https:\/\/saiapm.ulbsibiu.ro\/index.php\/specializari\/master-mpmagr\/","title":{"rendered":"MPMAgr"},"content":{"rendered":"[vc_row css=&#8221;.vc_custom_1590605396414{margin-top: 20px !important;}&#8221;][vc_column css=&#8221;.vc_custom_1590608742203{margin-right: 30px !important;}&#8221;][vc_column_text]\n<p><span style=\"font-family: 'Open Sans'; font-size: 14px;\"><span style=\"color: #333333;\"><a style=\"color: #333333;\" href=\"http:\/\/saiapm.ulbsibiu.ro\">Acas\u0103<\/a>\u00a0 \u00a0&gt;<\/span>\u00a0 <span style=\"color: #002f60;\">Studii de masterat<\/span><\/span><\/p>\n[\/vc_column_text][vc_row_inner css=&#8221;.vc_custom_1590610032451{margin-top: 30px !important;}&#8221;][vc_column_inner]<div class=\"vcex-module vcex-heading vcex-heading-plain wpex-rcss wpex-69e828484b823\" data-wpex-rcss='{\"font-size\":{\"d\":\"30px\",\"tl\":\"16px\",\"tp\":\"16px\",\"pl\":\"16px\",\"pp\":\"16px\"}}' data-wpex-uniqid='.wpex-69e828484b823' style=\"color:#000000;font-family:Arial, Helvetica, sans-serif;font-weight:700;\"><span class=\"vcex-heading-inner clr\">Managementul protec\u021biei mediului agricol<\/span><\/div>[vc_column_text css=&#8221;.vc_custom_1590788518759{margin-top: 20px !important;margin-right: 20px !important;}&#8221;]\n<div align=\"justify\">\n<div class=\"subsep\">\n<p><span style=\"font-size: 16px;\">Prin cuno\u015ftin\u0163ele dob\u00e2ndite, absolven\u0163ii programului de studiu de master \u201d<strong>MANAGEMENTUL PROTEC\u021aIEI MEDIULUI AGRICOL<\/strong>\u201d \u00a0pot s\u0103 rezolve probleme legate de gestiunea durabil\u0103 a mediului, contribuind la o mai bun\u0103 aplicare a celor mai performante \u015fi prietenoase tehnologii pentru mediu.\u00a0<\/span><\/p>\n<p><span style=\"font-size: 16px;\">Acest program de maser vine \u00een sprijinul integr\u0103rii activit\u0103\u0163ilor economice \u015fi de protec\u0163ia mediului, conform acquis-ului comunitar. Absolven\u0163ii sunt preg\u0103ti\u0163i \u015fi pentru scrierea \u015fi implementarea unor proiecte menite s\u0103 conduc\u0103 la absorb\u0163ia fondurilor comunitare pentru protec\u0163ia mediului \u0219i managementul agroecosistemelor.<\/span><\/p>\n<p><span style=\"font-size: 16px;\">Disciplinele din planul de \u00eenv\u0103\u0163\u0103m\u00e2nt al\u00a0 programului, au ca scop major transmiterea de cuno\u015ftin\u0163e cu privire la politicile de mediu, aspecte economice utilizate \u00een abordarea problemelor din acest domeniu, prevenirea \u015fi combaterea polu\u0103rii mediului \u015fi monitorizarea factorilor de mediu, contribuind astfel la dezvoltarea competen\u0163elor manageriale ale absolven\u0163ilor.<\/span><\/p>\n<p><span style=\"font-size: 16px;\">Absolven\u0163ii pot g\u0103si cadrul potrivit pentru aplicarea cuno\u015ftin\u0163elor \u00een institu\u0163ii de tipul: Inspectorate \u015fi Agen\u0163ii de Protec\u0163ia Mediului,\u00a0 Garda de mediu, unit\u0103\u0163i specializate \u00een elaborarea de bilan\u0163uri de mediu \u015fi studii de impact, sta\u0163ii de tratare \u015fi epurare a apelor, compartimente de protec\u0163ia mediului de la agen\u021bi economici, laboratoare fixe \u015fi mobile de monitorizare a factorilor de mediu, unit\u0103\u0163i de cercetare, O.N.G.-uri, firme de consultan\u0163\u0103 \u00een domeniul managementului ariilor protejate, conservarii biodiversit\u0103\u021bii \u0219i protec\u0163iei mediului.<\/span><\/p>\n<p><span style=\"font-size: 16px;\">Durata studiilor de master este de 4 semestre (2 ani), av\u00e2nd un num\u0103r de 120 credite.<\/span><\/p>\n<\/div>\n<h4 align=\"justify\"><span style=\"font-size: 16px;\"><a href=\"http:\/\/saiapm.ulbsibiu.ro\/Docs\/Planuri_invatamant\/PI_MPMA_AGR.pdf\"><span class=\"ws8\" style=\"color: #000000; font-family: Tahoma;\"><img loading=\"lazy\" decoding=\"async\" class=\"alignnone size-full wp-image-1195\" src=\"http:\/\/saiapm.ulbsibiu.ro\/wp-content\/uploads\/2016\/10\/pdfdoc.gif\" alt=\"\" width=\"16\" height=\"16\" \/>\u00a0Plan de \u00eenv\u0103\u0163\u0103m\u00e2nt<\/span><\/a><\/span><\/h4>\n<\/div>\n<div>\u00a0<\/div>\n[\/vc_column_text][\/vc_column_inner][\/vc_row_inner][\/vc_column][\/vc_row]\n","protected":false},"excerpt":{"rendered":"<p>[vc_row css=&#8221;.vc_custom_1590605396414{margin-top: 20px !important;}&#8221;][vc_column css=&#8221;.vc_custom_1590608742203{margin-right: 30px !important;}&#8221;][vc_column_text] Acas\u0103\u00a0 \u00a0&gt;\u00a0 Studii de masterat [\/vc_column_text][vc_row_inner css=&#8221;.vc_custom_1590610032451{margin-top: 30px !important;}&#8221;][vc_column_inner][vc_column_text css=&#8221;.vc_custom_1590788518759{margin-top: 20px !important;margin-right: 20px !important;}&#8221;] Prin cuno\u015ftin\u0163ele dob\u00e2ndite, absolven\u0163ii programului de studiu de master \u201dMANAGEMENTUL PROTEC\u021aIEI MEDIULUI AGRICOL\u201d \u00a0pot s\u0103 rezolve probleme legate de&hellip;<\/p>\n","protected":false},"author":1,"featured_media":0,"parent":6229,"menu_order":0,"comment_status":"closed","ping_status":"closed","template":"","meta":{"footnotes":""},"class_list":["post-6264","page","type-page","status-publish","hentry","entry","no-media"],"_links":{"self":[{"href":"https:\/\/saiapm.ulbsibiu.ro\/index.php\/wp-json\/wp\/v2\/pages\/6264"}],"collection":[{"href":"https:\/\/saiapm.ulbsibiu.ro\/index.php\/wp-json\/wp\/v2\/pages"}],"about":[{"href":"https:\/\/saiapm.ulbsibiu.ro\/index.php\/wp-json\/wp\/v2\/types\/page"}],"author":[{"embeddable":true,"href":"https:\/\/saiapm.ulbsibiu.ro\/index.php\/wp-json\/wp\/v2\/users\/1"}],"replies":[{"embeddable":true,"href":"https:\/\/saiapm.ulbsibiu.ro\/index.php\/wp-json\/wp\/v2\/comments?post=6264"}],"version-history":[{"count":4,"href":"https:\/\/saiapm.ulbsibiu.ro\/index.php\/wp-json\/wp\/v2\/pages\/6264\/revisions"}],"predecessor-version":[{"id":7264,"href":"https:\/\/saiapm.ulbsibiu.ro\/index.php\/wp-json\/wp\/v2\/pages\/6264\/revisions\/7264"}],"up":[{"embeddable":true,"href":"https:\/\/saiapm.ulbsibiu.ro\/index.php\/wp-json\/wp\/v2\/pages\/6229"}],"wp:attachment":[{"href":"https:\/\/saiapm.ulbsibiu.ro\/index.php\/wp-json\/wp\/v2\/media?parent=6264"}],"curies":[{"name":"wp","href":"https:\/\/api.w.org\/{rel}","templated":true}]}}