{"id":6212,"date":"2020-05-29T08:52:33","date_gmt":"2020-05-29T08:52:33","guid":{"rendered":"http:\/\/saiapm.ulbsibiu.ro\/?page_id=6212"},"modified":"2022-06-27T10:24:43","modified_gmt":"2022-06-27T10:24:43","slug":"ingineria-produselor-alimentare","status":"publish","type":"page","link":"https:\/\/saiapm.ulbsibiu.ro\/index.php\/specializari\/ingineria-produselor-alimentare\/","title":{"rendered":"Ingineria produselor alimentare"},"content":{"rendered":"[vc_row css=&#8221;.vc_custom_1656325725173{background-color: #ffffff !important;}&#8221;][vc_column css=&#8221;.vc_custom_1590608742203{margin-right: 30px !important;}&#8221;]<div class=\"vcex-module vcex-heading vcex-heading-plain vc_custom_1591006478975 wpex-rcss wpex-69eb585cbe5b4\" data-wpex-rcss='{\"font-size\":{\"d\":\"40px\",\"tl\":\"20px\",\"tp\":\"20px\",\"pl\":\"20px\",\"pp\":\"20px\"}}' data-wpex-uniqid='.wpex-69eb585cbe5b4' style=\"color:#002f60;font-family:Open Sans;font-weight:700;\"><span class=\"vcex-heading-inner clr\">Ingineria produselor alimentare<\/span><\/div><div class=\"vcex-module vcex-heading vcex-heading-plain vc_custom_1656324454524 wpex-rcss wpex-69eb585cbe68b\" data-wpex-rcss='{\"font-size\":{\"d\":\"16px\",\"tl\":\"16px\",\"tp\":\"16px\",\"pl\":\"16px\",\"pp\":\"16px\"}}' data-wpex-uniqid='.wpex-69eb585cbe68b' style=\"color:#002f60;font-family:Open Sans;font-weight:700;\"><span class=\"vcex-heading-inner clr\">\u00cenv\u0103\u021b\u0103m\u00e2nt cu frecven\u021b\u0103 (ZI) \u0219i \u00eenv\u0103\u021b\u0103m\u00e2nt la distan\u021b\u0103 (ID)<\/span><\/div>[vc_row_inner remove_bottom_col_margin=&#8221;true&#8221; css=&#8221;.vc_custom_1591004325295{margin-right: 10px !important;}&#8221;][vc_column_inner]<div class=\"vcex-module vcex-heading vcex-heading-plain vc_custom_1590915896738 wpex-rcss wpex-69eb585cbe725\" data-wpex-rcss='{\"font-size\":{\"d\":\"20px\",\"tl\":\"16px\",\"tp\":\"16px\",\"pl\":\"16px\",\"pp\":\"16px\"}}' data-wpex-uniqid='.wpex-69eb585cbe725' style=\"color:#ffffff;font-family:Open Sans;font-weight:700;\"><span class=\"vcex-heading-inner clr\">Date generale<\/span><\/div>[vc_column_text css=&#8221;.vc_custom_1625765569732{margin-bottom: 30px !important;margin-left: 10px !important;}&#8221;]\n<ul>\n<li><span style=\"font-family: 'Open Sans'; font-size: 14px; color: #000000;\"><strong>Domeniul pentru studii universitare de licen\u021b\u0103:<\/strong> Ingineria produselor alimentare<\/span><\/li>\n<li><span style=\"font-family: 'Open Sans'; font-size: 14px; color: #000000;\"><strong>Durat\u0103:<\/strong> 4 ani\u00a0<\/span><\/li>\n<li><span style=\"font-family: 'Open Sans'; font-size: 14px; color: #000000;\"><strong>Stadiul acredit\u0103rii:<\/strong> acreditat\u0103<\/span><\/li>\n<li><span style=\"font-family: 'Open Sans'; font-size: 14px; color: #000000;\"><strong>Titlul ob\u021binut:<\/strong> inginer<\/span><\/li>\n<\/ul>\n[\/vc_column_text][\/vc_column_inner][\/vc_row_inner]<div class=\"vcex-module vcex-heading vcex-heading-plain vc_custom_1590915920794 wpex-rcss wpex-69eb585cbe7ad\" data-wpex-rcss='{\"font-size\":{\"d\":\"20px\",\"tl\":\"16px\",\"tp\":\"16px\",\"pl\":\"16px\",\"pp\":\"16px\"}}' data-wpex-uniqid='.wpex-69eb585cbe7ad' style=\"color:#ffffff;font-family:Open Sans;font-weight:700;\"><span class=\"vcex-heading-inner clr\">Misiunea specializ\u0103rii<\/span><\/div>[vc_column_text css=&#8221;.vc_custom_1590914956610{margin-bottom: 30px !important;padding-right: 20px !important;padding-left: 20px !important;}&#8221;]\n<div align=\"justify\">\u00cen cadrul domeniului Inginerie alimentar\u0103 exist\u0103 mai multe specializ\u0103ri: Ingineria Produselor Alimentare, Controlul \u015fi Expertizarea Alimentelor, Esen\u0163e \u015fi Aditivi Naturali \u00cen cadrul facult\u0103\u0163ii noastre exist\u0103 specializarea Ingineria Produselor Alimentare. Specializarea \u201d Ingineria Produselor Alimentare\u201d are drept scop preg\u0103tirea speciali\u015ftilor cu studii superioare \u2013 ingineri \u2013 \u00een domeniul industriei alimentare. Preg\u0103tirea teoretic\u0103 \u015fi practic\u0103 pe care o vor primi, conform disciplinelor din planurile de \u00eenv\u0103\u0163\u0103m\u00e2nt, asigur\u0103 absolven\u0163ilor posibilitatea desf\u0103\u015fur\u0103rii activit\u0103\u0163ii ulterioare \u00een calitate de:<\/div>\n<div>\n<ul>\n<li class=\"subsep\"><span style=\"font-size: 16px;\">ingineri tehnologi \u00een unit\u0103\u0163ile productive din industria alimentar\u0103;<\/span><\/li>\n<li class=\"subsep\"><span style=\"font-size: 16px;\">ingineri tehnologi proiectan\u0163i \u015fi cercet\u0103tori \u00een institute \u015fi colective de proiectare \u015fi cercetare din domeniul industriei alimentare;<\/span><\/li>\n<li class=\"subsep\"><span style=\"font-size: 16px;\">ingineri tehnologi \u015fi de control a calit\u0103\u0163ii produselor alimentare \u00een cadrul colectivelor \u015fi serviciilor de laborator \u015fi controlul calit\u0103\u0163ii pe faze de fabrica\u0163ie din unit\u0103\u0163ile de industrie alimentar\u0103<\/span><\/li>\n<li class=\"subsep\"><span style=\"font-size: 16px;\">ingineri tehnologi pentru promovarea tehnologiilor noi, a aditivilor \u2013 sales manageri \u2013 .<\/span><\/li>\n<\/ul>\n<p class=\"subsep\"><span style=\"font-size: 16px;\">De asemenea, dup\u0103 efectuarea unor cursuri de aprofundare \u015fi specializare adecvate, absolven\u0163ii acestei specializ\u0103ri pot ob\u0163ine calitatea de exper\u0163i \u00een industria alimentar\u0103.<\/span><\/p>\n<\/div>\n[\/vc_column_text]<div class=\"vcex-module vcex-heading vcex-heading-plain vc_custom_1590915933011 wpex-rcss wpex-69eb585cbe82f\" data-wpex-rcss='{\"font-size\":{\"d\":\"20px\",\"tl\":\"16px\",\"tp\":\"16px\",\"pl\":\"16px\",\"pp\":\"16px\"}}' data-wpex-uniqid='.wpex-69eb585cbe82f' style=\"color:#ffffff;font-family:Open Sans;font-weight:700;\"><span class=\"vcex-heading-inner clr\">Obiectivele specializ\u0103rii<\/span><\/div>[vc_column_text css=&#8221;.vc_custom_1590914997511{padding-right: 20px !important;padding-left: 20px !important;}&#8221;]\n<p><span style=\"font-size: 16px;\">Domeniul Inginerie Alimentar\u0103 \u015fi specializarea Ingineria Produselor Alimentare, are ca obiectiv \u00eendeplinirea misiunii de a forma, \u00een ciclu lung, speciali\u015fti orienta\u0163i spre conducerea direct\u0103 a proceselor de produc\u0163ie. Specializarea Ingineria Produselor Alimentare, d\u0103 studen\u0163ilor, dup\u0103 patru ani, cuno\u015ftinte profesionale necesare pentru a fi capabili s\u0103 st\u0103p\u00e2neasc\u0103 din Industria Alimentar\u0103 trei tehnologii, utilajul \u015fi controlul calit\u0103\u0163ii acestora. \u00cen acest sens planul de \u00eenv\u0103\u0163\u0103m\u00e2nt cuprinde, \u00een etape, formarea complex\u0103 a acestui specialist. Categoria de \u015ftiin\u0163e aplicate \u00eentrege\u015fte preg\u0103tirea fundamental\u0103 prin disciplinele: matematic\u0103, fizic\u0103, chimie, desen tehnic, programarea calculatoarelor. Cultura tehnic\u0103 general\u0103 este format\u0103 prin discipline tehnice de profil care constituie o experien\u0163\u0103 integrat\u0103 \u00een disciplinele de specialitate. \u00cen categoria disciplinelor de specialitate o importan\u0163\u0103 deosebit\u0103 o are grupa disciplinelor tehnologice de specialitate din care studentul poate alege minim trei. Disciplinele sunt:<\/span><\/p>\n<ul>\n<li><span style=\"font-size: 16px;\">Tehnologie, utilaje \u015fi controlul calit\u0103\u0163ii produselor din industria c\u0103rnii;<\/span><\/li>\n<li><span style=\"font-size: 16px;\">Tehnologie, utilaje \u015fi controlul calit\u0103\u0163ii produselor din industria laptelui;<\/span><\/li>\n<li><span style=\"font-size: 16px;\">Tehnologie, utilaje \u015fi controlul calit\u0103\u0163ii produselor din industria uleiului;<\/span><\/li>\n<li><span style=\"font-size: 16px;\">Tehnologie, utilaje \u015fi controlul calit\u0103\u0163ii produselor din industria panifica\u0163iei \u015fi produselor f\u0103inoase;<\/span><\/li>\n<li><span style=\"font-size: 16px;\">Tehnologie, utilaje \u015fi controlul calit\u0103\u0163ii produselor din industria conservelor, sucurilor \u015fi b\u0103uturilor r\u0103coritoare;<\/span><\/li>\n<li><span style=\"font-size: 16px;\">Tehnologie, utilaje \u015fi controlul calit\u0103\u0163ii produselor din industria zah\u0103rului \u015fi produselor zaharoase;<\/span><\/li>\n<li><span style=\"font-size: 16px;\">Tehnologie, utilaje \u015fi controlul calit\u0103\u0163ii produselor din industria mor\u0103ritului;<\/span><\/li>\n<li><span style=\"font-size: 16px;\">Tehnologie, utilaje \u015fi controlul calit\u0103\u0163ii produselor din industria vinului;<\/span><\/li>\n<li><span style=\"font-size: 16px;\">Tehnologie, utilaje \u015fi controlul calit\u0103\u0163ii produselor din industria fermentativ\u0103.<\/span><\/li>\n<li><span style=\"font-size: 16px;\">Con\u0163inutul programelor analitice define\u015fte modalitatea realiz\u0103rii obiectivelor, prin orientarea tuturor disciplinelor spre aplica\u0163ii ale cuno\u015ftiin\u0163elor \u00een sensul \u015fi formele din practica productiv\u0103.<\/span><\/li>\n<\/ul>\n[\/vc_column_text][\/vc_column][\/vc_row]\n","protected":false},"excerpt":{"rendered":"<p>[vc_row css=&#8221;.vc_custom_1656325725173{background-color: #ffffff !important;}&#8221;][vc_column css=&#8221;.vc_custom_1590608742203{margin-right: 30px !important;}&#8221;][vc_row_inner remove_bottom_col_margin=&#8221;true&#8221; css=&#8221;.vc_custom_1591004325295{margin-right: 10px !important;}&#8221;][vc_column_inner][vc_column_text css=&#8221;.vc_custom_1625765569732{margin-bottom: 30px !important;margin-left: 10px !important;}&#8221;] Domeniul pentru studii universitare de licen\u021b\u0103: Ingineria produselor alimentare Durat\u0103: 4 ani\u00a0 Stadiul acredit\u0103rii: acreditat\u0103 Titlul ob\u021binut: inginer [\/vc_column_text][\/vc_column_inner][\/vc_row_inner][vc_column_text css=&#8221;.vc_custom_1590914956610{margin-bottom: 30px !important;padding-right: 20px !important;padding-left:&hellip;<\/p>\n","protected":false},"author":1,"featured_media":6479,"parent":6229,"menu_order":0,"comment_status":"closed","ping_status":"closed","template":"","meta":{"footnotes":""},"class_list":["post-6212","page","type-page","status-publish","has-post-thumbnail","hentry","entry","has-media"],"_links":{"self":[{"href":"https:\/\/saiapm.ulbsibiu.ro\/index.php\/wp-json\/wp\/v2\/pages\/6212"}],"collection":[{"href":"https:\/\/saiapm.ulbsibiu.ro\/index.php\/wp-json\/wp\/v2\/pages"}],"about":[{"href":"https:\/\/saiapm.ulbsibiu.ro\/index.php\/wp-json\/wp\/v2\/types\/page"}],"author":[{"embeddable":true,"href":"https:\/\/saiapm.ulbsibiu.ro\/index.php\/wp-json\/wp\/v2\/users\/1"}],"replies":[{"embeddable":true,"href":"https:\/\/saiapm.ulbsibiu.ro\/index.php\/wp-json\/wp\/v2\/comments?post=6212"}],"version-history":[{"count":71,"href":"https:\/\/saiapm.ulbsibiu.ro\/index.php\/wp-json\/wp\/v2\/pages\/6212\/revisions"}],"predecessor-version":[{"id":7905,"href":"https:\/\/saiapm.ulbsibiu.ro\/index.php\/wp-json\/wp\/v2\/pages\/6212\/revisions\/7905"}],"up":[{"embeddable":true,"href":"https:\/\/saiapm.ulbsibiu.ro\/index.php\/wp-json\/wp\/v2\/pages\/6229"}],"wp:featuredmedia":[{"embeddable":true,"href":"https:\/\/saiapm.ulbsibiu.ro\/index.php\/wp-json\/wp\/v2\/media\/6479"}],"wp:attachment":[{"href":"https:\/\/saiapm.ulbsibiu.ro\/index.php\/wp-json\/wp\/v2\/media?parent=6212"}],"curies":[{"name":"wp","href":"https:\/\/api.w.org\/{rel}","templated":true}]}}