{"id":6209,"date":"2020-05-28T07:33:29","date_gmt":"2020-05-28T07:33:29","guid":{"rendered":"http:\/\/saiapm.ulbsibiu.ro\/?page_id=6209"},"modified":"2020-05-28T08:52:02","modified_gmt":"2020-05-28T08:52:02","slug":"istoric","status":"publish","type":"page","link":"https:\/\/saiapm.ulbsibiu.ro\/index.php\/prezentare-facultate\/istoric\/","title":{"rendered":"Istoric"},"content":{"rendered":"[vc_row][vc_column]<div class=\"vcex-module vcex-heading vcex-heading-plain vc_custom_1590660150098\" style=\"font-size:30px;\"><span class=\"vcex-heading-inner clr\">Scurt istoric<\/span><\/div>[vc_column_text]\n<p><span style=\"font-size: 18px;\"><strong>2002<\/strong>\u00a0\u2013 Facultatea se reoganizeaz\u0103, devenind Facultatea de \u015etiin\u0163e Agricole, Industrie Alimentar\u0103 \u015fi Protec\u0163ia Mediului (conform H.G. 410\/25 aprilie 2002) cu specializ\u0103rile: Ingineria Produselor Alimentare, Tehnologia Prelucr\u0103rii Produselor Agricole, Montanologie, Horticultur\u0103, Controlul \u015fi expertiza produselor alimentare, Ingineria \u015fi Protec\u0163ia Mediului \u00een Agricultur\u0103.<\/span><\/p>\n<p><span style=\"font-size: 18px;\"><strong>2000<\/strong>\u00a0\u2013\u00a0Specializarea Tehnici \u015fi Activit\u0103\u0163i Montane se reprofileaz\u0103 \u00een Activit\u0103\u0163i Turistice.<\/span><\/p>\n<p><span style=\"font-size: 18px;\"><strong>1999<\/strong>\u00a0\u2013\u00a0Specializ\u0103rile: Tehnologia \u015fi Textile \u015fi Agromontanologie au ob\u0163inut autoriza\u0163ie de func\u0163ionare \u015fi pentru forma de \u00cenv\u0103\u0163\u0103m\u00e2nt la Distan\u0163\u0103. Controlul Calit\u0103\u0163ii Produselor Alimentare, Tricotaje-Confec\u0163ii Textile \u015fi Agromontanologie au ob\u0163inut autoriza\u0163ie de func\u0163ionare \u015fi pentru forma de \u00cenv\u0103\u0163\u0103m\u00e2nt la Distan\u0163\u0103.<\/span><\/p>\n<p><span style=\"font-size: 18px;\"><strong>1998<\/strong>\u00a0\u2013\u00a0\u00een cadrul profilului Textile-Piel\u0103rie s-a \u00eenfiin\u0163at specializarea: Tehnologia Confec\u0163iilor din \u0162es\u0103turi \u015fi Tricoturi.<\/span><\/p>\n<p><span style=\"font-size: 18px;\"><strong>1995<\/strong>\u00a0\u2013\u00a0S-a \u00eenfiin\u0163at specializarea Tehnici \u015fi Activit\u0103\u0163i Montane, cursuri de scurt\u0103 durat\u0103.<\/span><\/p>\n<p><span style=\"font-size: 18px;\"><strong>1992<\/strong>\u00a0\u2013\u00a0Facultatea a primit cifr\u0103 de \u015fcolarizare \u015fi pentru profilul Agricol, specializarea: Agromontanologie, acreditat\u0103 ulterior conform H.G. 696 publicat\u0103 \u00een M.O. 397\/24 august 2000.<\/span><\/p>\n<p><span style=\"font-size: 18px;\"><strong>1990<\/strong>\u00a0\u2013\u00a0S-a \u00eenfiin\u0163at Facultatea de Tehnologia Textilelor \u015fi Produselor Alimentare cu profilele: Tehnologia Produselor Alimentare (specializ\u0103rile: Tehnologia \u015fi Controlul Calit\u0103\u0163ii Produselor Alimentare \u015fi Tehnologii Alimentare \u2013 cursuri de scurt\u0103 durat\u0103) Textile-Piel\u0103rie (specializ\u0103rile: Filatur\u0103-\u0162es\u0103torie \u015fi Tricotaje-Confec\u0163ii) Specializ\u0103rile: Tehnologia \u015fi Controlul Calit\u0103\u0163ii Produselor Alimentare \u015fi Tricotaje-Confec\u0163ii Textile au fost acreditate conform H.G.696 din august<\/span><\/p>\n[\/vc_column_text][\/vc_column][\/vc_row]\n","protected":false},"excerpt":{"rendered":"<p>[vc_row][vc_column][vc_column_text] 2002\u00a0\u2013 Facultatea se reoganizeaz\u0103, devenind Facultatea de \u015etiin\u0163e Agricole, Industrie Alimentar\u0103 \u015fi Protec\u0163ia Mediului (conform H.G. 410\/25 aprilie 2002) cu specializ\u0103rile: Ingineria Produselor Alimentare, Tehnologia Prelucr\u0103rii Produselor Agricole, Montanologie, Horticultur\u0103, Controlul \u015fi expertiza produselor alimentare, Ingineria \u015fi Protec\u0163ia Mediului&hellip;<\/p>\n","protected":false},"author":1,"featured_media":0,"parent":3098,"menu_order":0,"comment_status":"closed","ping_status":"closed","template":"","meta":{"footnotes":""},"class_list":["post-6209","page","type-page","status-publish","hentry","entry","no-media"],"_links":{"self":[{"href":"https:\/\/saiapm.ulbsibiu.ro\/index.php\/wp-json\/wp\/v2\/pages\/6209"}],"collection":[{"href":"https:\/\/saiapm.ulbsibiu.ro\/index.php\/wp-json\/wp\/v2\/pages"}],"about":[{"href":"https:\/\/saiapm.ulbsibiu.ro\/index.php\/wp-json\/wp\/v2\/types\/page"}],"author":[{"embeddable":true,"href":"https:\/\/saiapm.ulbsibiu.ro\/index.php\/wp-json\/wp\/v2\/users\/1"}],"replies":[{"embeddable":true,"href":"https:\/\/saiapm.ulbsibiu.ro\/index.php\/wp-json\/wp\/v2\/comments?post=6209"}],"version-history":[{"count":2,"href":"https:\/\/saiapm.ulbsibiu.ro\/index.php\/wp-json\/wp\/v2\/pages\/6209\/revisions"}],"predecessor-version":[{"id":6211,"href":"https:\/\/saiapm.ulbsibiu.ro\/index.php\/wp-json\/wp\/v2\/pages\/6209\/revisions\/6211"}],"up":[{"embeddable":true,"href":"https:\/\/saiapm.ulbsibiu.ro\/index.php\/wp-json\/wp\/v2\/pages\/3098"}],"wp:attachment":[{"href":"https:\/\/saiapm.ulbsibiu.ro\/index.php\/wp-json\/wp\/v2\/media?parent=6209"}],"curies":[{"name":"wp","href":"https:\/\/api.w.org\/{rel}","templated":true}]}}