{"id":6202,"date":"2020-05-28T07:19:00","date_gmt":"2020-05-28T07:19:00","guid":{"rendered":"http:\/\/saiapm.ulbsibiu.ro\/?page_id=6202"},"modified":"2025-10-02T13:43:35","modified_gmt":"2025-10-02T13:43:35","slug":"cuvantul-decanului","status":"publish","type":"page","link":"https:\/\/saiapm.ulbsibiu.ro\/index.php\/prezentare-facultate\/cuvantul-decanului\/","title":{"rendered":"Cuv\u00e2ntul Decanului"},"content":{"rendered":"[vc_row][vc_column]<div class=\"vcex-module vcex-heading vcex-heading-plain vc_custom_1590654775117\" style=\"font-size:30px;\"><span class=\"vcex-heading-inner clr\">Cuv\u00e2ntul Decanului<\/span><\/div>[vc_column_text]\n<p><span style=\"font-size: 16px; font-family: 'Open Sans';\"><img loading=\"lazy\" decoding=\"async\" class=\"alignleft\" src=\"http:\/\/saiapm.ulbsibiu.ro\/Staff\/Iagaru_Romulus.jpg\" width=\"188\" height=\"251\" \/>Facultatea de \u0218tiin\u021be Agricole, Industrie Alimentar\u0103 \u0219i Protec\u021bia Mediului (SAIAPM) este parte integrant\u0103 a Universit\u0103\u021bii \u201eLucian Blaga\u201d din Sibiu (ULBS) \u0219i ofer\u0103 programe de studii universitare de licen\u021b\u0103 \u0219i masterat \u00een domenii esen\u021biale pentru societate: agronomie, industrie alimentar\u0103 \u0219i protec\u021bia mediului. Facultatea dispune de un patrimoniu material \u0219i educa\u021bional solid, care asigur\u0103 formarea speciali\u0219tilor \u00een concordan\u021b\u0103 cu cerin\u021bele actuale ale pie\u021bei muncii. Infrastructura cuprinde dou\u0103 corpuri de cl\u0103dire: unul situat \u00een municipiul Sibiu, iar cel\u0103lalt \u00een localitatea Rusciori, inaugurat \u00een anul 2024. Aceste spa\u021bii sunt dotate cu amfiteatru, s\u0103li de curs, seminar \u0219i laboratoare moderne, echipate cu aparatur\u0103 performant\u0103. Facultatea dispune, de asemenea, de o baz\u0103 de practic\u0103 de 38 ha, unde studen\u021bii au oportunitatea de a dezvolta competen\u021be practice relevante pentru domeniile studiate.<br \/>Patrimoniul educa\u021bional este completat de un corp profesoral cu recunoa\u0219tere profesional\u0103 la nivel na\u021bional \u0219i interna\u021bional, capabil s\u0103 transmit\u0103, prin metode pedagogice moderne, cuno\u0219tin\u021bele \u0219i competen\u021bele necesare unei form\u0103ri de calitate. Profesionalismul acestora a condus la \u00eenfiin\u021barea a dou\u0103 centre de cercetare: \u201eInovarea viitorului biotehnologiei \u0219i ingineriei alimentare\u201d, \u00een domeniul inginerieiproduselor alimentare;\u201eCentrul de Cercetare pentru \u0218tiin\u021be Agricole \u0219i Protec\u021bia Mediului\u201d, \u00een domeniulagronomic. <\/span><span style=\"font-size: 16px; font-family: 'Open Sans';\">Facultatea este activ conectat\u0103 la mediul socio-economic \u0219i r\u0103m\u00e2ne atent\u0103 la opiniile candida\u021bilor, studen\u021bilor \u0219i ale partenerilor din sectorul privat. Aceasta colaboreaz\u0103 cu facult\u0103\u021bi de profil din \u021bar\u0103 \u0219i este implicat\u0103 activ \u00een dezvoltarea de parteneriate interna\u021bionale cu universit\u0103\u021bi de prestigiu. Programele de mobilitate Erasmus, destinate studen\u021bilor \u0219i cadrelor didactice, faciliteaz\u0103 schimburile academice \u0219i contribuie la consolidarea rela\u021biilor interna\u021bionale \u0219i la asigurarea sustenabilit\u0103\u021bii institu\u021bionale. Facultatea este preocupat\u0103 \u0219i de formarea profesional\u0103 continu\u0103, organiz\u00e2nd programe de \u00eenv\u0103\u021b\u0103m\u00e2nt la distan\u021b\u0103 pentru dou\u0103 specializ\u0103ri de studii.<\/span><\/p>\n<p style=\"text-align: left;\"><span style=\"font-size: 16px; font-family: 'Open Sans';\">V\u0103 invit\u0103m s\u0103 ne cunoa\u0219te\u021bi mai bine acces\u00e2nd: https:\/\/saiapm.ulbsibiu.ro<\/span><\/p>\n<p style=\"text-align: left;\"><span style=\"font-size: 16px; font-family: 'Open Sans';\">Sediile noastre:<\/span><\/p>\n<p style=\"text-align: left;\"><span style=\"font-size: 16px; font-family: 'Open Sans';\">\u2022 Str. Dr. Ion Ra\u021biu, nr. 7-9, Sibiu, 550012, Rom\u00e2nia<\/span><\/p>\n<div style=\"text-align: left;\"><span style=\"font-size: 16px; font-family: 'Open Sans';\">\u2022 Localitatea Rusciori, comuna \u0218ura Mic\u0103, jude\u021bul Sibiu, Rom\u00e2nia<br \/><\/span><\/div>\n<div>\u00a0<\/div>\n<div>\n<div><b>DECAN<\/b><\/div>\n<div>Prof. univ. dr. habil. Romulus Iag\u0103ru<\/div>\n<\/div>\n[\/vc_column_text][\/vc_column][\/vc_row]\n","protected":false},"excerpt":{"rendered":"<p>[vc_row][vc_column][vc_column_text] Facultatea de \u0218tiin\u021be Agricole, Industrie Alimentar\u0103 \u0219i Protec\u021bia Mediului (SAIAPM) este parte integrant\u0103 a Universit\u0103\u021bii \u201eLucian Blaga\u201d din Sibiu (ULBS) \u0219i ofer\u0103 programe de studii universitare de licen\u021b\u0103 \u0219i masterat \u00een domenii esen\u021biale pentru societate: agronomie, industrie alimentar\u0103 \u0219i&hellip;<\/p>\n","protected":false},"author":1,"featured_media":0,"parent":3098,"menu_order":0,"comment_status":"closed","ping_status":"closed","template":"","meta":{"footnotes":""},"class_list":["post-6202","page","type-page","status-publish","hentry","entry","no-media"],"_links":{"self":[{"href":"https:\/\/saiapm.ulbsibiu.ro\/index.php\/wp-json\/wp\/v2\/pages\/6202"}],"collection":[{"href":"https:\/\/saiapm.ulbsibiu.ro\/index.php\/wp-json\/wp\/v2\/pages"}],"about":[{"href":"https:\/\/saiapm.ulbsibiu.ro\/index.php\/wp-json\/wp\/v2\/types\/page"}],"author":[{"embeddable":true,"href":"https:\/\/saiapm.ulbsibiu.ro\/index.php\/wp-json\/wp\/v2\/users\/1"}],"replies":[{"embeddable":true,"href":"https:\/\/saiapm.ulbsibiu.ro\/index.php\/wp-json\/wp\/v2\/comments?post=6202"}],"version-history":[{"count":9,"href":"https:\/\/saiapm.ulbsibiu.ro\/index.php\/wp-json\/wp\/v2\/pages\/6202\/revisions"}],"predecessor-version":[{"id":10677,"href":"https:\/\/saiapm.ulbsibiu.ro\/index.php\/wp-json\/wp\/v2\/pages\/6202\/revisions\/10677"}],"up":[{"embeddable":true,"href":"https:\/\/saiapm.ulbsibiu.ro\/index.php\/wp-json\/wp\/v2\/pages\/3098"}],"wp:attachment":[{"href":"https:\/\/saiapm.ulbsibiu.ro\/index.php\/wp-json\/wp\/v2\/media?parent=6202"}],"curies":[{"name":"wp","href":"https:\/\/api.w.org\/{rel}","templated":true}]}}