{"id":6111,"date":"2020-05-18T17:56:47","date_gmt":"2020-05-18T17:56:47","guid":{"rendered":"http:\/\/saiapm.ulbsibiu.ro\/?page_id=6111"},"modified":"2025-07-31T07:57:45","modified_gmt":"2025-07-31T07:57:45","slug":"facultatea-pe-scurt","status":"publish","type":"page","link":"https:\/\/saiapm.ulbsibiu.ro\/index.php\/despre-facultate\/facultatea-pe-scurt\/","title":{"rendered":"Facultatea pe scurt"},"content":{"rendered":"[vc_row][vc_column]<div class=\"vcex-module vcex-heading vcex-heading-plain vc_custom_1590655320415\" style=\"font-size:30px;\"><span class=\"vcex-heading-inner clr\">Facultatea pe scurt<\/span><\/div>[vc_column_text]\n<div><span style=\"font-size: 16px;\">Drumul parcurs de\u00a0<strong>Facultatea de \u0218tiin\u021be Agricole, Industrie Alimentar\u0103 \u0219i Protec\u021bia Mediului<\/strong>\u00a0de la \u00eenfiin\u021barea ei \u00een anul 1990 \u0219i p\u00e2n\u0103 ast\u0103zi a avut ca obiectiv \u00eendeplinirea triadei\u00a0<em>agricultur\u0103-alimenta\u021bie-protec\u021bia mediului<\/em>, elemente vitale pentru \u00eens\u0103\u0219i existen\u021ba uman\u0103. Atingerea acestui deziderat s-a materializat printr-un proces continuu de \u00eenfiin\u021bare, adaptare \u0219i consolidare a programelor de studii, \u00een consens cu progresul \u0219tiin\u021bific, noile tehnologii \u0219i provoc\u0103ri ale societ\u0103\u021bii actuale \u0219i, nu \u00een ultimul r\u00e2nd, cu necesit\u0103\u021bile economiei na\u021bionale \u0219i ale pie\u021bei de munc\u0103.<\/span><\/div>\n<div><span style=\"font-size: 16px;\">\u00cen prezent, facultatea func\u021bioneaz\u0103 la nivel de licen\u021b\u0103 cu programele de studii: Ingineria produselor alimentare, Controlul \u0219i expertiza produselor alimentare, Inginerie \u0219i management \u00een alimenta\u021bie public\u0103 \u0219i agroturism, Biotehnologii \u00een industria alimentar\u0103, Montanologie \u0219i Inginerie \u0219i protec\u021bia mediului \u00een agricultur\u0103. La nivel de master, aprofundarea studiilor se realizeaz\u0103 \u00een cadrul programelor de studii: Asigurarea calit\u0103\u021bii \u0219i siguran\u021bei alimentelor, Managementul proces\u0103rii moderne a alimentelor, Managementul dezvolt\u0103rii durabile a zonei rurale \u0219i Managementul protec\u021biei mediului agricol.<\/span><\/div>\n<div><span style=\"font-size: 16px;\">La Facultatea de \u0218tiin\u021be Agricole, Industrie Alimentar\u0103 \u0219i Protec\u021bia Mediului \u00ee\u0219i desf\u0103\u0219oar\u0103 activitatea un colectiv didactic format din 39 de membrii din care: 8 profesori universitari, 12 conferen\u021biari, 17 \u0219efi de lucr\u0103ri\/lectori, 2 asistent universitar.<\/span><\/div>\n<div><span style=\"font-size: 16px;\">Corpul principal al facult\u0103\u021bii de pe strada Dr. Ion Ratiu dispune de amfiteatre moderne dotate cu instala\u021bii pentru videoproiec\u021bie, s\u0103li de curs \u0219i seminarii precum \u0219i peste 30 de laboratoare. Facilit\u0103\u021bile didactice \u0219i de cercetare ale facult\u0103\u021bii sunt completate cu un al doilea corp, aflat pe strada Costache Negri, \u0219i ferma didactic\u0103 din localitatea Rusciori.<\/span><\/div>\n<div><span style=\"font-size: 16px;\">Num\u0103rul mare de parteneriate interna\u021bionale pe care facultatea le are cu universit\u0103\u021bi de prestigiu din lume au condus at\u00e2t la rezultate notabile \u00een domeniul cercet\u0103rii \u0219tiin\u021bifice c\u00e2t \u0219i la numeroase mobilit\u0103\u021bi ale studen\u0163ilor \u015fi cadrelor didactice. Studen\u0163ii sunt implica\u0163i \u00een activit\u0103\u021bi de cercetare derulate prin cele dou\u0103 centre de cercetare ale facult\u0103\u0163ii:\u00a0<em>Centrul de cercetare \u00een biotehnologii \u0219i inginerii alimentare\u00a0<\/em>\u015fi\u00a0<em>Centrul de cercetare \u00een pentru \u0219tiin\u021be agricole \u0219i protec\u021bia mediului<\/em>. De asemenea, rezultatele cercet\u0103rii \u0219tiin\u021bifice pot fi publicate \u00een revista\u00a0<em>Acta Universitatis Cibiniensis \u2013 Food Technology<\/em>\u00a0indexat\u0103 \u00een baze de date interna\u021bionale.<\/span><\/div>\n<div><span style=\"font-size: 16px;\">Facultatea cunoa\u0219te o continu\u0103 cre\u0219tere a vizibilit\u0103\u021bii na\u021bionale \u0219i interna\u021bionale prin num\u0103rul mare de rezultate \u0219tiin\u021bifice publicate \u00een reviste din \u021bar\u0103 \u0219i str\u0103in\u0103tate, contracte de cercetare na\u021bionale \u0219i interna\u021bionale \u0219i nu \u00een ultimul r\u00e2nd implicarea \u00een proiecte ce urm\u0103resc dezvoltarea local\u0103 \u0219i regional\u0103 \u2013 Regiune Gstronomic\u0103 European\u0103.<\/span><\/div>\n[\/vc_column_text][\/vc_column][\/vc_row]\n","protected":false},"excerpt":{"rendered":"<p>[vc_row][vc_column][vc_column_text] Drumul parcurs de\u00a0Facultatea de \u0218tiin\u021be Agricole, Industrie Alimentar\u0103 \u0219i Protec\u021bia Mediului\u00a0de la \u00eenfiin\u021barea ei \u00een anul 1990 \u0219i p\u00e2n\u0103 ast\u0103zi a avut ca obiectiv \u00eendeplinirea triadei\u00a0agricultur\u0103-alimenta\u021bie-protec\u021bia mediului, elemente vitale pentru \u00eens\u0103\u0219i existen\u021ba uman\u0103. Atingerea acestui deziderat s-a materializat printr-un&hellip;<\/p>\n","protected":false},"author":1,"featured_media":0,"parent":6109,"menu_order":0,"comment_status":"closed","ping_status":"closed","template":"","meta":{"footnotes":""},"class_list":["post-6111","page","type-page","status-publish","hentry","entry","no-media"],"_links":{"self":[{"href":"https:\/\/saiapm.ulbsibiu.ro\/index.php\/wp-json\/wp\/v2\/pages\/6111"}],"collection":[{"href":"https:\/\/saiapm.ulbsibiu.ro\/index.php\/wp-json\/wp\/v2\/pages"}],"about":[{"href":"https:\/\/saiapm.ulbsibiu.ro\/index.php\/wp-json\/wp\/v2\/types\/page"}],"author":[{"embeddable":true,"href":"https:\/\/saiapm.ulbsibiu.ro\/index.php\/wp-json\/wp\/v2\/users\/1"}],"replies":[{"embeddable":true,"href":"https:\/\/saiapm.ulbsibiu.ro\/index.php\/wp-json\/wp\/v2\/comments?post=6111"}],"version-history":[{"count":6,"href":"https:\/\/saiapm.ulbsibiu.ro\/index.php\/wp-json\/wp\/v2\/pages\/6111\/revisions"}],"predecessor-version":[{"id":10263,"href":"https:\/\/saiapm.ulbsibiu.ro\/index.php\/wp-json\/wp\/v2\/pages\/6111\/revisions\/10263"}],"up":[{"embeddable":true,"href":"https:\/\/saiapm.ulbsibiu.ro\/index.php\/wp-json\/wp\/v2\/pages\/6109"}],"wp:attachment":[{"href":"https:\/\/saiapm.ulbsibiu.ro\/index.php\/wp-json\/wp\/v2\/media?parent=6111"}],"curies":[{"name":"wp","href":"https:\/\/api.w.org\/{rel}","templated":true}]}}