{"id":6097,"date":"2020-05-18T17:06:10","date_gmt":"2020-05-18T17:06:10","guid":{"rendered":"http:\/\/saiapm.ulbsibiu.ro\/?page_id=6097"},"modified":"2026-02-25T07:47:38","modified_gmt":"2026-02-25T07:47:38","slug":"hotarari-cf","status":"publish","type":"page","link":"https:\/\/saiapm.ulbsibiu.ro\/index.php\/consiliul-facultatii\/hotarari-cf\/","title":{"rendered":"Hotarari CF"},"content":{"rendered":"[vc_row remove_bottom_col_margin=&#8221;true&#8221;][vc_column][vc_column_text]\n<p><img loading=\"lazy\" decoding=\"async\" class=\"alignleft  wp-image-1195\" src=\"http:\/\/saiapm.ulbsibiu.ro\/wp-content\/uploads\/2016\/10\/pdfdoc.gif\" alt=\"\" width=\"20\" height=\"20\" \/><span style=\"color: #000000;\"><a style=\"color: #000000;\" href=\"https:\/\/saiapm.ulbsibiu.ro\/wp-content\/uploads\/2025\/07\/Plan-strategic-Facultatea-de-SAIAPM.pdf\"><span style=\"font-size: 21px;\">Plan strategic Facultatea de \u0218AIAPM<\/span><\/a><\/span><\/p>\n<p>&nbsp;<\/p>\n[\/vc_column_text][vc_separator][vc_column_text]\n<p><span style=\"font-size: 21px;\">Hot\u0103r\u00e2ri ale Consiliului Facult\u0103\u021bii<\/span><\/p>\n[\/vc_column_text][vc_column_text css=&#8221;.vc_custom_1763539287999{margin-bottom: 10px !important;}&#8221;]\n<p><a href=\"https:\/\/saiapm.ulbsibiu.ro\/wp-content\/uploads\/2025\/11\/Hotarare-CF-18.11-19112025062758.pdf\"><img loading=\"lazy\" decoding=\"async\" class=\"alignleft  wp-image-1195\" src=\"http:\/\/saiapm.ulbsibiu.ro\/wp-content\/uploads\/2016\/10\/pdfdoc.gif\" alt=\"\" width=\"20\" height=\"20\" \/><\/a><a href=\"https:\/\/saiapm.ulbsibiu.ro\/wp-content\/uploads\/2026\/02\/Hotarare-CF-13.02.2026-24022026113743-1.pdf\">Hotarare CF 13.02.2026<\/a><\/p>\n<p><a href=\"https:\/\/saiapm.ulbsibiu.ro\/wp-content\/uploads\/2025\/11\/Hotarare-CF-18.11-19112025062758.pdf\"><img loading=\"lazy\" decoding=\"async\" class=\"alignleft  wp-image-1195\" src=\"http:\/\/saiapm.ulbsibiu.ro\/wp-content\/uploads\/2016\/10\/pdfdoc.gif\" alt=\"\" width=\"20\" height=\"20\" \/><\/a><a href=\"https:\/\/saiapm.ulbsibiu.ro\/wp-content\/uploads\/2026\/01\/Horarare-CF-19.01.2026-19012026124725.pdf\">Hotarare CF 19.01.2026<\/a><\/p>\n<p><a href=\"https:\/\/saiapm.ulbsibiu.ro\/wp-content\/uploads\/2025\/11\/Hotarare-CF-18.11-19112025062758.pdf\"><img loading=\"lazy\" decoding=\"async\" class=\"alignleft  wp-image-1195\" src=\"http:\/\/saiapm.ulbsibiu.ro\/wp-content\/uploads\/2016\/10\/pdfdoc.gif\" alt=\"\" width=\"20\" height=\"20\" \/><\/a><a href=\"https:\/\/saiapm.ulbsibiu.ro\/wp-content\/uploads\/2026\/01\/Hotarare-sedinta-CF-17.12.2025-13012026100853.pdf\">Hotarare CF 17.12.2025<\/a><\/p>\n<p><a href=\"https:\/\/saiapm.ulbsibiu.ro\/wp-content\/uploads\/2025\/11\/Hotarare-CF-18.11-19112025062758.pdf\"><img loading=\"lazy\" decoding=\"async\" class=\"alignleft  wp-image-1195\" src=\"http:\/\/saiapm.ulbsibiu.ro\/wp-content\/uploads\/2016\/10\/pdfdoc.gif\" alt=\"\" width=\"20\" height=\"20\" \/><\/a><a href=\"https:\/\/saiapm.ulbsibiu.ro\/wp-content\/uploads\/2025\/12\/Hotarare-CF-9.12.2025-09122025123922.pdf\">Hotarare CF 9.12.2025<\/a><\/p>\n<p><a href=\"https:\/\/saiapm.ulbsibiu.ro\/wp-content\/uploads\/2025\/11\/Hotarare-CF-18.11-19112025062758.pdf\"><img loading=\"lazy\" decoding=\"async\" class=\"alignleft  wp-image-1195\" src=\"http:\/\/saiapm.ulbsibiu.ro\/wp-content\/uploads\/2016\/10\/pdfdoc.gif\" alt=\"\" width=\"20\" height=\"20\" \/>Hotarare CF 18.11.2025<\/a><\/p>\n<p><a href=\"https:\/\/saiapm.ulbsibiu.ro\/wp-content\/uploads\/2025\/11\/Hotarare-CF-18.11-19112025062758.pdf\"><img loading=\"lazy\" decoding=\"async\" class=\"alignleft  wp-image-1195\" src=\"http:\/\/saiapm.ulbsibiu.ro\/wp-content\/uploads\/2016\/10\/pdfdoc.gif\" alt=\"\" width=\"20\" height=\"20\" \/><\/a><a href=\"https:\/\/saiapm.ulbsibiu.ro\/wp-content\/uploads\/2025\/11\/Hotarare-CF-16.10-19112025062720.pdf\">Hotarare CF 16.10.2025<\/a><\/p>\n<p><a href=\"https:\/\/saiapm.ulbsibiu.ro\/wp-content\/uploads\/2025\/11\/Hotarare-CF-18.11-19112025062758.pdf\"><img loading=\"lazy\" decoding=\"async\" class=\"alignleft  wp-image-1195\" src=\"http:\/\/saiapm.ulbsibiu.ro\/wp-content\/uploads\/2016\/10\/pdfdoc.gif\" alt=\"\" width=\"20\" height=\"20\" \/><\/a><a href=\"https:\/\/saiapm.ulbsibiu.ro\/wp-content\/uploads\/2025\/11\/Hotarare-CF-06.10-19112025062740.pdf\">Hotarare CF 06.10.2025<\/a><\/p>\n<p><a href=\"https:\/\/saiapm.ulbsibiu.ro\/wp-content\/uploads\/2025\/11\/Hotarare-CF-18.11-19112025062758.pdf\"><img loading=\"lazy\" decoding=\"async\" class=\"alignleft  wp-image-1195\" src=\"http:\/\/saiapm.ulbsibiu.ro\/wp-content\/uploads\/2016\/10\/pdfdoc.gif\" alt=\"\" width=\"20\" height=\"20\" \/><\/a><a href=\"https:\/\/saiapm.ulbsibiu.ro\/wp-content\/uploads\/2025\/08\/Hotarare-CF-30.07.2025-05082025085156.pdf\">Hotarare CF 30.07.2025<\/a><\/p>\n<p><img loading=\"lazy\" decoding=\"async\" class=\"alignleft  wp-image-1195\" src=\"http:\/\/saiapm.ulbsibiu.ro\/wp-content\/uploads\/2016\/10\/pdfdoc.gif\" alt=\"\" width=\"20\" height=\"20\" \/><a href=\"https:\/\/saiapm.ulbsibiu.ro\/wp-content\/uploads\/2025\/08\/Hotarare-CF-28.07.2025-05082025085142.pdf\">Hotarare CF 28.07.2025<\/a><\/p>\n<p><img loading=\"lazy\" decoding=\"async\" class=\"alignleft  wp-image-1195\" src=\"http:\/\/saiapm.ulbsibiu.ro\/wp-content\/uploads\/2016\/10\/pdfdoc.gif\" alt=\"\" width=\"20\" height=\"20\" \/><\/p>\n<p><a href=\"https:\/\/saiapm.ulbsibiu.ro\/wp-content\/uploads\/2025\/07\/Hotarare-CF-15.07.2025-15072025100021.pdf\">Hotarare CF 15.07.2025<\/a><\/p>\n<p><img loading=\"lazy\" decoding=\"async\" class=\"alignleft  wp-image-1195\" src=\"http:\/\/saiapm.ulbsibiu.ro\/wp-content\/uploads\/2016\/10\/pdfdoc.gif\" alt=\"\" width=\"20\" height=\"20\" \/> <a href=\"https:\/\/saiapm.ulbsibiu.ro\/wp-content\/uploads\/2025\/07\/Hotarare-CF-11.07-11072025115352.pdf\">Hotarare CF 11.07.2025<\/a><\/p>\n<p><a href=\"https:\/\/saiapm.ulbsibiu.ro\/wp-content\/uploads\/2025\/07\/Hotarare-CF-09.07-11072025115442.pdf\"><img loading=\"lazy\" decoding=\"async\" class=\"alignleft  wp-image-1195\" src=\"http:\/\/saiapm.ulbsibiu.ro\/wp-content\/uploads\/2016\/10\/pdfdoc.gif\" alt=\"\" width=\"20\" height=\"20\" \/>Hotarare CF 09.072025<\/a><\/p>\n<p><a href=\"https:\/\/saiapm.ulbsibiu.ro\/wp-content\/uploads\/2025\/07\/Hotarare-CF-23.06-11072025115405.pdf\"><img loading=\"lazy\" decoding=\"async\" class=\"alignleft  wp-image-1195\" src=\"http:\/\/saiapm.ulbsibiu.ro\/wp-content\/uploads\/2016\/10\/pdfdoc.gif\" alt=\"\" width=\"20\" height=\"20\" \/>Hotarare CF 23.06.2025<\/a><\/p>\n<p><a href=\"https:\/\/saiapm.ulbsibiu.ro\/wp-content\/uploads\/2025\/07\/Hotarare-CF-29.04-11072025115429.pdf\"><img loading=\"lazy\" decoding=\"async\" class=\"alignleft  wp-image-1195\" src=\"http:\/\/saiapm.ulbsibiu.ro\/wp-content\/uploads\/2016\/10\/pdfdoc.gif\" alt=\"\" width=\"20\" height=\"20\" \/>Hotarare CF 29.04.2025<\/a><\/p>\n<p><a href=\"https:\/\/saiapm.ulbsibiu.ro\/wp-content\/uploads\/2025\/07\/Hotarare-CF-12.03-11072025115417.pdf\"><img loading=\"lazy\" decoding=\"async\" class=\"alignleft  wp-image-1195\" src=\"http:\/\/saiapm.ulbsibiu.ro\/wp-content\/uploads\/2016\/10\/pdfdoc.gif\" alt=\"\" width=\"20\" height=\"20\" \/>Hotarare CF 12.03.2025<\/a><\/p>\n<p><a href=\"https:\/\/saiapm.ulbsibiu.ro\/wp-content\/uploads\/2024\/12\/Hotarare-a-CF-din-data-de-19.12.2024-19122024115253.pdf\"><img loading=\"lazy\" decoding=\"async\" class=\"alignleft  wp-image-1195\" src=\"http:\/\/saiapm.ulbsibiu.ro\/wp-content\/uploads\/2016\/10\/pdfdoc.gif\" alt=\"\" width=\"20\" height=\"20\" \/><\/a><a href=\"https:\/\/saiapm.ulbsibiu.ro\/wp-content\/uploads\/2024\/12\/Hotarare-a-CF-din-data-de-19.12.2024-19122024115253.pdf\">Hotarare CF 19.12.2024 b<\/a><\/p>\n<p><a href=\"https:\/\/saiapm.ulbsibiu.ro\/wp-content\/uploads\/2024\/12\/Hotarare-a-CF-din-data-de-17.12.2024-19122024115239.pdf\"><img loading=\"lazy\" decoding=\"async\" class=\"alignleft  wp-image-1195\" src=\"http:\/\/saiapm.ulbsibiu.ro\/wp-content\/uploads\/2016\/10\/pdfdoc.gif\" alt=\"\" width=\"20\" height=\"20\" \/><\/a><a href=\"https:\/\/saiapm.ulbsibiu.ro\/wp-content\/uploads\/2024\/12\/Hotarare-a-CF-din-data-de-17.12.2024-19122024115239.pdf\">Hotarare CF 17.12.2024 a<\/a><\/p>\n[\/vc_column_text][\/vc_column][\/vc_row]\n","protected":false},"excerpt":{"rendered":"<p>[vc_row remove_bottom_col_margin=&#8221;true&#8221;][vc_column][vc_column_text] Plan strategic Facultatea de \u0218AIAPM &nbsp; [\/vc_column_text][vc_separator][vc_column_text] Hot\u0103r\u00e2ri ale Consiliului Facult\u0103\u021bii [\/vc_column_text][vc_column_text css=&#8221;.vc_custom_1763539287999{margin-bottom: 10px !important;}&#8221;] Hotarare CF 13.02.2026 Hotarare CF 19.01.2026 Hotarare CF 17.12.2025 Hotarare CF 9.12.2025 Hotarare CF 18.11.2025 Hotarare CF 16.10.2025 Hotarare CF 06.10.2025 Hotarare CF&hellip;<\/p>\n","protected":false},"author":1,"featured_media":0,"parent":6095,"menu_order":0,"comment_status":"closed","ping_status":"closed","template":"","meta":{"footnotes":""},"class_list":["post-6097","page","type-page","status-publish","hentry","entry","no-media"],"_links":{"self":[{"href":"https:\/\/saiapm.ulbsibiu.ro\/index.php\/wp-json\/wp\/v2\/pages\/6097"}],"collection":[{"href":"https:\/\/saiapm.ulbsibiu.ro\/index.php\/wp-json\/wp\/v2\/pages"}],"about":[{"href":"https:\/\/saiapm.ulbsibiu.ro\/index.php\/wp-json\/wp\/v2\/types\/page"}],"author":[{"embeddable":true,"href":"https:\/\/saiapm.ulbsibiu.ro\/index.php\/wp-json\/wp\/v2\/users\/1"}],"replies":[{"embeddable":true,"href":"https:\/\/saiapm.ulbsibiu.ro\/index.php\/wp-json\/wp\/v2\/comments?post=6097"}],"version-history":[{"count":32,"href":"https:\/\/saiapm.ulbsibiu.ro\/index.php\/wp-json\/wp\/v2\/pages\/6097\/revisions"}],"predecessor-version":[{"id":11674,"href":"https:\/\/saiapm.ulbsibiu.ro\/index.php\/wp-json\/wp\/v2\/pages\/6097\/revisions\/11674"}],"up":[{"embeddable":true,"href":"https:\/\/saiapm.ulbsibiu.ro\/index.php\/wp-json\/wp\/v2\/pages\/6095"}],"wp:attachment":[{"href":"https:\/\/saiapm.ulbsibiu.ro\/index.php\/wp-json\/wp\/v2\/media?parent=6097"}],"curies":[{"name":"wp","href":"https:\/\/api.w.org\/{rel}","templated":true}]}}