{"id":5526,"date":"2020-01-18T07:49:14","date_gmt":"2020-01-18T07:49:14","guid":{"rendered":"http:\/\/saiapm.ulbsibiu.ro\/?page_id=5526"},"modified":"2026-02-23T08:16:21","modified_gmt":"2026-02-23T08:16:21","slug":"licenta-disertatie","status":"publish","type":"page","link":"https:\/\/saiapm.ulbsibiu.ro\/index.php\/studenti\/licenta-disertatie\/","title":{"rendered":"licenta-disertatie"},"content":{"rendered":"[vc_row remove_bottom_col_margin=&#8221;true&#8221; css=&#8221;.vc_custom_1581337703430{margin-top: 10px !important;margin-bottom: 10px !important;background-color: #ffffff !important;}&#8221;][vc_column]<div style=\"font-size:25px;color:#dd3333;text-align:center;font-weight:900;\" class=\"vcex-module vcex-list_item\"><a href=\"https:\/\/saiapm.ulbsibiu.ro\/wp-content\/uploads\/2026\/02\/IN-ATENTIA-STUDENTILOR-DIN-ANII-TERMINALI.pdf\" style=\"color:#dd3333;\"><div class=\"vcex-icon-wrap\"><span class=\"fa fa-file-pdf-o\"><\/span><\/div>\u00ceN ATEN\u021aIA STUDEN\u021aILOR DIN ANII TERMINALI<\/a><\/div><h4 class=\"vcex-module vcex-heading vcex-heading-plain vc_custom_1737112395604\" style=\"text-align:center;\"><span class=\"vcex-heading-inner clr\">Examene de diplom\u0103\/diserta\u021bie<\/span><\/h4>[vc_column_text]\n<div><a href=\"https:\/\/saiapm.ulbsibiu.ro\/wp-content\/uploads\/2025\/12\/Calendar-examene-licenta_disertatie_FEBRUARIE_2026.pdf\">Calendarul examenelor de licen\u021b\u0103\/diserta\u021bie iarn\u0103<\/a><\/div>\n<div><a href=\"https:\/\/saiapm.ulbsibiu.ro\/wp-content\/uploads\/2025\/12\/Calendar-examene-licenta_disertatie_2026.pdf\">Calendarul examenelor de licen\u021b\u0103\/diserta\u021bie var\u0103<\/a><\/div>\n<div>\n<hr \/>\n<\/div>\n<div>\u00a0<\/div>\n<div><span style=\"font-size: 16px;\"><strong>Tematica pentru examenul de licen\u021b\u0103 2025-2026<\/strong><\/span><\/div>\n<div><span style=\"font-size: 16px;\"><a href=\"https:\/\/saiapm.ulbsibiu.ro\/wp-content\/uploads\/2025\/12\/Tematica-examen-diploma-IPA-18122025092056.pdf\">Tematica IPA<\/a><\/span><\/div>\n<div><span style=\"font-size: 16px;\"><a href=\"https:\/\/saiapm.ulbsibiu.ro\/wp-content\/uploads\/2025\/12\/Tematica-examen-diploma-CEPA-18122025092011.pdf\">Tematica CEPA<\/a><\/span><\/div>\n<div><span style=\"font-size: 16px;\"><a href=\"https:\/\/saiapm.ulbsibiu.ro\/wp-content\/uploads\/2025\/12\/Tematica-examen-diploma-IMAPA-18122025092209.pdf\">Tematica IMAPA<\/a><\/span><\/div>\n<div><span style=\"font-size: 16px;\"><a href=\"https:\/\/saiapm.ulbsibiu.ro\/wp-content\/uploads\/2025\/12\/Tematica-examen-diploma-IPMA-18122025092135.pdf\">Tematica IPMA<\/a><\/span><\/div>\n<div><span style=\"font-size: 16px;\"><a href=\"https:\/\/saiapm.ulbsibiu.ro\/wp-content\/uploads\/2026\/02\/Tematica-examen-diploma-MONTANOLOGIE-18122025092240-1.pdf\">Tematica MONTANOLOGIE<\/a><\/span><\/div>\n<div>\u00a0<\/div>\n<div>\n<hr \/>\n<\/div>\n<div><span style=\"color: #000000;\"><strong>Temele de diserta\u021bie 2025-2026<\/strong><\/span><\/div>\n<div><a href=\"https:\/\/saiapm.ulbsibiu.ro\/wp-content\/uploads\/2025\/12\/Teme-de-disertatie-ACSA-1.pdf\">Teme de diserta\u021bie ACSA<\/a><\/div>\n<div><a href=\"https:\/\/saiapm.ulbsibiu.ro\/wp-content\/uploads\/2026\/01\/TEME-PROPUSE-PENTRU-LUCRARILE-DE-DISERTATIE-MPMAlim.pdf\">Teme de disertatie MPMAlim<\/a><\/div>\n<div>\u00a0<\/div>\n<div>\u00a0<\/div>\n[\/vc_column_text]<div class=\"vcex-module vcex-list_item\"><a href=\"http:\/\/saiapm.ulbsibiu.ro\/wp-content\/uploads\/2017\/01\/Ghid-de-readactare-a-lucrarii-de-diploma.pdf\"><div class=\"vcex-icon-wrap\"><span class=\"fa fa-file-pdf-o\"><\/span><\/div>Ghid de redactare a lucr\u0103rii de diplom\u0103.pdf<\/a><\/div><div class=\"vcex-module vcex-list_item\"><a href=\"https:\/\/saiapm.ulbsibiu.ro\/wp-content\/uploads\/2026\/01\/Ghid-de-redactare-lucrare-dizertatie-SAIAPM.pdf\" title=\"Ghid redactare disertatie\"><div class=\"vcex-icon-wrap\"><span class=\"fa fa-file-pdf-o\"><\/span><\/div>Ghid de redactare a lucrarii de disertatie<\/a><\/div><div style=\"color:#1e73be;\" class=\"vcex-module vcex-list_item\"><a href=\"https:\/\/saiapm.ulbsibiu.ro\/wp-content\/uploads\/2025\/05\/DOC150525-15052025084052-1.pdf\" style=\"color:#1e73be;\"><div class=\"vcex-icon-wrap\" style=\"color:#1e73be;\"><span class=\"fa fa-file-pdf-o\"><\/span><\/div>Declara\u021bie de conformitate.pdf<\/a><\/div>[vc_row_inner disable_element=&#8221;yes&#8221; remove_bottom_col_margin=&#8221;true&#8221; css=&#8221;.vc_custom_1611678979633{border-top-width: 1px !important;border-right-width: 1px !important;border-bottom-width: 1px !important;border-left-width: 1px !important;background-color: #f8f8f8 !important;border-left-color: #f0f0f0 !important;border-left-style: solid !important;border-right-color: #f0f0f0 !important;border-right-style: solid !important;border-top-color: #f0f0f0 !important;border-top-style: solid !important;border-bottom-color: #f0f0f0 !important;border-bottom-style: solid !important;border-radius: 5px !important;}&#8221;][vc_column_inner][vc_column_text]\n<p><span style=\"font-size: 21px;\"><strong>Anun\u021buri<\/strong><\/span><\/p>\n[\/vc_column_text][vc_separator color=&#8221;black&#8221; css=&#8221;.vc_custom_1580211235294{margin-bottom: 30px !important;}&#8221;]<div class=\"vcex-module vcex-list_item\"><a href=\"http:\/\/saiapm.ulbsibiu.ro\/wp-content\/uploads\/2020\/07\/PROGRAMARE-ID-PROBA-2-09042020113639.pdf\"><div class=\"vcex-icon-wrap\"><span class=\"fa fa-file-pdf-o\"><\/span><\/div>Programarea sus\u021binerii lucr\u0103rii de diplom\u0103 &#8211; Montanologie ID.pdf<\/a><\/div><div style=\"color:#1e73be;\" class=\"vcex-module vcex-list_item\"><a href=\"https:\/\/saiapm.ulbsibiu.ro\/index.php\/2022\/12\/13\/tematica-examenului-de-diploma-2022-2023\/\" style=\"color:#1e73be;\"><div class=\"vcex-icon-wrap\" style=\"color:#1e73be;\"><span class=\"fa fa-file-pdf-o\"><\/span><\/div>Tematica examemenului de diplom\u0103 pentru anul univ 2022-2023 toate specializ\u0103rile<\/a><\/div><div style=\"color:#dd3333;\" class=\"vcex-module vcex-list_item vc_custom_1594061588773\"><a href=\"http:\/\/saiapm.ulbsibiu.ro\/wp-content\/uploads\/2020\/07\/Anunt-imprtant-sustinere-examene-de-licenta.pdf\" style=\"color:#dd3333;\"><div class=\"vcex-icon-wrap\" style=\"color:#dd3333;\"><span class=\"fa fa-file-pdf-o\"><\/span><\/div>Anunt important sustinere examen de licenta.pdf<\/a><\/div>[vc_column_text css=&#8221;.vc_custom_1593417688310{margin-bottom: 30px !important;border-top-width: 1px !important;border-right-width: 1px !important;border-bottom-width: 1px !important;border-left-width: 1px !important;padding-top: 10px !important;padding-right: 10px !important;padding-bottom: 10px !important;padding-left: 10px !important;border-left-color: #1e73be !important;border-left-style: solid !important;border-right-color: #1e73be !important;border-right-style: solid !important;border-top-color: #1e73be !important;border-top-style: solid !important;border-bottom-color: #1e73be !important;border-bottom-style: solid !important;}&#8221;]\n<p><strong>Formularul de \u00eenregistrare pentru \u00eenscrierea la sus\u021binerea lucr\u0103rii de diplom\u0103<\/strong><\/p>\n<p><a href=\"https:\/\/docs.google.com\/forms\/d\/e\/1FAIpQLSdDHoSp5DUHvVAPXL8XArGC05FygrGoaKb3HGzEhLJht9dBIA\/viewform?usp=sf_link\">https:\/\/docs.google.com\/forms\/d\/e\/1FAIpQLSdDHoSp5DUHvVAPXL8XArGC05FygrGoaKb3HGzEhLJht9dBIA\/viewform?usp=sf_link<\/a><\/p>\n[\/vc_column_text][vc_column_text css=&#8221;.vc_custom_1592994784364{margin-bottom: 15px !important;}&#8221;]\n<div><strong>Anun\u021buri 24.06.2020<\/strong><\/div>\n<div>\u00a0<\/div>\n<div class=\"_2cuy _3dgx _2vxa\"><span class=\"_4yxo\"><strong>Anun\u021b general<\/strong> <\/span><a href=\"http:\/\/saiapm.ulbsibiu.ro\/index.php\/2020\/06\/24\/in-atentia-studentilor-din-anii-terminali\/?fbclid=IwAR235te5W3tRjSIaqrx7KvZBkngqObdXILZ7bz0HffDzSSM9Gwj3WPvbsCE\" target=\"_blank\" rel=\"noopener nofollow noreferrer\" data-lynx-mode=\"asynclazy\" data-lynx-uri=\"https:\/\/l.facebook.com\/l.php?u=http%3A%2F%2Fsaiapm.ulbsibiu.ro%2Findex.php%2F2020%2F06%2F24%2Fin-atentia-studentilor-din-anii-terminali%2F%3Ffbclid%3DIwAR235te5W3tRjSIaqrx7KvZBkngqObdXILZ7bz0HffDzSSM9Gwj3WPvbsCE&amp;h=AT3He0WlmJCAjZ4U9enP7mqdUIQRHPTOaDPjSYMRfM-DexX_W94FSvvBPoUDl1KNnn9w1R50hP-RpKg8bLKjkqKmnWkSKNGPG0R8kp-6K19Ss7AQPNFBFXCejNYR0zjFjauu57TUYGfRrOI8tGFTSA\">http:\/\/saiapm.ulbsibiu.ro\/index.php\/2020\/06\/24\/in-atentia-studentilor-din-anii-terminali\/<\/a><\/div>\n<div class=\"_2cuy _3dgx _2vxa\"><strong><span class=\"_4yxo\">Anun\u021b pentru anii IV<\/span><\/strong><\/div>\n<div class=\"_2cuy _3dgx _2vxa\"><a href=\"http:\/\/saiapm.ulbsibiu.ro\/index.php\/2020\/06\/24\/in-atentia-anului-iv\/?fbclid=IwAR0wee01hc1yjLnMpHJOBO8gwiOsmawVuiMaLcfFt2LZxK0NOzgjCfP3oLo\" target=\"_blank\" rel=\"noopener nofollow noreferrer\" data-lynx-mode=\"asynclazy\" data-lynx-uri=\"https:\/\/l.facebook.com\/l.php?u=http%3A%2F%2Fsaiapm.ulbsibiu.ro%2Findex.php%2F2020%2F06%2F24%2Fin-atentia-anului-iv%2F%3Ffbclid%3DIwAR0wee01hc1yjLnMpHJOBO8gwiOsmawVuiMaLcfFt2LZxK0NOzgjCfP3oLo&amp;h=AT3E0tjU4Xunz949UqLOZUJb9aLy0fpcDkioe4eSh3gDf2h7LNYVIC7bcpCZrE3lbFdEaCCuD7CWDXiIrdWqqNRcNonr1re2pxxMRiDrvtZNHs_OyKVj_VLPbo1CvjbdjbfAohxa2yXeIvcMHR43ZA\">http:\/\/saiapm.ulbsibiu.ro\/index.php\/2020\/06\/24\/in-atentia-anului-iv\/<\/a><\/div>\n<div class=\"_2cuy _3dgx _2vxa\"><strong><span class=\"_4yxo\">Anun\u021b pentru anii II master<\/span><\/strong><\/div>\n<div class=\"_2cuy _3dgx _2vxa\"><a href=\"http:\/\/saiapm.ulbsibiu.ro\/index.php\/2020\/06\/24\/in-atentia-studentilor-din-anul-ii-de-studiu-master\/?fbclid=IwAR2WFJDKoBr1NSWRq-RnLIy6clNEw04ILtBOCgSpVguwtnQUwm82ZH8Ogc8\" target=\"_blank\" rel=\"noopener nofollow noreferrer\" data-lynx-mode=\"asynclazy\" data-lynx-uri=\"https:\/\/l.facebook.com\/l.php?u=http%3A%2F%2Fsaiapm.ulbsibiu.ro%2Findex.php%2F2020%2F06%2F24%2Fin-atentia-studentilor-din-anul-ii-de-studiu-master%2F%3Ffbclid%3DIwAR2WFJDKoBr1NSWRq-RnLIy6clNEw04ILtBOCgSpVguwtnQUwm82ZH8Ogc8&amp;h=AT0lCtjfIzberuFkOrvHqs6vJhUxTL6CYKr638veaYayHkBDq0oOJPpUQfvbBtNmkm0h9fDfLFnzYRMPZMPP-QJ7p4pWNX8sVF38syqBlRuQrISkSEW6TnyFXtZ40cso3u9zIzcDNfaOogGEZEmecw\">http:\/\/saiapm.ulbsibiu.ro\/index.php\/2020\/06\/24\/in-atentia-studentilor-din-anul-ii-de-studiu-master\/<\/a><\/div>\n[\/vc_column_text]<div class=\"vcex-module vcex-list_item\"><a href=\"http:\/\/saiapm.ulbsibiu.ro\/wp-content\/uploads\/2020\/05\/Datele-actualizate-de-sus\u0163inere-a-licen\u0163ei-\u015fi-diserta\u0163iei-iulie-2020.pdf\"><div class=\"vcex-icon-wrap\"><span class=\"fa fa-file-pdf-o\"><\/span><\/div>Date actualizate sustinere licenta disertatie iulie 2020.pdf<\/a><\/div>[\/vc_column_inner][\/vc_row_inner][\/vc_column][\/vc_row]\n","protected":false},"excerpt":{"rendered":"<p>[vc_row remove_bottom_col_margin=&#8221;true&#8221; css=&#8221;.vc_custom_1581337703430{margin-top: 10px !important;margin-bottom: 10px !important;background-color: #ffffff !important;}&#8221;][vc_column][vc_column_text] Calendarul examenelor de licen\u021b\u0103\/diserta\u021bie iarn\u0103 Calendarul examenelor de licen\u021b\u0103\/diserta\u021bie var\u0103 \u00a0 Tematica pentru examenul de licen\u021b\u0103 2025-2026 Tematica IPA Tematica CEPA Tematica IMAPA Tematica IPMA Tematica MONTANOLOGIE \u00a0 Temele de diserta\u021bie&hellip;<\/p>\n","protected":false},"author":1,"featured_media":0,"parent":627,"menu_order":0,"comment_status":"closed","ping_status":"closed","template":"","meta":{"footnotes":""},"class_list":["post-5526","page","type-page","status-publish","hentry","entry","no-media"],"_links":{"self":[{"href":"https:\/\/saiapm.ulbsibiu.ro\/index.php\/wp-json\/wp\/v2\/pages\/5526"}],"collection":[{"href":"https:\/\/saiapm.ulbsibiu.ro\/index.php\/wp-json\/wp\/v2\/pages"}],"about":[{"href":"https:\/\/saiapm.ulbsibiu.ro\/index.php\/wp-json\/wp\/v2\/types\/page"}],"author":[{"embeddable":true,"href":"https:\/\/saiapm.ulbsibiu.ro\/index.php\/wp-json\/wp\/v2\/users\/1"}],"replies":[{"embeddable":true,"href":"https:\/\/saiapm.ulbsibiu.ro\/index.php\/wp-json\/wp\/v2\/comments?post=5526"}],"version-history":[{"count":79,"href":"https:\/\/saiapm.ulbsibiu.ro\/index.php\/wp-json\/wp\/v2\/pages\/5526\/revisions"}],"predecessor-version":[{"id":11670,"href":"https:\/\/saiapm.ulbsibiu.ro\/index.php\/wp-json\/wp\/v2\/pages\/5526\/revisions\/11670"}],"up":[{"embeddable":true,"href":"https:\/\/saiapm.ulbsibiu.ro\/index.php\/wp-json\/wp\/v2\/pages\/627"}],"wp:attachment":[{"href":"https:\/\/saiapm.ulbsibiu.ro\/index.php\/wp-json\/wp\/v2\/media?parent=5526"}],"curies":[{"name":"wp","href":"https:\/\/api.w.org\/{rel}","templated":true}]}}