{"id":5312,"date":"2019-10-07T06:18:28","date_gmt":"2019-10-07T06:18:28","guid":{"rendered":"http:\/\/saiapm.ulbsibiu.ro\/?page_id=5312"},"modified":"2024-11-15T05:49:24","modified_gmt":"2024-11-15T05:49:24","slug":"proiecte-2","status":"publish","type":"page","link":"https:\/\/saiapm.ulbsibiu.ro\/index.php\/proiecte-2\/","title":{"rendered":"Proiecte"},"content":{"rendered":"[vc_row remove_bottom_col_margin=&#8221;true&#8221; css=&#8221;.vc_custom_1581368054499{margin-top: 20px !important;background-color: #ffffff !important;}&#8221;][vc_column][vc_column_text]\n<p><span style=\"color: #333333;\"><span style=\"font-size: 32px;\">Proiecte<\/span><\/span><\/p>\n[\/vc_column_text][vc_separator color=&#8221;black&#8221; css=&#8221;.vc_custom_1581368100693{margin-bottom: 15px !important;}&#8221;][vc_column_text]\n<p><a href=\"https:\/\/saiapm.ulbsibiu.ro\/index.php\/2024\/11\/15\/workshop-in-the-frame-of-e-food-project\/\">Workshop<span lang=\"EN\">\u00a0in the frame of E-FOOD project<\/span><\/a><\/p>\n[\/vc_column_text][vc_column_text]\n<p><span style=\"font-size: 16px;\"><a href=\"https:\/\/saiapm.ulbsibiu.ro\/index.php\/2022\/11\/09\/programul-de-schimburi-de-studii-central-european-ceepus\/\">Programul de Schimburi de Studii Central European (CEEPUS)<\/a><\/span><\/p>\n[\/vc_column_text][vc_column_text]\n<p><span style=\"font-size: 16px;\"><a href=\"http:\/\/saiapm.ulbsibiu.ro\/index.php\/proiecte\/strategic-platform-for-ameliorating-tunisian-higher-education-on-food-sciences-and-technology\/\">Strategic Platform for Ameliorating Tunisian Higher Education on Food Sciences and Technology<\/a><\/span><\/p>\n[\/vc_column_text][vc_column_text]\n<p><span style=\"font-size: 16px;\"><a href=\"http:\/\/saiapm.ulbsibiu.ro\/wp-content\/uploads\/2019\/10\/FisaExecutie-CNFIS-FDI-2019-0513-13.05.2019_.pdf.pdf\">Asigurarea func\u021bion\u0103rii \u00een bune condi\u021bii a bazei de practic\u0103 &#8211; Ferma didactic\u0103 RUSCIORI prin diversificarea \u0219i \u00eenbun\u0103t\u0103\u021birea calit\u0103\u021bii lucr\u0103rilor didactice \u0219i de cercetare organizate<\/a><\/span><\/p>\n[\/vc_column_text][vc_column_text]\n<p><span style=\"font-size: 16px;\"><a href=\"http:\/\/saiapm.ulbsibiu.ro\/index.php\/agropractik\/\">Agropractik<\/a><\/span><\/p>\n[\/vc_column_text][vc_column_text]\n<p><span style=\"font-size: 16px;\"><a href=\"http:\/\/saiapm.ulbsibiu.ro\/index.php\/agropractik\/\">Gastronomia tradi\u021bional\u0103 local\u0103<\/a><\/span><\/p>\n[\/vc_column_text][vc_column_text]\n<p><span style=\"font-size: 16px;\"><a href=\"http:\/\/saiapm.ulbsibiu.ro\/index.php\/istoria-bucatariei-fine-sibiene-de-la-renastere-pana-in-zilele-noastre\/\">Istoria buc\u0103t\u0103riei fine sibiene: de la Rena\u0219tere p\u00e2n\u0103 \u00een zilele noastre<\/a><\/span><\/p>\n[\/vc_column_text][\/vc_column][\/vc_row]\n","protected":false},"excerpt":{"rendered":"<p>[vc_row remove_bottom_col_margin=&#8221;true&#8221; css=&#8221;.vc_custom_1581368054499{margin-top: 20px !important;background-color: #ffffff !important;}&#8221;][vc_column][vc_column_text] Proiecte [\/vc_column_text][vc_separator color=&#8221;black&#8221; css=&#8221;.vc_custom_1581368100693{margin-bottom: 15px !important;}&#8221;][vc_column_text] Workshop\u00a0in the frame of E-FOOD project [\/vc_column_text][vc_column_text] Programul de Schimburi de Studii Central European (CEEPUS) [\/vc_column_text][vc_column_text] Strategic Platform for Ameliorating Tunisian Higher Education on Food Sciences and&hellip;<\/p>\n","protected":false},"author":1,"featured_media":0,"parent":0,"menu_order":0,"comment_status":"closed","ping_status":"closed","template":"","meta":{"footnotes":""},"class_list":["post-5312","page","type-page","status-publish","hentry","entry","no-media"],"_links":{"self":[{"href":"https:\/\/saiapm.ulbsibiu.ro\/index.php\/wp-json\/wp\/v2\/pages\/5312"}],"collection":[{"href":"https:\/\/saiapm.ulbsibiu.ro\/index.php\/wp-json\/wp\/v2\/pages"}],"about":[{"href":"https:\/\/saiapm.ulbsibiu.ro\/index.php\/wp-json\/wp\/v2\/types\/page"}],"author":[{"embeddable":true,"href":"https:\/\/saiapm.ulbsibiu.ro\/index.php\/wp-json\/wp\/v2\/users\/1"}],"replies":[{"embeddable":true,"href":"https:\/\/saiapm.ulbsibiu.ro\/index.php\/wp-json\/wp\/v2\/comments?post=5312"}],"version-history":[{"count":20,"href":"https:\/\/saiapm.ulbsibiu.ro\/index.php\/wp-json\/wp\/v2\/pages\/5312\/revisions"}],"predecessor-version":[{"id":9310,"href":"https:\/\/saiapm.ulbsibiu.ro\/index.php\/wp-json\/wp\/v2\/pages\/5312\/revisions\/9310"}],"wp:attachment":[{"href":"https:\/\/saiapm.ulbsibiu.ro\/index.php\/wp-json\/wp\/v2\/media?parent=5312"}],"curies":[{"name":"wp","href":"https:\/\/api.w.org\/{rel}","templated":true}]}}