{"id":4744,"date":"2018-11-13T12:34:21","date_gmt":"2018-11-13T12:34:21","guid":{"rendered":"http:\/\/saiapm.ulbsibiu.ro\/?page_id=4744"},"modified":"2018-11-13T12:57:22","modified_gmt":"2018-11-13T12:57:22","slug":"simpozionul-pznid","status":"publish","type":"page","link":"https:\/\/saiapm.ulbsibiu.ro\/index.php\/simpozionul-pznid\/","title":{"rendered":"Simpozionul PZNID"},"content":{"rendered":"[vc_row][vc_column][vc_column_text css=&#8221;.vc_custom_1542113366789{margin-top: 30px !important;margin-bottom: 20px !important;}&#8221;]\n<p style=\"text-align: center;\"><strong><span style=\"font-size: 28px;\">Simpozionul\u00a0<\/span><\/strong><strong><span style=\"font-size: 28px;\">\u201dProdusele zaharoase noi \u2013 imagina\u021bie \u0219i design\u201d<\/span><\/strong><\/p>\n[\/vc_column_text][vc_single_image image=&#8221;4746&#8243; img_size=&#8221;564&#215;350&#8243; alignment=&#8221;center&#8221; style=&#8221;vc_box_shadow_3d&#8221;][vc_column_text]\n<p style=\"text-align: center;\"><span style=\"font-size: 18px;\">Organizator: Conf. Dr. Ing. Monica Mironescu<\/span><\/p>\n[\/vc_column_text][vc_column_text css=&#8221;.vc_custom_1542113820876{margin-top: 30px !important;}&#8221;]\n<p><span style=\"font-size: 21px;\"><strong>Edi\u021bia a XVIII-a<\/strong><\/span><\/p>\n<p>La sf\u00e2r\u0219itul semestrului II din anul universitar 2017-2018 s-a organizat cea de-a 18-a edi\u021bie a Simpozionului \u201dProdusele zaharoase noi \u2013 imagina\u021bie \u0219i design\u201d. \u00cen cadrul Simpozionului, studen\u021bii din anii IV de la specializ\u0103rile IPA, CEPA au prezentat rezultatele activit\u0103\u021bii de inovare \u00een domeniul proiect\u0103rii, realiz\u0103rii \u0219i dezvolt\u0103rii unui concept de marketing produselor zaharoase\/ dulciurilor realizate pe parcursul anului universitar.<\/p>\n<p><strong>Data, loca\u021bia:<\/strong>\u00a014.05.2018, \u00een cadrul \u201dInternational week at ULBS\u201d, holul Facult\u0103\u021bii de Medicin\u0103<\/p>\n<p><strong>Program:\u00a0<\/strong><\/p>\n<p style=\"padding-left: 30px;\">8.00-9.00 Organizare standuri<\/p>\n<p style=\"padding-left: 30px;\">9.00- 12.00 Simpozion<\/p>\n<p><strong>Lucr\u0103rile Simpozionului:<\/strong><\/p>\n<ol>\n<li>Amza M\u0103d\u0103lin, Calciu Mirabela, Gheorghe Roxana, anul IV IPA \u2013 Inovare la ob\u021binerea ciocolatei albe prin folosirea plantelor cu clorofil\u0103 (spanac, orz)<\/li>\n<li>Moga M\u0103d\u0103lina, Petrus Florina, anul IV IPA &#8211; Jeleuri \u201dreinventate\u201d cu vin \u0219i br\u00e2nz\u0103<\/li>\n<li>Grigora\u0219 Anca, Nov\u0103cean Viorel, anul IV IPA \u2013 Bomboane proteice pe baz\u0103 de proteine din zer<\/li>\n<li>Cre\u021bu Denisa, Bi\u0219boac\u0103 Adelina, Bica Andreea, anul IV IPA \u2013 Jeleurile cu legume \u2013 o alternativ\u0103 s\u0103n\u0103toas\u0103<\/li>\n<li>Pascu Andreea, anul IV CEPA &#8211; Inovare la ob\u021binerea ciocolatei albe prin folosirea fructelor de soc drept colorant \u0219i aromatizant<\/li>\n<li>Idu Bianca, \u0218uiu Larisa, R\u0103dulescu Silvia, anul IV IPA \u2013 Mierea \u0219i derivatele ei folosite la ob\u021binerea dropsurilor inovative<\/li>\n<\/ol>\n[\/vc_column_text][\/vc_column][\/vc_row]\n","protected":false},"excerpt":{"rendered":"<p>[vc_row][vc_column][vc_column_text css=&#8221;.vc_custom_1542113366789{margin-top: 30px !important;margin-bottom: 20px !important;}&#8221;] Simpozionul\u00a0\u201dProdusele zaharoase noi \u2013 imagina\u021bie \u0219i design\u201d [\/vc_column_text][vc_single_image image=&#8221;4746&#8243; img_size=&#8221;564&#215;350&#8243; alignment=&#8221;center&#8221; style=&#8221;vc_box_shadow_3d&#8221;][vc_column_text] Organizator: Conf. Dr. Ing. Monica Mironescu [\/vc_column_text][vc_column_text css=&#8221;.vc_custom_1542113820876{margin-top: 30px !important;}&#8221;] Edi\u021bia a XVIII-a La sf\u00e2r\u0219itul semestrului II din anul universitar 2017-2018 s-a&hellip;<\/p>\n","protected":false},"author":1,"featured_media":0,"parent":0,"menu_order":0,"comment_status":"closed","ping_status":"closed","template":"","meta":{"footnotes":""},"class_list":["post-4744","page","type-page","status-publish","hentry","entry","no-media"],"_links":{"self":[{"href":"https:\/\/saiapm.ulbsibiu.ro\/index.php\/wp-json\/wp\/v2\/pages\/4744"}],"collection":[{"href":"https:\/\/saiapm.ulbsibiu.ro\/index.php\/wp-json\/wp\/v2\/pages"}],"about":[{"href":"https:\/\/saiapm.ulbsibiu.ro\/index.php\/wp-json\/wp\/v2\/types\/page"}],"author":[{"embeddable":true,"href":"https:\/\/saiapm.ulbsibiu.ro\/index.php\/wp-json\/wp\/v2\/users\/1"}],"replies":[{"embeddable":true,"href":"https:\/\/saiapm.ulbsibiu.ro\/index.php\/wp-json\/wp\/v2\/comments?post=4744"}],"version-history":[{"count":2,"href":"https:\/\/saiapm.ulbsibiu.ro\/index.php\/wp-json\/wp\/v2\/pages\/4744\/revisions"}],"predecessor-version":[{"id":4747,"href":"https:\/\/saiapm.ulbsibiu.ro\/index.php\/wp-json\/wp\/v2\/pages\/4744\/revisions\/4747"}],"wp:attachment":[{"href":"https:\/\/saiapm.ulbsibiu.ro\/index.php\/wp-json\/wp\/v2\/media?parent=4744"}],"curies":[{"name":"wp","href":"https:\/\/api.w.org\/{rel}","templated":true}]}}