{"id":4081,"date":"2018-03-05T18:16:55","date_gmt":"2018-03-05T18:16:55","guid":{"rendered":"http:\/\/saiapm.ulbsibiu.ro\/?page_id=4081"},"modified":"2019-04-19T07:31:48","modified_gmt":"2019-04-19T07:31:48","slug":"cnsda2019","status":"publish","type":"page","link":"https:\/\/saiapm.ulbsibiu.ro\/index.php\/conferinte\/cnsda2019\/","title":{"rendered":"CNSDA2019"},"content":{"rendered":"[vc_row remove_bottom_col_margin=&#8221;true&#8221; css=&#8221;.vc_custom_1555580020134{margin-top: 20px !important;margin-bottom: 10px !important;border-right-width: 1px !important;border-bottom-width: 1px !important;background-color: #ffffff !important;border-right-color: #b7b7b7 !important;border-right-style: solid !important;border-bottom-color: #b7b7b7 !important;border-bottom-style: solid !important;}&#8221;][vc_column width=&#8221;1\/4&#8243;][vc_single_image image=&#8221;4975&#8243; css=&#8221;.vc_custom_1555579626801{margin-top: 70px !important;}&#8221;][vc_empty_space height=&#8221;30&#8243;][\/vc_column][vc_column width=&#8221;3\/4&#8243;][vc_row_inner css=&#8221;.vc_custom_1555579609714{margin-bottom: 10px !important;}&#8221;][vc_column_inner width=&#8221;1\/4&#8243;][vc_single_image image=&#8221;48&#8243;][\/vc_column_inner][vc_column_inner width=&#8221;1\/4&#8243;][vc_single_image image=&#8221;1013&#8243; alignment=&#8221;right&#8221;][\/vc_column_inner][vc_column_inner width=&#8221;1\/4&#8243;][vc_single_image image=&#8221;4256&#8243; alignment=&#8221;right&#8221; css=&#8221;.vc_custom_1555580076560{margin-top: 20px !important;}&#8221;][\/vc_column_inner][vc_column_inner width=&#8221;1\/4&#8243;][vc_single_image image=&#8221;4976&#8243; alignment=&#8221;right&#8221;][\/vc_column_inner][\/vc_row_inner][\/vc_column][\/vc_row][vc_row remove_bottom_col_margin=&#8221;true&#8221; css=&#8221;.vc_custom_1555579857708{margin-top: 20px !important;border-right-width: 1px !important;border-bottom-width: 1px !important;padding-top: 30px !important;background-color: #ffffff !important;border-right-color: #b7b7b7 !important;border-right-style: solid !important;border-bottom-color: #b7b7b7 !important;border-bottom-style: solid !important;}&#8221;][vc_column width=&#8221;1\/4&#8243;][vc_single_image image=&#8221;4254&#8243; alignment=&#8221;center&#8221;][\/vc_column][vc_column width=&#8221;3\/4&#8243;][vc_column_text css_animation=&#8221;none&#8221; css=&#8221;.vc_custom_1548792759288{margin-bottom: 30px !important;}&#8221;]\n<div style=\"text-align: center;\"><span style=\"color: #333333;\"><em><strong><span style=\"font-size: 28px;\">Conferin\u021ba na\u021bional\u0103 studen\u021beasc\u0103<\/span><\/strong><\/em><\/span><\/div>\n<div>\u00a0<\/div>\n<div style=\"text-align: center;\"><span style=\"color: #008000;\"><strong><span style=\"font-size: 28px;\">\u201dProvoc\u0103ri \u0219i oportunit\u0103\u021bi privind valorificarea de\u0219eurilor agro-<\/span><span style=\"font-size: 28px;\">alimentare\u201d, <\/span><\/strong><\/span><\/div>\n<div>\u00a0<\/div>\n<div style=\"text-align: center;\"><span style=\"color: #333333; font-size: 21px;\"><strong>18-20 aprilie 2019, Sibiu<\/strong><\/span><\/div>\n[\/vc_column_text][\/vc_column][\/vc_row][vc_row css=&#8221;.vc_custom_1555579891966{margin-top: 20px !important;border-right-width: 1px !important;border-bottom-width: 1px !important;background-color: #ffffff !important;background-position: center !important;background-repeat: no-repeat !important;background-size: cover !important;border-right-color: #b7b7b7 !important;border-bottom-color: #b7b7b7 !important;}&#8221;][vc_column width=&#8221;1\/2&#8243; css=&#8221;.vc_custom_1522005794869{background-color: #ffffff !important;}&#8221;][vc_column_text css=&#8221;.vc_custom_1522006889281{margin-top: 10px !important;}&#8221;]\n<p><span style=\"font-size: 21px;\"><strong>Descriere<\/strong><\/span><\/p>\n[\/vc_column_text][vc_separator][vc_column_text css=&#8221;.vc_custom_1521970270402{margin-top: 10px !important;}&#8221;]\n<p>Conferin\u0163a derulat\u0103 sub egida Ministerului Educa\u021biei Na\u021bionale reprezint\u0103 o ini\u0163iativ\u0103 nou\u0103, ap\u0103rut\u0103 ca urmare a necesit\u0103\u021bii unei abord\u0103ri holistice privind impactul pe care \u00eel are produc\u021bia agricol\u0103 \u0219i alimentar\u0103 asupra mediului. Conferin\u021ba \u00ee\u015fi propune s\u0103 sprijine studen\u0163ii de la nivelurile de licen\u0163\u0103 \u0219i masterat \u00een demersul acestora de a realiza cercet\u0103ri de valorificare a de\u0219eurilor generate din agricultur\u0103 \u0219i din industria alimentar\u0103, sub forma unor ingrediente bioactive, ambalaje din materiale biodegradabile, biofertilizatori, producerea de bioenergie, \u0219i nu numai.<\/p>\n[\/vc_column_text][vc_column_text css=&#8221;.vc_custom_1521970848583{margin-top: 15px !important;}&#8221;]\n<p><span style=\"font-size: 21px;\"><strong>Calendar<\/strong><\/span><\/p>\n[\/vc_column_text][vc_separator css=&#8221;.vc_custom_1521970793573{margin-bottom: 10px !important;}&#8221;][vc_column_text css=&#8221;.vc_custom_1555401380320{margin-bottom: 30px !important;}&#8221;]\n<div>Conferin\u0163a va avea loc \u00een perioada\u00a0<strong>18-20 aprilie 2019<\/strong>\u00a0av\u00e2nd ca program preliminar:<\/div>\n<div>18 aprilie: sosirea participan\u021bilor \u0219i Cina festiv\u0103<\/div>\n<div>19 aprilie: deschiderea conferin\u021bei \u0219i prezentarea lucr\u0103rilor \u0219tiin\u021bifice studen\u021be\u0219ti<\/div>\n<div>20 aprilie: acordarea diplomelor; \u00eenchiderea oficial\u0103 a conferin\u021bei<\/div>\n<div>\u00a0<\/div>\n<div>Cei interesa\u0163i s\u0103 participe sunt invita\u0163i s\u0103 completeze <strong>formularul de \u00eenregistrare online al\u0103turat\u00a0<\/strong>p\u00e2n\u0103 \u00een data de <strong>30 martie 2019.<\/strong><\/div>\n<div>\u00a0<\/div>\n<div>Lucr\u0103rile \u0219tiin\u021bifice studen\u021be\u0219ti realizate sub coordonarea unui cadru didactic, \u00eenscrise la conferin\u021b\u0103, vor fi prezentate oral (\u00een programul PowerPoint) \u00een limba rom\u00e2n\u0103. Lucr\u0103rile \u00eenscrise \u0219i sus\u021binute vor fi publicate \u00een <strong>Programul conferin\u021bei<\/strong>.<\/div>\n<div>\u00a0<\/div>\n<div>\n<div><strong>Comitet \u0219tiin\u021bific:<\/strong><\/div>\n<div>Prof. univ. dr. habil. Simona OANCEA<\/div>\n<div>Universitatea \u201dLucian Blaga\u201d din Sibiu, Facultatea de \u0218tiin\u021be Agricole, Industrie Alimentar\u0103 \u0219i Protec\u021bia Mediului<\/div>\n<div>\u00a0<\/div>\n<div>Conf. univ. dr. ing. Adriana DABIJA<\/div>\n<div>Universitatea \u0218tefan cel Mare din Suceava, Facultatea de Inginerie Alimentar\u0103<\/div>\n<div>\u00a0<\/div>\n<div>Conf. univ. dr. Felicia TU\u0162ULESCU\u00a0<\/div>\n<div>Universitatea din Craiova, Facultatea de Horticultur\u0103<\/div>\n<\/div>\n[\/vc_column_text]<div style=\"font-size:16px;color:#1e73be;\" class=\"vcex-module vcex-list_item\"><a href=\"http:\/\/saiapm.ulbsibiu.ro\/wp-content\/uploads\/2019\/04\/Program-conferinta-2019-1.pdf\" style=\"color:#1e73be;\"><div class=\"vcex-icon-wrap\" style=\"font-size:18px;color:#1e73be;\"><span class=\"fa fa-file-pdf-o\"><\/span><\/div>Programul conferintei.pdf<\/a><\/div><div style=\"font-size:16px;color:#1e73be;\" class=\"vcex-module vcex-list_item\"><a href=\"http:\/\/saiapm.ulbsibiu.ro\/wp-content\/uploads\/2019\/01\/Invitatie-conferinta-nat-std-2019_Sibiu_VALORIFICAREA-DESEURILOR-AGRO_ALIMENTARE.pdf\" style=\"color:#1e73be;\"><div class=\"vcex-icon-wrap\" style=\"font-size:18px;color:#1e73be;\"><span class=\"fa fa-file-pdf-o\"><\/span><\/div>Invitatie.pdf<\/a><\/div><div style=\"font-size:16px;color:#1e73be;\" class=\"vcex-module vcex-list_item\"><a href=\"http:\/\/saiapm.ulbsibiu.ro\/wp-content\/uploads\/2019\/04\/REGULAMENT-DE-PREMIERE.pdf\" style=\"color:#1e73be;\"><div class=\"vcex-icon-wrap\" style=\"font-size:18px;color:#1e73be;\"><span class=\"fa fa-file-pdf-o\"><\/span><\/div>Regulament de premiere.pdf<\/a><\/div>[vc_column_text css=&#8221;.vc_custom_1555564765000{margin-top: 40px !important;}&#8221;]\n<p><span style=\"font-size: 21px;\"><strong>Contact<\/strong><\/span><\/p>\n[\/vc_column_text][vc_separator css=&#8221;.vc_custom_1521970793573{margin-bottom: 10px !important;}&#8221;][vc_column_text css=&#8221;.vc_custom_1548793050191{margin-top: 10px !important;}&#8221;]\n<div>\u00a0 \u00a0 \u00a0 \u00a0 \u00a0 \u00a0 \u00a0 <strong>Sef lucrari dr. ing. Ognean MIHAI<\/strong><\/div>\n<div>\u00a0 \u00a0 \u00a0 \u00a0 \u00a0 \u00a0 \u00a0 E-mail: <a href=\"mailto:mihai.ognean@ulbsibiu.ro\">mihai.ognean@ulbsibiu.ro<\/a><\/div>\n[\/vc_column_text][\/vc_column][vc_column width=&#8221;1\/2&#8243; css=&#8221;.vc_custom_1552553771644{background-color: rgba(30,115,190,0.3) !important;*background-color: rgb(30,115,190) !important;}&#8221;][vc_column_text css=&#8221;.vc_custom_1552553849771{margin-top: 10px !important;}&#8221;]\n<p><span style=\"color: #000000;\"><strong><span style=\"font-size: 21px;\">\u00cenregistrare<\/span><\/strong><\/span><\/p>\n[\/vc_column_text][vc_separator css=&#8221;.vc_custom_1552553945941{margin-bottom: 20px !important;}&#8221;][contact-form-7 id=&#8221;4871&#8243;][vc_separator css=&#8221;.vc_custom_1520677171298{margin-bottom: 20px !important;}&#8221;][vc_column_text css=&#8221;.vc_custom_1552553742847{padding-bottom: 20px !important;}&#8221;]\n<p><span style=\"font-size: 14px;\"><strong>IMPORTANT! Doar persoanele care vor expedia formularul de \u00eenregistrare vor fi incluse \u00een lista participan\u0163ilor. \u00cen cazul \u00een care o organiza\u0163ie va fi reprezentat\u0103 de mai multe echipe, fiecare va completa formularul de \u00eenregistrare separat.<\/strong><\/span><\/p>\n[\/vc_column_text][vc_column_text css=&#8221;.vc_custom_1555579790603{margin-bottom: 15px !important;background-color: #ffffff !important;}&#8221;]\n<div style=\"text-align: center;\"><strong><span style=\"font-size: 21px;\">Sponsori<\/span><\/strong><\/div>\n<div>\u00a0<\/div>\n<p style=\"text-align: center;\"><img loading=\"lazy\" decoding=\"async\" class=\"size-medium wp-image-4973 aligncenter\" src=\"http:\/\/saiapm.ulbsibiu.ro\/wp-content\/uploads\/2019\/04\/eldi-300x66.png\" alt=\"\" width=\"300\" height=\"66\" srcset=\"https:\/\/saiapm.ulbsibiu.ro\/wp-content\/uploads\/2019\/04\/eldi-300x66.png 300w, https:\/\/saiapm.ulbsibiu.ro\/wp-content\/uploads\/2019\/04\/eldi.png 352w\" sizes=\"(max-width: 300px) 100vw, 300px\" \/><\/p>\n<p style=\"text-align: center;\"><img loading=\"lazy\" decoding=\"async\" class=\"size-medium wp-image-4972 aligncenter\" src=\"http:\/\/saiapm.ulbsibiu.ro\/wp-content\/uploads\/2019\/04\/trans-agape-300x92.png\" alt=\"\" width=\"300\" height=\"92\" srcset=\"https:\/\/saiapm.ulbsibiu.ro\/wp-content\/uploads\/2019\/04\/trans-agape-300x92.png 300w, https:\/\/saiapm.ulbsibiu.ro\/wp-content\/uploads\/2019\/04\/trans-agape-768x234.png 768w, https:\/\/saiapm.ulbsibiu.ro\/wp-content\/uploads\/2019\/04\/trans-agape-1024x312.png 1024w\" sizes=\"(max-width: 300px) 100vw, 300px\" \/><\/p>\n<p>&nbsp;<\/p>\n[\/vc_column_text][\/vc_column][\/vc_row]\n","protected":false},"excerpt":{"rendered":"<p>[vc_row remove_bottom_col_margin=&#8221;true&#8221; css=&#8221;.vc_custom_1555580020134{margin-top: 20px !important;margin-bottom: 10px !important;border-right-width: 1px !important;border-bottom-width: 1px !important;background-color: #ffffff !important;border-right-color: #b7b7b7 !important;border-right-style: solid !important;border-bottom-color: #b7b7b7 !important;border-bottom-style: solid !important;}&#8221;][vc_column width=&#8221;1\/4&#8243;][vc_single_image image=&#8221;4975&#8243; css=&#8221;.vc_custom_1555579626801{margin-top: 70px !important;}&#8221;][vc_empty_space height=&#8221;30&#8243;][\/vc_column][vc_column width=&#8221;3\/4&#8243;][vc_row_inner css=&#8221;.vc_custom_1555579609714{margin-bottom: 10px !important;}&#8221;][vc_column_inner width=&#8221;1\/4&#8243;][vc_single_image image=&#8221;48&#8243;][\/vc_column_inner][vc_column_inner width=&#8221;1\/4&#8243;][vc_single_image image=&#8221;1013&#8243; alignment=&#8221;right&#8221;][\/vc_column_inner][vc_column_inner width=&#8221;1\/4&#8243;][vc_single_image image=&#8221;4256&#8243; alignment=&#8221;right&#8221; css=&#8221;.vc_custom_1555580076560{margin-top:&hellip;<\/p>\n","protected":false},"author":1,"featured_media":0,"parent":4089,"menu_order":0,"comment_status":"closed","ping_status":"closed","template":"","meta":{"footnotes":""},"class_list":["post-4081","page","type-page","status-publish","hentry","entry","no-media"],"_links":{"self":[{"href":"https:\/\/saiapm.ulbsibiu.ro\/index.php\/wp-json\/wp\/v2\/pages\/4081"}],"collection":[{"href":"https:\/\/saiapm.ulbsibiu.ro\/index.php\/wp-json\/wp\/v2\/pages"}],"about":[{"href":"https:\/\/saiapm.ulbsibiu.ro\/index.php\/wp-json\/wp\/v2\/types\/page"}],"author":[{"embeddable":true,"href":"https:\/\/saiapm.ulbsibiu.ro\/index.php\/wp-json\/wp\/v2\/users\/1"}],"replies":[{"embeddable":true,"href":"https:\/\/saiapm.ulbsibiu.ro\/index.php\/wp-json\/wp\/v2\/comments?post=4081"}],"version-history":[{"count":110,"href":"https:\/\/saiapm.ulbsibiu.ro\/index.php\/wp-json\/wp\/v2\/pages\/4081\/revisions"}],"predecessor-version":[{"id":5659,"href":"https:\/\/saiapm.ulbsibiu.ro\/index.php\/wp-json\/wp\/v2\/pages\/4081\/revisions\/5659"}],"up":[{"embeddable":true,"href":"https:\/\/saiapm.ulbsibiu.ro\/index.php\/wp-json\/wp\/v2\/pages\/4089"}],"wp:attachment":[{"href":"https:\/\/saiapm.ulbsibiu.ro\/index.php\/wp-json\/wp\/v2\/media?parent=4081"}],"curies":[{"name":"wp","href":"https:\/\/api.w.org\/{rel}","templated":true}]}}