{"id":3862,"date":"2018-02-25T09:52:58","date_gmt":"2018-02-25T09:52:58","guid":{"rendered":"http:\/\/saiapm.ulbsibiu.ro\/?page_id=3862"},"modified":"2025-10-14T12:50:54","modified_gmt":"2025-10-14T12:50:54","slug":"cazare","status":"publish","type":"page","link":"https:\/\/saiapm.ulbsibiu.ro\/index.php\/studenti\/cazare\/","title":{"rendered":"Cazare"},"content":{"rendered":"[vc_row remove_bottom_col_margin=&#8221;true&#8221; css=&#8221;.vc_custom_1580473768500{margin-top: 20px !important;border-right-width: 1px !important;border-bottom-width: 1px !important;background-color: #0064a4 !important;border-right-style: solid !important;border-bottom-style: solid !important;}&#8221;][vc_column][vc_column_text css=&#8221;.vc_custom_1757502249325{border-right-width: 1px !important;border-bottom-width: 1px !important;padding-top: 4px !important;border-right-style: solid !important;border-bottom-style: solid !important;}&#8221;]\n<p style=\"text-align: left;\"><span style=\"color: #ffffff;\"><span style=\"font-size: 20px; font-family: arial, helvetica, sans-serif;\">Cazare\u00a0<\/span><\/span><\/p>\n[\/vc_column_text][\/vc_column][\/vc_row][vc_row][vc_column][vc_column_text responsive_text=&#8221;true&#8221; css=&#8221;.vc_custom_1760446221599{background-color: #ffffff !important;}&#8221;]\n<header class=\"entry-header has-text-align-center header-footer-group\">\n<div class=\"entry-header-inner section-inner medium\">\n<h1 class=\"entry-title\" style=\"text-align: center;\">Solicitare transfer sau cazare<\/h1>\n<p style=\"text-align: left;\">Stima\u021bi studen\u021bi,<\/p>\n<p style=\"text-align: left;\">La data prezent\u0103, \u00een c\u0103minele studen\u021be\u0219ti sunt disponibile<\/p>\n<ul style=\"text-align: left;\">\n<li>\u00een c\u0103minul nr.1 \u2013 1 loc de cazare pentru fete \u0219i 3 locuri de cazare pentru b\u0103ie\u021bi;<\/li>\n<li>\u00een c\u0103minul nr.2 \u2013 3 locuri de cazare pentru fete \u0219i 4 locuri de cazare pentru b\u0103ie\u021bi;<\/li>\n<li>\u00een c\u0103minul nr.6 \u2013 1 loc de cazare pentru fete;<\/li>\n<li>\u00een c\u0103minul nr.7 \u2013 2 locuri de cazare pentru fete \u0219i 2 locuri de cazare pentru b\u0103ie\u021bi;<\/li>\n<\/ul>\n<p style=\"text-align: left;\">Studen\u021bii care doresc s\u0103 solicite transferul trebuie s\u0103 completeze formularul urm\u0103tor :\u00a0<a href=\"https:\/\/forms.gle\/if7E11Qp7nm8NWXF8\">https:\/\/forms.gle\/if7E11Qp7nm8NWXF8<\/a><\/p>\n<p style=\"text-align: left;\">Studen\u021bii care doresc s\u0103 ocupe un loc \u00een c\u0103min trebuie s\u0103 completeze formularul urm\u0103tor :\u00a0<a href=\"https:\/\/forms.gle\/yXEiXj6xzBDCmUAs9\">https:\/\/forms.gle\/yXEiXj6xzBDCmUAs9<\/a><\/p>\n<p style=\"text-align: left;\">Pentru completarea formularului este necesar s\u0103 v\u0103 conecta\u021bi cu adresa institu\u021bional\u0103 (ulbsibiu.ro)<\/p>\n<p style=\"text-align: left;\">Calendar :<\/p>\n<ul>\n<li style=\"text-align: left;\">Solicitare cazare\/transfer\u00a0 \u00a0 \u00a0 \u00a0 \u00a0 \u00a0 \u00a0 \u2013 p\u00e2n\u0103 vineri, 17 octombrie ora 14.00;<\/li>\n<li style=\"text-align: left;\">Confirmare transfer prin e-mail\u00a0 \u00a0 \u2013 mar\u021bi, 21 octombrie;<\/li>\n<li style=\"text-align: left;\">Preluare loc \u00een c\u0103min transfer\u00a0 \u00a0 \u00a0 \u00a0\u2013 miercuri, 22 octombrie, p\u00e2n\u0103 la ora 14.30;<\/li>\n<li style=\"text-align: left;\">Confirmare cazare prin e-mail\u00a0 \u00a0 \u00a0 \u2013 joi, 24 octombrie;<\/li>\n<li style=\"text-align: left;\">Preluare loc \u00een c\u0103min\u00a0 \u00a0 \u00a0 \u00a0 \u00a0 \u00a0 \u00a0 \u00a0 \u00a0 \u00a0 \u00a0\u2013 27-29 octombrie, p\u00e2n\u0103 la ora 14.30.<\/li>\n<\/ul>\n<hr \/>\n<h1 class=\"entry-title\" style=\"text-align: center;\">Preluare camere<\/h1>\n<div class=\"post-meta-wrapper post-meta-single post-meta-single-top\">\u00a0<\/div>\n<\/div>\n<\/header>\n<div class=\"post-inner thin \">\n<div class=\"entry-content\">\n<p>Stima\u021bi studen\u021bi,<\/p>\n<p>&nbsp;<\/p>\n<p>Preluarea camerelor \u00een c\u0103minele studen\u021be\u0219ti se desf\u0103\u0219oar\u0103 \u00een perioada\u00a0<strong>25.09.2025- 27.09.2025.\u00a0<\/strong>Recomand\u0103m studen\u021bilor s\u0103 se prezinte conform calendarului de mai jos:<\/p>\n<p>25 septembrie \u00eentre orele 8:00 \u2013 15:00: studen\u021bii din anul III-VI \u0219i studen\u021bii masteranzi;<\/p>\n<p>26 septembrie \u00eentre orele 8:00 \u2013 15:00: studen\u021bii din anul II;<\/p>\n<p>27 septembrie \u00eentre orele 8:00 \u2013 15:00: studen\u021bii din anul I.<\/p>\n<p>V\u0103 rug\u0103m ave\u021bi \u00een vedere c\u0103 plata tarifului de cazare pentru luna octombrie se va face la data prelu\u0103rii camerei, doar cu card bancar.\u00a0<strong>Nu<\/strong>\u00a0se accept\u0103 plata cu numerar.<\/p>\n<p>Reamintim studen\u021bilor c\u0103 trebuie s\u0103 se prezinte la cazare cu urm\u0103toarele documente :<\/p>\n<ul>\n<li>act de identitate \u00een original \u0219i copie;<\/li>\n<li>documente originale care s\u0103 justifice reducerea de tarif conform art. 22 din Regulamentul privind organizarea \u0219i func\u021bionarea a c\u0103minelor studen\u021besti \u2013 dac\u0103 este cazul.<\/li>\n<\/ul>\n<p><a href=\"https:\/\/campus.ulbsibiu.ro\/ro\/preluare-camere-4\/\">Anunt preluat<\/a><\/p>\n<\/div>\n<\/div>\n<p>&nbsp;<\/p>\n<hr \/>\n<h4 style=\"text-align: center; padding-left: 40px;\"><span style=\"text-decoration: underline; font-family: arial, helvetica, sans-serif; font-size: 21px;\"><strong>LISTE CAZARE 2025-2026 &#8211; FINAL<\/strong><\/span><\/h4>\n<ul>\n<li><span style=\"font-family: arial, helvetica, sans-serif; font-size: 18px; color: #0000ff;\"><a style=\"color: #0000ff;\" href=\"https:\/\/saiapm.ulbsibiu.ro\/wp-content\/uploads\/2025\/09\/17.09.-25.-Lista-finala-cazare-SAIAPM-2025-2026.pdf\">17.09. 25. Lista finala cazare SAIAPM 2025-2026<\/a><\/span><\/li>\n<li><span style=\"font-family: arial, helvetica, sans-serif; font-size: 18px; color: #0000ff;\"><a style=\"color: #0000ff;\" href=\"https:\/\/saiapm.ulbsibiu.ro\/wp-content\/uploads\/2025\/09\/17.09.-25.-Lista-asteptare-cazare-SAIAPM-2025-2026-dupa-confirmari-si-glisari-Copy.pdf\">17.09. 25. Lista asteptare cazare SAIAPM 2025-2026 dupa confirmari si glisari<\/a><\/span><\/li>\n<\/ul>\n<hr \/>\n<p style=\"padding-left: 40px;\">Confirmarea\/ infirmarea\u00a0locului de cazare atribuit de c\u0103tre Facultatea de \u0218.A.I.A.P.M.\u00a0 \u00een c\u0103minele ULBS pentru anul universitar 2025-2026 se face prin completarea formularului de mai\u00a0jos p\u00e2n\u0103 la data de 16.09.2025 orele 18.00.<\/p>\n<p style=\"padding-left: 40px;\"><strong><a href=\"https:\/\/forms.gle\/XmXyvArdo4hwR5nLA\">Formular de confirmare\/infirmare<\/a><\/strong><\/p>\n<p>&nbsp;<\/p>\n<p style=\"text-align: left; padding-left: 40px;\"><span style=\"font-family: arial, helvetica, sans-serif; color: #000000;\">*Studen\u021bii admi\u0219i \u00een urma sesiunii de toamn\u0103 care doresc cazare \u00een caminele ULBS vor trimite cerere pe e-mail catre adresele saiapm@ulbsibiu.ro si anca.tulbure@ulbsibiu.ro in perioada 9.09.2025-11.09.2025.<\/span><\/p>\n<h4 style=\"text-align: center; padding-left: 40px;\"><span style=\"text-decoration: underline; font-family: arial, helvetica, sans-serif; font-size: 21px;\"><strong>LISTE CAZARE 2025-2026 &#8211; \u00ceNAINTE DE CONTESTA\u021aII<\/strong><\/span><\/h4>\n<ul>\n<li style=\"list-style-type: none;\">\n<ul>\n<li style=\"text-align: left;\"><span style=\"color: #0000ff;\"><span style=\"font-size: 20px; font-family: arial, helvetica, sans-serif;\"><a style=\"color: #0000ff;\" href=\"https:\/\/saiapm.ulbsibiu.ro\/wp-content\/uploads\/2025\/09\/10.09.-25.-Lista-cazare-SAIAPM-2025-2026-inainte-de-confirmari.pdf\">10.09. 25. Lista cazare SAIAPM 2025-2026 inainte de confirm\u0103ri<\/a><\/span><\/span><\/li>\n<li style=\"text-align: left;\"><span style=\"color: #0000ff;\"><a style=\"color: #0000ff;\" href=\"https:\/\/saiapm.ulbsibiu.ro\/wp-content\/uploads\/2025\/09\/10.09.-25.-Lista-asteptare-cazare-inainte-de-confirmari-SAIAPM-2025-2026.pdf\"><span style=\"font-size: 20px; font-family: arial, helvetica, sans-serif;\">10.09. 25. Lista asteptare SAIAPM 2025-2026\u00a0inainte de confirmari\u00a0<\/span><\/a><\/span><\/li>\n<li><span style=\"color: #0000ff;\"><span style=\"font-size: 20px; font-family: arial, helvetica, sans-serif;\"><a style=\"color: #0000ff;\" href=\"https:\/\/senat.ulbsibiu.ro\/wp-content\/uploads\/250724\/9_Regulament%20%20org%20si%20functionare%20camine_Senat_iulie2024.pdf\">Regulament<\/a><\/span><\/span><\/li>\n<\/ul>\n<\/li>\n<\/ul>\n<p style=\"text-align: center; padding-left: 40px;\"><span style=\"text-decoration: underline;\"><span style=\"font-family: arial, helvetica, sans-serif; color: #000000; font-size: 21px; text-decoration: underline;\"><strong>ANUN\u021a CONTESTA\u021aII CAZARE<\/strong><\/span><\/span><\/p>\n<p style=\"padding-left: 40px;\"><span style=\"font-family: arial, helvetica, sans-serif; color: #000000;\">Contesta\u021biile privind repartizarea locurilor de cazare \u00een c\u0103minele studen\u021be\u0219ti, pentru anul universitar 2025 \u2013 2026, se pot trimite \u00een intervalul 10 septembrie 2025, ora 10 &#8211; 11 septembrie 2025, ora 10, completand urmatorul formular<\/span><\/p>\n<ul>\n<li style=\"list-style-type: none;\">\n<ul>\n<li><span style=\"font-family: arial, helvetica, sans-serif; font-size: 18px; color: #0000ff;\"><a style=\"color: #0000ff;\" href=\"https:\/\/forms.gle\/C367o5G8xGNBCgTq8\">Formular contesta\u021bii<\/a><\/span><\/li>\n<\/ul>\n<\/li>\n<\/ul>\n<p>&nbsp;<\/p>\n<p>&nbsp;<\/p>\n[\/vc_column_text][\/vc_column][\/vc_row][vc_row remove_bottom_col_margin=&#8221;true&#8221; css=&#8221;.vc_custom_1580473788384{border-right-width: 1px !important;border-bottom-width: 1px !important;border-left-width: 1px !important;padding-bottom: 20px !important;background-color: rgba(255,255,255,0.69) !important;*background-color: rgb(255,255,255) !important;border-left-color: #0064a4 !important;border-left-style: solid !important;border-right-color: #0064a4 !important;border-right-style: solid !important;border-bottom-color: #0064a4 !important;border-bottom-style: solid !important;}&#8221;][vc_column][vc_row_inner][vc_column_inner][vc_column_text]\n<div class=\"entry-header-inner section-inner medium\" style=\"text-align: center;\">Studen<span lang=\"RO\">\u021bii admi\u0219i \u00een urma sesiunii de toamn\u0103 care doresc cazare \u00een caminele ULBS vor trimite cerere pe e-mail catre adresele <a href=\"mailto:saiapm@ulbsibiu.ro\" target=\"_blank\" rel=\"noopener\">saiapm@ulbsibiu.ro<\/a>\u00a0si\u00a0<a href=\"mailto:anca.tulbure@ulbsibiu.ro\" target=\"_blank\" rel=\"noopener\">anca.tulbure@ulbsibiu.ro<\/a>\u00a0 in perioada 9.09.2025-11.09.2025.<\/span><\/div>\n<div>\u00a0<\/div>\n<div class=\"post-inner thin \">\n<div class=\"entry-content\">\n<div class=\"post-inner thin \">\n<div class=\"entry-content\">\n<p><a href=\"https:\/\/campus.ulbsibiu.ro\/ro\/cazarea-in-caminele-studentesti-pentru-anul-universitar-2025-2026\/\">Calendar<\/a> :<\/p>\n<ul>\n<li>06 &#8211; 31 august 2025 \u00censcrieri online \u00een platforma de cazare\u00a0https:\/\/cazare.ulbsibiu.ro\/<\/li>\n<li>01 &#8211; 08 septembrie 2025 Validare cereri de cazare<\/li>\n<li>10 septembrie 2025 Afi\u0219are rezultate cazare (inclusiv liste a\u0219teptare)<\/li>\n<li>11 septembrie 2025 Depunere contesta\u021bii<\/li>\n<li>12 septembrie 2025 Solu\u021bionare contesta\u021bii<\/li>\n<li>15 &#8211; 16 septembrie 2025 Confirmare online locuri de cazare<\/li>\n<li>17 septembrie 2025 Glisare din lista de a\u0219teptare \u00een func\u021bie de locurile neconfirmare<\/li>\n<li>18 septembrie 2025 Afi\u0219are rezultate cazare (inclusiv liste a\u0219teptare)<\/li>\n<li>25 &#8211; 27 septembrie 2025 Preluarea locurilor de cazare<\/li>\n<\/ul>\n<\/div>\n<\/div>\n<\/div>\n<\/div>\n[\/vc_column_text][\/vc_column_inner][\/vc_row_inner][\/vc_column][\/vc_row]\n","protected":false},"excerpt":{"rendered":"<p>[vc_row remove_bottom_col_margin=&#8221;true&#8221; css=&#8221;.vc_custom_1580473768500{margin-top: 20px !important;border-right-width: 1px !important;border-bottom-width: 1px !important;background-color: #0064a4 !important;border-right-style: solid !important;border-bottom-style: solid !important;}&#8221;][vc_column][vc_column_text css=&#8221;.vc_custom_1757502249325{border-right-width: 1px !important;border-bottom-width: 1px !important;padding-top: 4px !important;border-right-style: solid !important;border-bottom-style: solid !important;}&#8221;] Cazare\u00a0 [\/vc_column_text][\/vc_column][\/vc_row][vc_row][vc_column][vc_column_text responsive_text=&#8221;true&#8221; css=&#8221;.vc_custom_1760446221599{background-color: #ffffff !important;}&#8221;] Solicitare transfer sau cazare Stima\u021bi studen\u021bi, La data&hellip;<\/p>\n","protected":false},"author":1,"featured_media":0,"parent":627,"menu_order":0,"comment_status":"closed","ping_status":"closed","template":"","meta":{"footnotes":""},"class_list":["post-3862","page","type-page","status-publish","hentry","entry","no-media"],"_links":{"self":[{"href":"https:\/\/saiapm.ulbsibiu.ro\/index.php\/wp-json\/wp\/v2\/pages\/3862"}],"collection":[{"href":"https:\/\/saiapm.ulbsibiu.ro\/index.php\/wp-json\/wp\/v2\/pages"}],"about":[{"href":"https:\/\/saiapm.ulbsibiu.ro\/index.php\/wp-json\/wp\/v2\/types\/page"}],"author":[{"embeddable":true,"href":"https:\/\/saiapm.ulbsibiu.ro\/index.php\/wp-json\/wp\/v2\/users\/1"}],"replies":[{"embeddable":true,"href":"https:\/\/saiapm.ulbsibiu.ro\/index.php\/wp-json\/wp\/v2\/comments?post=3862"}],"version-history":[{"count":80,"href":"https:\/\/saiapm.ulbsibiu.ro\/index.php\/wp-json\/wp\/v2\/pages\/3862\/revisions"}],"predecessor-version":[{"id":10801,"href":"https:\/\/saiapm.ulbsibiu.ro\/index.php\/wp-json\/wp\/v2\/pages\/3862\/revisions\/10801"}],"up":[{"embeddable":true,"href":"https:\/\/saiapm.ulbsibiu.ro\/index.php\/wp-json\/wp\/v2\/pages\/627"}],"wp:attachment":[{"href":"https:\/\/saiapm.ulbsibiu.ro\/index.php\/wp-json\/wp\/v2\/media?parent=3862"}],"curies":[{"name":"wp","href":"https:\/\/api.w.org\/{rel}","templated":true}]}}