{"id":3843,"date":"2018-02-25T09:08:14","date_gmt":"2018-02-25T09:08:14","guid":{"rendered":"http:\/\/saiapm.ulbsibiu.ro\/?page_id=3843"},"modified":"2019-03-04T10:03:06","modified_gmt":"2019-03-04T10:03:06","slug":"structura-anului-universitar","status":"publish","type":"page","link":"https:\/\/saiapm.ulbsibiu.ro\/index.php\/studenti\/structura-anului-universitar\/","title":{"rendered":"Structura anului universitar"},"content":{"rendered":"[vc_row remove_bottom_col_margin=&#8221;true&#8221; css=&#8221;.vc_custom_1519503590331{margin-top: 20px !important;margin-bottom: 20px !important;}&#8221;][vc_column][vc_column_text css=&#8221;.vc_custom_1519511379562{border-right-width: 1px !important;border-bottom-width: 1px !important;padding-top: 5px !important;padding-bottom: 5px !important;background-color: #425f4e !important;border-right-color: #e0e0e0 !important;border-right-style: solid !important;border-bottom-color: #e0e0e0 !important;border-bottom-style: solid !important;}&#8221;]\n<p style=\"text-align: left; padding-left: 30px;\"><span style=\"color: #ffffff;\"><span style=\"font-size: 22px; font-family: arial, helvetica, sans-serif;\">STUDEN\u021aI<\/span><\/span><\/p>\n[\/vc_column_text][\/vc_column][\/vc_row][vc_row remove_bottom_col_margin=&#8221;true&#8221; css=&#8221;.vc_custom_1519545925040{border-right-width: 1px !important;border-bottom-width: 1px !important;padding-top: 15px !important;background-color: rgba(255,255,255,0.58) !important;*background-color: rgb(255,255,255) !important;border-right-color: #e0e0e0 !important;border-right-style: solid !important;border-bottom-color: #e0e0e0 !important;border-bottom-style: solid !important;}&#8221; visibility=&#8221;visible-desktop&#8221;][vc_column width=&#8221;1\/4&#8243;][vc_row_inner][vc_column_inner width=&#8221;1\/3&#8243;]<div class=\"vcex-module vcex-icon-box clr vcex-icon-box-two vcex-icon-box-w-bg  vc_custom_1519543858128\"><a href=\"http:\/\/saiapm.ulbsibiu.ro\/index.php\/studenti\/anunturi\/\" class=\"vcex-icon-box-link\"><div class=\"vcex-icon-box-icon vcex-icon-box-w-bg\" style=\"color:#ffffff;border-radius:50px;background:#425f4e;\"><span class=\"fa fa-bullhorn\"><\/span><\/div><div class=\"vcex-icon-box-heading\" style=\"color:#425f4e;font-size:13px;\" >ANUN\u021aURI<\/div><\/a><\/div>[\/vc_column_inner][vc_column_inner width=&#8221;1\/3&#8243;]<div class=\"vcex-module vcex-icon-box clr vcex-icon-box-two vcex-icon-box-w-bg  vc_custom_1519543871872\"><a href=\"http:\/\/saiapm.ulbsibiu.ro\/index.php\/studenti\/orar\/\" class=\"vcex-icon-box-link\"><div class=\"vcex-icon-box-icon vcex-icon-box-w-bg\" style=\"color:#ffffff;border-radius:50px;background:#425f4e;\"><span class=\"fa fa-calendar\"><\/span><\/div><div class=\"vcex-icon-box-heading\" style=\"color:#425f4e;font-size:13px;\" >ORAR<\/div><\/a><\/div>[\/vc_column_inner][vc_column_inner width=&#8221;1\/3&#8243; css=&#8221;.vc_custom_1519498314837{padding-left: 3px !important;}&#8221;]<div class=\"vcex-module vcex-icon-box clr vcex-icon-box-two vcex-icon-box-w-bg  vc_custom_1551693746241\"><a href=\"http:\/\/senat.ulbsibiu.ro\/wp-content\/uploads\/Structura-anului-universitar-2018-2019.pdf\" class=\"vcex-icon-box-link\"><div class=\"vcex-icon-box-icon vcex-icon-box-w-bg\" style=\"color:#ffffff;border-radius:50px;background:#425f4e;\"><span class=\"vc-oi vc-oi-article\"><\/span><\/div><div class=\"vcex-icon-box-heading\" style=\"color:#425f4e;font-size:13px;\" >STRUCTURA ANULUI <\/div><\/a><\/div>[\/vc_column_inner][\/vc_row_inner][\/vc_column][vc_column width=&#8221;1\/4&#8243;][vc_row_inner][vc_column_inner width=&#8221;1\/3&#8243;]<div class=\"vcex-module vcex-icon-box clr vcex-icon-box-two vcex-icon-box-w-bg  vc_custom_1519543899774\"><a href=\"http:\/\/saiapm.ulbsibiu.ro\/index.php\/studenti\/grupe-studenti\/\" class=\"vcex-icon-box-link\"><div class=\"vcex-icon-box-icon vcex-icon-box-w-bg\" style=\"color:#ffffff;border-radius:50px;background:#425f4e;\"><span class=\"typcn typcn-flow-children\"><\/span><\/div><div class=\"vcex-icon-box-heading\" style=\"color:#425f4e;font-size:13px;\" >GRUPE STUDEN\u021aI<\/div><\/a><\/div>[\/vc_column_inner][vc_column_inner width=&#8221;1\/3&#8243;]<div class=\"vcex-module vcex-icon-box clr vcex-icon-box-two vcex-icon-box-w-bg  vc_custom_1519543912377\"><a href=\"http:\/\/saiapm.ulbsibiu.ro\/index.php\/studenti\/examene\/\" class=\"vcex-icon-box-link\"><div class=\"vcex-icon-box-icon vcex-icon-box-w-bg\" style=\"color:#ffffff;border-radius:50px;background:#425f4e;\"><span class=\"entypo-icon entypo-icon-newspaper\"><\/span><\/div><div class=\"vcex-icon-box-heading\" style=\"color:#425f4e;font-size:13px;\" >EXAMENE<\/div><\/a><\/div>[\/vc_column_inner][vc_column_inner width=&#8221;1\/3&#8243;]<div class=\"vcex-module vcex-icon-box clr vcex-icon-box-two vcex-icon-box-w-bg  vc_custom_1519543934712\"><a href=\"http:\/\/saiapm.ulbsibiu.ro\/index.php\/studenti\/burse\/\" class=\"vcex-icon-box-link\"><div class=\"vcex-icon-box-icon vcex-icon-box-w-bg\" style=\"color:#ffffff;border-radius:50px;background:#425f4e;\"><span class=\"fa fa-credit-card-alt\"><\/span><\/div><div class=\"vcex-icon-box-heading\" style=\"color:#425f4e;font-size:13px;\" >BURSE<\/div><\/a><\/div>[\/vc_column_inner][\/vc_row_inner][\/vc_column][vc_column width=&#8221;1\/4&#8243;][vc_row_inner][vc_column_inner width=&#8221;1\/3&#8243;]<div class=\"vcex-module vcex-icon-box clr vcex-icon-box-two vcex-icon-box-w-bg  vc_custom_1519543964057\"><a href=\"http:\/\/saiapm.ulbsibiu.ro\/index.php\/studenti\/finalizare-studii\/\" class=\"vcex-icon-box-link\"><div class=\"vcex-icon-box-icon vcex-icon-box-w-bg\" style=\"color:#ffffff;border-radius:50px;background:#425f4e;\"><span class=\"entypo-icon entypo-icon-graduation-cap\"><\/span><\/div><div class=\"vcex-icon-box-heading\" style=\"color:#425f4e;font-size:13px;\" >FINALIZARE STUDII<\/div><\/a><\/div>[\/vc_column_inner][vc_column_inner width=&#8221;1\/3&#8243;]<div class=\"vcex-module vcex-icon-box clr vcex-icon-box-two vcex-icon-box-w-bg  vc_custom_1519543979157\"><a href=\"http:\/\/saiapm.ulbsibiu.ro\/index.php\/studenti\/tabere\/\" class=\"vcex-icon-box-link\"><div class=\"vcex-icon-box-icon vcex-icon-box-w-bg\" style=\"color:#ffffff;border-radius:50px;background:#425f4e;\"><span class=\"fa fa-sun-o\"><\/span><\/div><div class=\"vcex-icon-box-heading\" style=\"color:#425f4e;font-size:13px;\" >TABERE<\/div><\/a><\/div>[\/vc_column_inner][vc_column_inner width=&#8221;1\/3&#8243;]<div class=\"vcex-module vcex-icon-box clr vcex-icon-box-two vcex-icon-box-w-bg  vc_custom_1519543993643\"><a href=\"http:\/\/saiapm.ulbsibiu.ro\/index.php\/studenti\/cazare\/\" class=\"vcex-icon-box-link\"><div class=\"vcex-icon-box-icon vcex-icon-box-w-bg\" style=\"color:#ffffff;border-radius:50px;background:#425f4e;\"><span class=\"fa fa-bed\"><\/span><\/div><div class=\"vcex-icon-box-heading\" style=\"color:#425f4e;font-size:13px;\" >CAZARE<\/div><\/a><\/div>[\/vc_column_inner][\/vc_row_inner][\/vc_column][vc_column width=&#8221;1\/4&#8243; css=&#8221;.vc_custom_1519502103884{padding-left: 0px !important;}&#8221;][vc_row_inner][vc_column_inner width=&#8221;1\/3&#8243;]<div class=\"vcex-module vcex-icon-box clr vcex-icon-box-two vcex-icon-box-w-bg  vc_custom_1519544007020\"><a href=\"http:\/\/saiapm.ulbsibiu.ro\/index.php\/studenti\/tutori\/\" class=\"vcex-icon-box-link\"><div class=\"vcex-icon-box-icon vcex-icon-box-w-bg\" style=\"color:#ffffff;border-radius:50px;background:#425f4e;\"><span class=\"fa fa-users\"><\/span><\/div><div class=\"vcex-icon-box-heading\" style=\"color:#425f4e;font-size:13px;\" >TUTORI<\/div><\/a><\/div>[\/vc_column_inner][vc_column_inner width=&#8221;1\/3&#8243;]<div class=\"vcex-module vcex-icon-box clr vcex-icon-box-two vcex-icon-box-w-bg  vc_custom_1519544022015\"><a href=\"http:\/\/saiapm.ulbsibiu.ro\/index.php\/studenti\/cariera\/\" class=\"vcex-icon-box-link\"><div class=\"vcex-icon-box-icon vcex-icon-box-w-bg\" style=\"color:#ffffff;border-radius:50px;background:#425f4e;\"><span class=\"entypo-icon entypo-icon-briefcase\"><\/span><\/div><div class=\"vcex-icon-box-heading\" style=\"color:#425f4e;font-size:13px;\" >CARIER\u0102<\/div><\/a><\/div>[\/vc_column_inner][vc_column_inner width=&#8221;1\/3&#8243; css=&#8221;.vc_custom_1519501650608{padding-right: 0px !important;padding-left: 0px !important;}&#8221;]<div class=\"vcex-module vcex-icon-box clr vcex-icon-box-two vcex-icon-box-w-bg  vc_custom_1519566569481\"><a href=\"http:\/\/saiapm.ulbsibiu.ro\/index.php\/studenti\/practica\/\" class=\"vcex-icon-box-link\"><div class=\"vcex-icon-box-icon vcex-icon-box-w-bg\" style=\"color:#ffffff;border-radius:50px;background:#425f4e;\"><span class=\"fa fa-industry\"><\/span><\/div><div class=\"vcex-icon-box-heading\" style=\"color:#425f4e;font-size:13px;\" >PRACTIC\u0102<\/div><\/a><\/div>[\/vc_column_inner][\/vc_row_inner][\/vc_column][\/vc_row][vc_row remove_bottom_col_margin=&#8221;true&#8221; css=&#8221;.vc_custom_1519549487243{margin-top: 20px !important;border-right-width: 1px !important;border-bottom-width: 1px !important;background-color: #425f4e !important;border-right-style: solid !important;border-bottom-style: solid !important;}&#8221;][vc_column][vc_column_text css=&#8221;.vc_custom_1519549872940{border-right-width: 1px !important;border-bottom-width: 1px !important;padding-top: 4px !important;border-right-style: solid !important;border-bottom-style: solid !important;}&#8221;]\n<p style=\"text-align: left; padding-left: 30px;\"><span style=\"color: #ffffff;\"><span style=\"font-size: 20px; font-family: arial, helvetica, sans-serif;\">STRUCTURA ANULUI UNIVERSITAR<\/span><\/span><\/p>\n[\/vc_column_text][\/vc_column][\/vc_row][vc_row remove_bottom_col_margin=&#8221;true&#8221; css=&#8221;.vc_custom_1519549502584{border-right-width: 1px !important;border-bottom-width: 1px !important;border-left-width: 1px !important;padding-bottom: 20px !important;background-color: rgba(255,255,255,0.69) !important;*background-color: rgb(255,255,255) !important;border-left-color: #425f4e !important;border-left-style: solid !important;border-right-color: #425f4e !important;border-right-style: solid !important;border-bottom-color: #425f4e !important;border-bottom-style: solid !important;}&#8221;][vc_column][vc_column_text css=&#8221;.vc_custom_1519550120036{margin-top: 15px !important;border-top-width: 1px !important;border-right-width: 1px !important;border-bottom-width: 1px !important;border-left-width: 1px !important;background-color: #ffffff !important;border-left-color: #425f4e !important;border-left-style: solid !important;border-right-color: #425f4e !important;border-right-style: solid !important;border-top-color: #425f4e !important;border-top-style: solid !important;border-bottom-color: #425f4e !important;border-bottom-style: solid !important;}&#8221;]\n<p style=\"text-align: left; padding-left: 30px;\"><span style=\"color: #425f4e; font-family: arial, helvetica, sans-serif;\"><span style=\"font-size: 20px;\">Semestrul I<\/span><\/span><\/p>\n[\/vc_column_text][vc_column_text css=&#8221;.vc_custom_1519550585573{border-right-width: 1px !important;border-bottom-width: 1px !important;border-left-width: 1px !important;padding-top: 10px !important;padding-bottom: 10px !important;border-left-color: #425f4e !important;border-left-style: solid !important;border-right-color: #425f4e !important;border-right-style: solid !important;border-bottom-color: #425f4e !important;border-bottom-style: solid !important;}&#8221;]\n<div style=\"text-align: left; padding-left: 30px;\">\n<div class=\"ja-typo-legend legend-rounded legend-1\"><strong>02 oct. 2017 &#8211; 23 dec. 2017<\/strong>\u00a0(12 s\u0103pt\u0103m\u00e2ni) &#8211; Activit\u0103\u021bi didactice<br \/><strong>24 dec. 2017 &#8211; 07 ian. 2018<\/strong>\u00a0(2 s\u0103pt\u0103m\u00e2ni) &#8211; Vacan\u021b\u0103 de Cr\u0103ciun<br \/><strong>08 ian. 2018 &#8211; 21 ian. 2018<\/strong>\u00a0(2 s\u0103pt\u0103m\u00e2ni) &#8211; Activit\u0103\u021bi didactice<br \/><strong>22 ian. 2018 &#8211; 11 feb. 2018<\/strong>\u00a0(3 s\u0103pt\u0103m\u00e2ni) &#8211; Sesiune de examene<br \/><strong>12 feb. 2018 &#8211; 18 feb. 2018<\/strong>\u00a0(1 s\u0103pt\u0103m\u00e2n\u0103) &#8211; Vacan\u021b\u0103 de prim\u0103var\u0103<br \/><strong>19 feb. 2018 &#8211; 25 feb. 2018<\/strong>\u00a0(1 s\u0103pt\u0103m\u00e2n\u0103) &#8211; Sesiune de restan\u021be<\/div>\n<\/div>\n[\/vc_column_text][vc_column_text css=&#8221;.vc_custom_1519550270510{margin-top: 15px !important;border-top-width: 1px !important;border-right-width: 1px !important;border-bottom-width: 1px !important;border-left-width: 1px !important;background-color: #ffffff !important;border-left-color: #425f4e !important;border-left-style: solid !important;border-right-color: #425f4e !important;border-right-style: solid !important;border-top-color: #425f4e !important;border-top-style: solid !important;border-bottom-color: #425f4e !important;border-bottom-style: solid !important;}&#8221;]\n<p style=\"text-align: left; padding-left: 30px;\"><span style=\"color: #425f4e; font-family: arial, helvetica, sans-serif;\"><span style=\"font-size: 20px;\">Semestrul II<\/span><\/span><\/p>\n[\/vc_column_text][vc_column_text css=&#8221;.vc_custom_1519744038254{border-right-width: 1px !important;border-bottom-width: 1px !important;border-left-width: 1px !important;padding-top: 10px !important;padding-bottom: 10px !important;border-left-color: #425f4e !important;border-left-style: solid !important;border-right-color: #425f4e !important;border-right-style: solid !important;border-bottom-color: #425f4e !important;border-bottom-style: solid !important;}&#8221;]\n<div style=\"text-align: left; padding-left: 30px;\">\n<div class=\"ja-typo-legend legend-rounded legend-1\">\n<div><strong>26 feb. 2018 &#8211; 08 apr. 2018<\/strong>\u00a0(6 s\u0103pt\u0103m\u00e2ni) &#8211; Activit\u0103\u021bi didactice<br \/><strong>09 apr. 2018- 15 apr. 2018<\/strong>\u00a0(1 s\u0103pt\u0103m\u00e2n\u0103) &#8211; Vacan\u021b\u0103 de Pa\u0219te<br \/><strong>16 apr. 2018 &#8211; 10 iunie 2018<\/strong>\u00a0(8 s\u0103pt\u00e2m\u00e2ni) &#8211; Activit\u0103\u021bi didactice<br \/><strong>11 iunie 2018 &#8211; 01 iulie 2018<\/strong>\u00a0(3 s\u0103pt\u0103m\u00e2ni) &#8211; Sesiune de examene<br \/><strong>02 iulie 2018 &#8211; 22 iulie 2018\u00a0<\/strong>(3 s\u0103pt\u0103m\u00e2ni)<strong> &#8211;<\/strong> Practic\u0103<\/div>\n<div><strong>22 iulie 2018 &#8211; 29 iulie 2018<\/strong>\u00a0(1 s\u0103pt\u0103m\u00e2n\u0103) &#8211; Sesiune de restan\u021be \u0219i m\u0103riri de not\u0103<br \/><strong>30 iulie 2018 &#8211;\u00a030 sept. 2018\u00a0<\/strong>&#8211; Vacanta de Var\u0103<br \/><strong>10 sep. 2018 &#8211; 16 sep. 2018<\/strong>\u00a0(1 s\u0103pt\u0103m\u00e2n\u0103) &#8211; Sesiune de reexamin\u0103ri \u0219i re-reexamin\u0103ri<\/div>\n<\/div>\n<\/div>\n[\/vc_column_text][vc_column_text css=&#8221;.vc_custom_1519550485991{margin-top: 15px !important;border-top-width: 1px !important;border-right-width: 1px !important;border-bottom-width: 1px !important;border-left-width: 1px !important;background-color: #ffffff !important;border-left-color: #425f4e !important;border-left-style: solid !important;border-right-color: #425f4e !important;border-right-style: solid !important;border-top-color: #425f4e !important;border-top-style: solid !important;border-bottom-color: #425f4e !important;border-bottom-style: solid !important;}&#8221;]\n<p style=\"text-align: left; padding-left: 30px;\"><span style=\"font-size: 20px;\"><span style=\"color: #425f4e; font-family: arial, helvetica, sans-serif;\">Semestrul II &#8211; p<\/span>entru studen\u021bii din anul\u00a04 licen\u021b\u0103 \u0219i 2 master<\/span><\/p>\n[\/vc_column_text][vc_column_text css=&#8221;.vc_custom_1519743997103{border-right-width: 1px !important;border-bottom-width: 1px !important;border-left-width: 1px !important;padding-top: 10px !important;padding-bottom: 10px !important;border-left-color: #425f4e !important;border-left-style: solid !important;border-right-color: #425f4e !important;border-right-style: solid !important;border-bottom-color: #425f4e !important;border-bottom-style: solid !important;}&#8221;]\n<div style=\"text-align: left; padding-left: 30px;\">\n<div class=\"ja-typo-legend legend-rounded legend-1\">\n<p><strong>26 feb. 2018 &#8211; 08 apr. 2018<\/strong>\u00a0(6 s\u0103pt\u0103m\u00e2ni) &#8211; Activit\u0103\u021bi didactice<br \/><strong>09 apr. 2018- 15 apr. 2018<\/strong>\u00a0(1 s\u0103pt\u0103m\u00e2n\u0103) &#8211; Vacan\u021b\u0103 de Pa\u0219te<br \/><strong>16 apr. 2018 &#8211;\u00a010 iunie 2018<\/strong>\u00a0(8 s\u0103pt\u00e2m\u00e2ni) &#8211; Activit\u0103\u021bi didactice<br \/><strong>11 iunie 2018 &#8211; 01 iulie 2018<\/strong>\u00a0(3 s\u0103pt\u0103m\u00e2ni) &#8211; Sesiune de examene<br \/><strong>02 iulie 2018 &#8211; 08 iulie 2018<\/strong>\u00a0(1 s\u0103pt\u0103m\u00e2n\u0103) &#8211; Sesiune de restan\u021be \u0219i m\u0103riri de not\u0103<br \/><strong>09 iulie &#8211;\u00a031 iulie 2018 &#8211;\u00a0<\/strong>Licen\u021b\u0103 \/ Diserta\u021bie<\/p>\n<\/div>\n<\/div>\n[\/vc_column_text][vc_column_text]\n<p><img loading=\"lazy\" decoding=\"async\" class=\"alignnone size-full wp-image-1195\" src=\"http:\/\/saiapm.ulbsibiu.ro\/wp-content\/uploads\/2016\/10\/pdfdoc.gif\" alt=\"\" width=\"16\" height=\"16\" \/>\u00a0<a href=\"http:\/\/saiapm.ulbsibiu.ro\/wp-content\/uploads\/2018\/02\/Structura-anului-universitar-2017-2018.pdf\">Structura-anului-universitar-2017-2018<\/a><\/p>\n[\/vc_column_text][\/vc_column][\/vc_row]\n","protected":false},"excerpt":{"rendered":"<p>[vc_row remove_bottom_col_margin=&#8221;true&#8221; css=&#8221;.vc_custom_1519503590331{margin-top: 20px !important;margin-bottom: 20px !important;}&#8221;][vc_column][vc_column_text css=&#8221;.vc_custom_1519511379562{border-right-width: 1px !important;border-bottom-width: 1px !important;padding-top: 5px !important;padding-bottom: 5px !important;background-color: #425f4e !important;border-right-color: #e0e0e0 !important;border-right-style: solid !important;border-bottom-color: #e0e0e0 !important;border-bottom-style: solid !important;}&#8221;] STUDEN\u021aI [\/vc_column_text][\/vc_column][\/vc_row][vc_row remove_bottom_col_margin=&#8221;true&#8221; css=&#8221;.vc_custom_1519545925040{border-right-width: 1px !important;border-bottom-width: 1px !important;padding-top: 15px !important;background-color: rgba(255,255,255,0.58) !important;*background-color: rgb(255,255,255) !important;border-right-color:&hellip;<\/p>\n","protected":false},"author":1,"featured_media":0,"parent":627,"menu_order":0,"comment_status":"closed","ping_status":"closed","template":"","meta":{"footnotes":""},"class_list":["post-3843","page","type-page","status-publish","hentry","entry","no-media"],"_links":{"self":[{"href":"https:\/\/saiapm.ulbsibiu.ro\/index.php\/wp-json\/wp\/v2\/pages\/3843"}],"collection":[{"href":"https:\/\/saiapm.ulbsibiu.ro\/index.php\/wp-json\/wp\/v2\/pages"}],"about":[{"href":"https:\/\/saiapm.ulbsibiu.ro\/index.php\/wp-json\/wp\/v2\/types\/page"}],"author":[{"embeddable":true,"href":"https:\/\/saiapm.ulbsibiu.ro\/index.php\/wp-json\/wp\/v2\/users\/1"}],"replies":[{"embeddable":true,"href":"https:\/\/saiapm.ulbsibiu.ro\/index.php\/wp-json\/wp\/v2\/comments?post=3843"}],"version-history":[{"count":8,"href":"https:\/\/saiapm.ulbsibiu.ro\/index.php\/wp-json\/wp\/v2\/pages\/3843\/revisions"}],"predecessor-version":[{"id":4845,"href":"https:\/\/saiapm.ulbsibiu.ro\/index.php\/wp-json\/wp\/v2\/pages\/3843\/revisions\/4845"}],"up":[{"embeddable":true,"href":"https:\/\/saiapm.ulbsibiu.ro\/index.php\/wp-json\/wp\/v2\/pages\/627"}],"wp:attachment":[{"href":"https:\/\/saiapm.ulbsibiu.ro\/index.php\/wp-json\/wp\/v2\/media?parent=3843"}],"curies":[{"name":"wp","href":"https:\/\/api.w.org\/{rel}","templated":true}]}}