{"id":2923,"date":"2018-02-02T17:49:46","date_gmt":"2018-02-02T17:49:46","guid":{"rendered":"http:\/\/saiapm.ulbsibiu.ro\/?page_id=2923"},"modified":"2026-04-06T06:05:27","modified_gmt":"2026-04-06T06:05:27","slug":"fp1","status":"publish","type":"page","link":"https:\/\/saiapm.ulbsibiu.ro\/","title":{"rendered":"FP1"},"content":{"rendered":"[vc_row full_width=&#8221;stretch_row&#8221; equal_height=&#8221;yes&#8221; remove_bottom_col_margin=&#8221;true&#8221; css=&#8221;.vc_custom_1657266833734{padding-top: 20px !important;padding-bottom: 20px !important;background-color: #ffffff !important;background-position: center !important;background-repeat: no-repeat !important;background-size: cover !important;}&#8221;][vc_column width=&#8221;2\/3&#8243;]<div class=\"wpex-slider-preloaderimg\"><img loading=\"lazy\" decoding=\"async\" src=\"https:\/\/saiapm.ulbsibiu.ro\/wp-content\/uploads\/2024\/12\/BCG-SAIAPM-1.png\" width=\"786\" height=\"579\" alt=\"\" data-no-retina=\"\" \/><\/div><div class=\"vcex-module wpex-slider slider-pro vcex-image-slider clr\" data-auto-play-delay=\"5000\" data-animation-speed=\"600\" data-height-animation-duration=\"500\" data-thumbnail-height=\"70\" data-thumbnail-width=\"70\"><div class=\"wpex-slider-slides sp-slides\"><div class=\"wpex-slider-slide sp-slide\"><div class=\"wpex-slider-media\"><img loading=\"lazy\" decoding=\"async\" src=\"https:\/\/saiapm.ulbsibiu.ro\/wp-content\/uploads\/2024\/12\/BCG-SAIAPM-1.png\" width=\"786\" height=\"579\" alt=\"\" data-no-retina=\"\" \/><\/div><\/div><div class=\"wpex-slider-slide sp-slide\"><div class=\"wpex-slider-media\"><img loading=\"lazy\" decoding=\"async\" src=\"https:\/\/saiapm.ulbsibiu.ro\/wp-content\/uploads\/2024\/12\/1000000053-1-scaled.jpg\" width=\"2560\" height=\"1440\" alt=\"\" data-no-retina=\"\" \/><\/div><\/div><div class=\"wpex-slider-slide sp-slide\"><div class=\"wpex-slider-media\"><img loading=\"lazy\" decoding=\"async\" src=\"https:\/\/saiapm.ulbsibiu.ro\/wp-content\/uploads\/2024\/12\/1000000034-scaled.jpg\" width=\"2560\" height=\"1440\" alt=\"\" data-no-retina=\"\" \/><\/div><\/div><div class=\"wpex-slider-slide sp-slide\"><div class=\"wpex-slider-media\"><img loading=\"lazy\" decoding=\"async\" src=\"https:\/\/saiapm.ulbsibiu.ro\/wp-content\/uploads\/2024\/12\/imagine-ferma-1-scaled.jpg\" width=\"2560\" height=\"1192\" alt=\"\" data-no-retina=\"\" \/><\/div><\/div><div class=\"wpex-slider-slide sp-slide\"><div class=\"wpex-slider-media\"><img loading=\"lazy\" decoding=\"async\" src=\"https:\/\/saiapm.ulbsibiu.ro\/wp-content\/uploads\/2024\/12\/DSC_0898c-scaled.jpg\" width=\"2560\" height=\"1440\" alt=\"\" data-no-retina=\"\" \/><\/div><\/div><div class=\"wpex-slider-slide sp-slide\"><div class=\"wpex-slider-media\"><img loading=\"lazy\" decoding=\"async\" src=\"https:\/\/saiapm.ulbsibiu.ro\/wp-content\/uploads\/2024\/12\/DSC_0972c-scaled.jpg\" width=\"2560\" height=\"1440\" alt=\"\" data-no-retina=\"\" \/><\/div><\/div><div class=\"wpex-slider-slide sp-slide\"><div class=\"wpex-slider-media\"><img loading=\"lazy\" decoding=\"async\" src=\"https:\/\/saiapm.ulbsibiu.ro\/wp-content\/uploads\/2024\/12\/1000019825-c-scaled.jpg\" width=\"2560\" height=\"1440\" alt=\"\" data-no-retina=\"\" \/><\/div><\/div><div class=\"wpex-slider-slide sp-slide\"><div class=\"wpex-slider-media\"><img loading=\"lazy\" decoding=\"async\" src=\"https:\/\/saiapm.ulbsibiu.ro\/wp-content\/uploads\/2024\/12\/DSC_0240-scaled.jpg\" width=\"2560\" height=\"1440\" alt=\"\" data-no-retina=\"\" \/><\/div><\/div><\/div><\/div>[\/vc_column][vc_column width=&#8221;1\/3&#8243;]<div class=\"vc_custom_1663868167229 wpex-clr\"><div class=\"theme-button-expanded-wrap theme-button-wrap clr\"><a href=\"https:\/\/saiapm.ulbsibiu.ro\/index.php\/studenti\/orar\/\" class=\"vcex-button theme-button graphical expanded animate-on-hover expanded\" style=\"background:#1e73be;font-size:18px;\"><span class=\"theme-button-inner\"><span class=\"vcex-icon-wrap theme-button-icon-left\"><span class=\"fa fa-calendar\"><\/span><\/span>ORAR<\/span><\/a><\/div><\/div> [vc_text_separator title=&#8221;Anun\u021buri&#8221; color=&#8221;custom&#8221; accent_color=&#8221;#828282&#8243; css=&#8221;.vc_custom_1663868035241{margin-bottom: 20px !important;}&#8221;]<div class=\"vcex-module vcex-post-type-grid-wrap wpex-clr\"><div class=\"wpex-row vcex-post-type-grid entries wpex-clr\" data-transition-duration=\"0.0\"><div class=\"vcex-post-type-entry clr col span_1_of_1 vcex-post-type-no-media-entry col-1 post-11791 entry type-post no-media cat-27 cat-48 cat-3 cat-1\"><div class=\"vcex-post-type-entry-inner entry-inner clr\"><div class=\"vcex-post-type-entry-details entry-details wpex-clr vc_custom_1686909345523\"><h2 class=\"vcex-post-type-entry-title entry-title\" ><a href=\"https:\/\/saiapm.ulbsibiu.ro\/index.php\/2026\/03\/29\/programare-activitati-edufarm-lab\/\" title=\"Programare activitati EduFarm Lab\">Programare activitati EduFarm Lab<\/a><\/h2 ><div class=\"vcex-post-type-entry-date\">29\/03\/2026<\/div><\/div><\/div><\/div><div class=\"vcex-post-type-entry clr col span_1_of_1 vcex-post-type-no-media-entry col-1 post-11728 entry type-post no-media cat-27 cat-48 cat-7\"><div class=\"vcex-post-type-entry-inner entry-inner clr\"><div class=\"vcex-post-type-entry-details entry-details wpex-clr vc_custom_1686909345523\"><h2 class=\"vcex-post-type-entry-title entry-title\" ><a href=\"https:\/\/saiapm.ulbsibiu.ro\/index.php\/2026\/03\/10\/mobilitatile-erasmus\/\" title=\"Mobilit\u0103\u021bile Erasmus+\">Mobilit\u0103\u021bile Erasmus+<\/a><\/h2 ><div class=\"vcex-post-type-entry-date\">10\/03\/2026<\/div><\/div><\/div><\/div><div class=\"vcex-post-type-entry clr col span_1_of_1 vcex-post-type-no-media-entry col-1 post-11709 entry type-post no-media cat-27 cat-48 cat-41\"><div class=\"vcex-post-type-entry-inner entry-inner clr\"><div class=\"vcex-post-type-entry-details entry-details wpex-clr vc_custom_1686909345523\"><h2 class=\"vcex-post-type-entry-title entry-title\" ><a href=\"https:\/\/saiapm.ulbsibiu.ro\/index.php\/2026\/03\/06\/oferta-job-industria-carnii\/\" title=\"Oferta job industria carnii\">Oferta job industria carnii<\/a><\/h2 ><div class=\"vcex-post-type-entry-date\">06\/03\/2026<\/div><\/div><\/div><\/div><div class=\"vcex-post-type-entry clr col span_1_of_1 vcex-post-type-no-media-entry col-1 post-11628 entry type-post no-media cat-27 cat-48 cat-51 cat-48\"><div class=\"vcex-post-type-entry-inner entry-inner clr\"><div class=\"vcex-post-type-entry-details entry-details wpex-clr vc_custom_1686909345523\"><h2 class=\"vcex-post-type-entry-title entry-title\" ><a href=\"https:\/\/saiapm.ulbsibiu.ro\/index.php\/2026\/02\/20\/medii-inainte-de-restante-2\/\" title=\"Medii \u00eenainte de restan\u021be\">Medii \u00eenainte de restan\u021be<\/a><\/h2 ><div class=\"vcex-post-type-entry-date\">20\/02\/2026<\/div><\/div><\/div><\/div><\/div><\/div>[vc_btn title=&#8221;Arhiv\u0103 anun\u021buri&#8221; shape=&#8221;square&#8221; size=&#8221;sm&#8221; link=&#8221;url:https%3A%2F%2Fsaiapm.ulbsibiu.ro%2Findex.php%2Fstudenti%2Fanunturi%2F|||&#8221;][\/vc_column][\/vc_row][vc_row full_width=&#8221;stretch_row&#8221; remove_bottom_col_margin=&#8221;true&#8221; css=&#8221;.vc_custom_1663868233109{background-color: #ffffff !important;background-position: 0 0 !important;background-repeat: repeat !important;}&#8221; visibility=&#8221;visible-desktop&#8221;][vc_column][vc_row_inner remove_bottom_col_margin=&#8221;true&#8221; css=&#8221;.vc_custom_1695917792223{margin-top: 20px !important;border-bottom-width: 1px !important;padding-bottom: 0px !important;border-bottom-color: #0064a4 !important;border-bottom-style: solid !important;}&#8221;][vc_column_inner width=&#8221;1\/4&#8243; css=&#8221;.vc_custom_1517952037262{padding-right: 0px !important;padding-left: 0px !important;}&#8221;][vc_column_text css=&#8221;.vc_custom_1517953116171{background-color: #0064a4 !important;}&#8221;]\n<p style=\"text-align: center;\"><span style=\"color: #ffffff; font-size: 26px; font-family: arial, helvetica, sans-serif;\">\u0218tiri \u0219i evenimente<\/span><\/p>\n[\/vc_column_text][\/vc_column_inner][vc_column_inner width=&#8221;3\/4&#8243; css=&#8221;.vc_custom_1518696810313{padding-right: 0px !important;padding-left: 0px !important;}&#8221; offset=&#8221;vc_hidden-md vc_hidden-sm vc_hidden-xs&#8221;][vc_single_image image=&#8221;3336&#8243; alignment=&#8221;left&#8221;][\/vc_column_inner][\/vc_row_inner]<div class=\"vcex-module vcex-post-type-grid-wrap wpex-clr\"><div class=\"wpex-row vcex-post-type-grid entries wpex-clr\" data-transition-duration=\"0.0\"><div class=\"vcex-post-type-entry clr col span_1_of_4 textleft col-1 post-11809 entry type-post has-media cat-3 cat-7\"><div class=\"vcex-post-type-entry-inner entry-inner clr vc_custom_1775018937174\"><div class=\"vcex-post-type-entry-media entry-media wpex-clr\"><a href=\"https:\/\/saiapm.ulbsibiu.ro\/index.php\/2026\/04\/01\/edu-lab-farm-30-03-03-04-2026\/\" title=\"EDU LAB FARM 30.03. \u2013 03.04.2026\"><img loading=\"lazy\" decoding=\"async\" src=\"https:\/\/saiapm.ulbsibiu.ro\/wp-content\/uploads\/2026\/04\/WhatsApp-Image-2026-03-31-at-17.38.23.jpeg\" width=\"1600\" height=\"1200\" alt=\"\" data-no-retina=\"\" \/><\/a><\/div><div class=\"vcex-post-type-entry-details entry-details wpex-clr vc_custom_1775018937172\"><h2 class=\"vcex-post-type-entry-title entry-title\" ><a href=\"https:\/\/saiapm.ulbsibiu.ro\/index.php\/2026\/04\/01\/edu-lab-farm-30-03-03-04-2026\/\" title=\"EDU LAB FARM 30.03. \u2013 03.04.2026\">EDU LAB FARM 30.03. \u2013 03.04.2026<\/a><\/h2 ><div class=\"vcex-post-type-entry-date\">01\/04\/2026<\/div><div class=\"vcex-post-type-entry-excerpt entry-excerpt clr\">F\u0218AIAPM din cadrul ULBS vine \u00een \u00eent\u00e2mpinarea elevilor cu o serie de ateliere educativ-aplicative, destinate desf\u0103\u0219ur\u0103rii de activit\u0103\u021bi specifice \u00een \u201eS\u0103pt\u0103m\u00e2na verde\u201d, respectiv \u201e\u0218coala altfel\u201d, \u00een func\u021bie de liceu. Evenimentul face parte dintr-o serie demarat\u0103 \u00een anul universitar 2025\u20132026. Aceasta&hellip;<\/div><div class=\"vcex-post-type-entry-readmore-wrap entry-readmore-wrap clr\"><a href=\"https:\/\/saiapm.ulbsibiu.ro\/index.php\/2026\/04\/01\/edu-lab-farm-30-03-03-04-2026\/\" title=\"Mai mult\" rel=\"bookmark\" class=\"theme-button clean black wpex-data-hover\" style=\"font-size:12px;\" data-hover-background=\"#c4c4c4\">Mai mult<\/a><\/div><\/div><\/div><\/div><div class=\"vcex-post-type-entry clr col span_1_of_4 textleft col-2 post-11791 entry type-post no-media cat-27 cat-48 cat-3 cat-1\"><div class=\"vcex-post-type-entry-inner entry-inner clr vc_custom_1775018937174\"><div class=\"vcex-post-type-entry-details entry-details wpex-clr vc_custom_1775018937172\"><h2 class=\"vcex-post-type-entry-title entry-title\" ><a href=\"https:\/\/saiapm.ulbsibiu.ro\/index.php\/2026\/03\/29\/programare-activitati-edufarm-lab\/\" title=\"Programare activitati EduFarm Lab\">Programare activitati EduFarm Lab<\/a><\/h2 ><div class=\"vcex-post-type-entry-date\">29\/03\/2026<\/div><div class=\"vcex-post-type-entry-excerpt entry-excerpt clr\">Luni Marti Miercuri Joi Vineri<\/div><div class=\"vcex-post-type-entry-readmore-wrap entry-readmore-wrap clr\"><a href=\"https:\/\/saiapm.ulbsibiu.ro\/index.php\/2026\/03\/29\/programare-activitati-edufarm-lab\/\" title=\"Mai mult\" rel=\"bookmark\" class=\"theme-button clean black wpex-data-hover\" style=\"font-size:12px;\" data-hover-background=\"#c4c4c4\">Mai mult<\/a><\/div><\/div><\/div><\/div><div class=\"vcex-post-type-entry clr col span_1_of_4 textleft col-3 post-11746 entry type-post has-media cat-3 cat-7\"><div class=\"vcex-post-type-entry-inner entry-inner clr vc_custom_1775018937174\"><div class=\"vcex-post-type-entry-media entry-media wpex-clr\"><a href=\"https:\/\/saiapm.ulbsibiu.ro\/index.php\/2026\/03\/23\/studentii-sibieni-experienta-directa-la-gastropan-cel-mai-mare-targ-din-industria-alimentara\/\" title=\"Studen\u021bii sibieni, experien\u021b\u0103 direct\u0103 la GastroPan, cel mai mare t\u00e2rg din industria alimentar\u0103\"><img loading=\"lazy\" decoding=\"async\" src=\"https:\/\/saiapm.ulbsibiu.ro\/wp-content\/uploads\/2026\/03\/51a9042b-b6f5-43d1-987e-8a024b530237.jpeg\" width=\"1600\" height=\"1200\" alt=\"\" data-no-retina=\"\" \/><\/a><\/div><div class=\"vcex-post-type-entry-details entry-details wpex-clr vc_custom_1775018937172\"><h2 class=\"vcex-post-type-entry-title entry-title\" ><a href=\"https:\/\/saiapm.ulbsibiu.ro\/index.php\/2026\/03\/23\/studentii-sibieni-experienta-directa-la-gastropan-cel-mai-mare-targ-din-industria-alimentara\/\" title=\"Studen\u021bii sibieni, experien\u021b\u0103 direct\u0103 la GastroPan, cel mai mare t\u00e2rg din industria alimentar\u0103\">Studen\u021bii sibieni, experien\u021b\u0103 direct\u0103 la GastroPan, cel mai mare t\u00e2rg din industria alimentar\u0103<\/a><\/h2 ><div class=\"vcex-post-type-entry-date\">23\/03\/2026<\/div><div class=\"vcex-post-type-entry-excerpt entry-excerpt clr\"><\/div><div class=\"vcex-post-type-entry-readmore-wrap entry-readmore-wrap clr\"><a href=\"https:\/\/saiapm.ulbsibiu.ro\/index.php\/2026\/03\/23\/studentii-sibieni-experienta-directa-la-gastropan-cel-mai-mare-targ-din-industria-alimentara\/\" title=\"Mai mult\" rel=\"bookmark\" class=\"theme-button clean black wpex-data-hover\" style=\"font-size:12px;\" data-hover-background=\"#c4c4c4\">Mai mult<\/a><\/div><\/div><\/div><\/div><div class=\"vcex-post-type-entry clr col span_1_of_4 textleft col-4 post-11591 entry type-post has-media cat-3 cat-7\"><div class=\"vcex-post-type-entry-inner entry-inner clr vc_custom_1775018937174\"><div class=\"vcex-post-type-entry-media entry-media wpex-clr\"><a href=\"https:\/\/saiapm.ulbsibiu.ro\/index.php\/2026\/02\/18\/eveniment-edu-lab-farm\/\" title=\"Eveniment EDU LAB FARM\"><img loading=\"lazy\" decoding=\"async\" src=\"https:\/\/saiapm.ulbsibiu.ro\/wp-content\/uploads\/2026\/02\/494148266_1253777876752271_7508479293560578668_n-scaled.jpg\" width=\"2560\" height=\"960\" alt=\"\" data-no-retina=\"\" \/><\/a><\/div><div class=\"vcex-post-type-entry-details entry-details wpex-clr vc_custom_1775018937172\"><h2 class=\"vcex-post-type-entry-title entry-title\" ><a href=\"https:\/\/saiapm.ulbsibiu.ro\/index.php\/2026\/02\/18\/eveniment-edu-lab-farm\/\" title=\"Eveniment EDU LAB FARM\">Eveniment EDU LAB FARM<\/a><\/h2 ><div class=\"vcex-post-type-entry-date\">18\/02\/2026<\/div><div class=\"vcex-post-type-entry-excerpt entry-excerpt clr\">Universitatea \u201eLucian Blaga\u201d din Sibiu, prin Facultatea de \u0218tiin\u021be Agricole, Industrie Alimentar\u0103 \u0219i Protec\u021bia Mediului, avem pl\u0103cerea de a v\u0103 invita s\u0103 participa\u021bi la acest eveniment care este adresat elevilor de clasa a XI-a \u0219i a XII-a, ce se va&hellip;<\/div><div class=\"vcex-post-type-entry-readmore-wrap entry-readmore-wrap clr\"><a href=\"https:\/\/saiapm.ulbsibiu.ro\/index.php\/2026\/02\/18\/eveniment-edu-lab-farm\/\" title=\"Mai mult\" rel=\"bookmark\" class=\"theme-button clean black wpex-data-hover\" style=\"font-size:12px;\" data-hover-background=\"#c4c4c4\">Mai mult<\/a><\/div><\/div><\/div><\/div><\/div><\/div>[\/vc_column][\/vc_row][vc_row full_width=&#8221;stretch_row&#8221; remove_bottom_col_margin=&#8221;true&#8221;][vc_column][vc_row_inner remove_bottom_col_margin=&#8221;true&#8221; css=&#8221;.vc_custom_1518691576911{border-bottom-width: 1px !important;border-bottom-color: #0064a4 !important;border-bottom-style: solid !important;}&#8221;][vc_column_inner width=&#8221;1\/4&#8243; css=&#8221;.vc_custom_1517952037262{padding-right: 0px !important;padding-left: 0px !important;}&#8221;][vc_column_text css=&#8221;.vc_custom_1517953042624{background-color: #0064a4 !important;}&#8221;]\n<p style=\"text-align: center;\"><span style=\"color: #ffffff; font-size: 26px; font-family: arial, helvetica, sans-serif;\">Programe de studii<\/span><\/p>\n[\/vc_column_text][\/vc_column_inner][vc_column_inner width=&#8221;3\/4&#8243; css=&#8221;.vc_custom_1518696728992{padding-right: 0px !important;padding-left: 0px !important;}&#8221; offset=&#8221;vc_hidden-md vc_hidden-sm vc_hidden-xs&#8221;][vc_single_image image=&#8221;3336&#8243; alignment=&#8221;left&#8221;][\/vc_column_inner][\/vc_row_inner][vc_row_inner css=&#8221;.vc_custom_1519205986270{margin-right: 0px !important;margin-left: 0px !important;border-right-width: 1px !important;border-bottom-width: 1px !important;border-left-width: 1px !important;padding-top: 20px !important;padding-bottom: 10px !important;border-left-style: solid !important;border-right-style: solid !important;border-bottom-style: solid !important;}&#8221;][vc_column_inner width=&#8221;1\/3&#8243;][vc_column_text css=&#8221;.vc_custom_1519206284405{border-bottom-width: 1px !important;border-bottom-style: solid !important;}&#8221;]\n<p style=\"text-align: center;\"><span style=\"color: #333333;\"><strong><span style=\"font-size: 18px;\">Licen\u021b\u0103<\/span><\/strong><\/span><\/p>\n[\/vc_column_text][vc_column_text css=&#8221;.vc_custom_1775455451519{padding-top: 10px !important;}&#8221;]\n<ul>\n<li><span style=\"color: #333333;\"><a style=\"color: #333333;\" href=\"https:\/\/drive.google.com\/drive\/folders\/1UsOBFpMF2TG6vd_Gg7wYqWbOTlOe_1bT?usp=sharing\">Ingineria produselor alimentare<\/a><\/span><\/li>\n<li><span style=\"color: #333333;\"><a style=\"color: #333333;\" href=\"https:\/\/drive.google.com\/drive\/folders\/1CZ_vlNIqoOAJ3THS9oHR0IRU4UysZXeZ?usp=sharing\">Controlul \u0219i expertiza produselor alimentare<\/a><\/span><\/li>\n<li><span style=\"color: #333333;\"><a style=\"color: #333333;\" href=\"https:\/\/drive.google.com\/drive\/folders\/1V2fqJlbNMcQTex3zCJzxLR38GfibZABW\">Inginerie \u0219i management in alimenta\u021bia public\u0103 \u0219i agroturism<\/a><\/span><\/li>\n<li><span style=\"color: #333333;\"><a style=\"color: #333333;\" href=\"https:\/\/drive.google.com\/drive\/folders\/1D6C7e6eoylhbc07J3eoYx_2h-d_0Kmdb\">Montanologie<\/a><\/span><\/li>\n<li><span style=\"color: #333333;\"><a style=\"color: #333333;\" href=\"https:\/\/drive.google.com\/file\/d\/1LmKwWK-OKkzJsMYVxSJp_7BhY-Ym7F-o\/view?usp=sharing\">Inginerie \u0219i protec\u021bia mediului \u00een agricultur\u0103<\/a><\/span><\/li>\n<\/ul>\n[\/vc_column_text][\/vc_column_inner][vc_column_inner width=&#8221;1\/3&#8243;][vc_column_text css=&#8221;.vc_custom_1519206294756{border-bottom-width: 1px !important;}&#8221;]\n<p style=\"text-align: center;\"><span style=\"color: #333333;\"><strong><span style=\"font-size: 18px;\">Masterat<\/span><\/strong><\/span><\/p>\n[\/vc_column_text][vc_column_text css=&#8221;.vc_custom_1775455502826{padding-top: 10px !important;}&#8221;]\n<ul>\n<li><span style=\"color: #333333;\"><a style=\"color: #333333;\" href=\"https:\/\/drive.google.com\/file\/d\/1bGPs78XYjPi5WQXWD4owPJXEscY_l-c9\/view?usp=drive_link\">Asigurarea calit\u0103\u021bii \u0219i siguran\u021bei alimentelor<\/a><\/span><\/li>\n<li><span style=\"color: #333333;\"><a style=\"color: #333333;\" href=\"https:\/\/drive.google.com\/file\/d\/1bGPs78XYjPi5WQXWD4owPJXEscY_l-c9\/view?usp=drive_link\">Managementul proces\u0103rii moderne a alimentelor<\/a><\/span><\/li>\n<li><span style=\"color: #333333;\"><a style=\"color: #333333;\" href=\"https:\/\/drive.google.com\/file\/d\/1cBqgM4wPrI1scu22RvKl7hR3-Brw9Utt\/view?usp=sharing\">Managementul dezvolt\u0103rii durabile a zonei rurale<\/a><\/span><\/li>\n<li><span style=\"color: #333333;\"><a style=\"color: #333333;\" href=\"https:\/\/drive.google.com\/file\/d\/1c40upvrJD2rB1BQIw78GeFd_yAg6R3Do\/view?usp=sharing\">Managementul protec\u021biei mediului agricol<\/a><\/span><\/li>\n<li><span style=\"color: #333333;\"><a style=\"color: #333333;\" href=\"https:\/\/docs.google.com\/spreadsheets\/d\/1o83olObmss2ghmItUnCpKLuQVVaPVhm1\/edit?usp=sharing&amp;ouid=113702028143830762542&amp;rtpof=true&amp;sd=true\">\u0218tiin\u021be \u0219i politici de protec\u021bia mediului agricol<\/a><\/span><\/li>\n<\/ul>\n[\/vc_column_text][\/vc_column_inner][vc_column_inner width=&#8221;1\/3&#8243;][vc_column_text css=&#8221;.vc_custom_1519206306076{border-bottom-width: 1px !important;border-bottom-style: solid !important;}&#8221;]\n<p style=\"text-align: center;\"><span style=\"color: #333333;\"><strong><span style=\"font-size: 18px;\">Doctorat<\/span><\/strong><\/span><\/p>\n[\/vc_column_text][vc_column_text css=&#8221;.vc_custom_1519206155057{padding-top: 10px !important;}&#8221;]\n<ul>\n<li>\n<div><span style=\"color: #333333;\"><a style=\"color: #333333;\" href=\"http:\/\/saiapm.ulbsibiu.ro\/index.php\/doctorat\/\">Inginerie industrial\u0103<\/a><\/span><\/div>\n<\/li>\n<li>\n<div><span style=\"color: #333333;\"><a style=\"color: #333333;\" href=\"http:\/\/saiapm.ulbsibiu.ro\/index.php\/doctorat\/\">Agronomie<\/a><\/span><\/div>\n<\/li>\n<li>\n<div><span style=\"color: #333333;\"><a style=\"color: #333333;\" href=\"http:\/\/saiapm.ulbsibiu.ro\/index.php\/doctorat\/\">Inginerie \u0219i management \u00een agricultur\u0103 \u0219i dezvoltare rural\u0103<\/a><\/span><\/div>\n<\/li>\n<\/ul>\n[\/vc_column_text][\/vc_column_inner][\/vc_row_inner][\/vc_column][\/vc_row]\n","protected":false},"excerpt":{"rendered":"<p>[vc_row full_width=&#8221;stretch_row&#8221; equal_height=&#8221;yes&#8221; remove_bottom_col_margin=&#8221;true&#8221; css=&#8221;.vc_custom_1657266833734{padding-top: 20px !important;padding-bottom: 20px !important;background-color: #ffffff !important;background-position: center !important;background-repeat: no-repeat !important;background-size: cover !important;}&#8221;][vc_column width=&#8221;2\/3&#8243;][\/vc_column][vc_column width=&#8221;1\/3&#8243;][vc_text_separator title=&#8221;Anun\u021buri&#8221; color=&#8221;custom&#8221; accent_color=&#8221;#828282&#8243; css=&#8221;.vc_custom_1663868035241{margin-bottom: 20px !important;}&#8221;][vc_btn title=&#8221;Arhiv\u0103 anun\u021buri&#8221; shape=&#8221;square&#8221; size=&#8221;sm&#8221; link=&#8221;url:https%3A%2F%2Fsaiapm.ulbsibiu.ro%2Findex.php%2Fstudenti%2Fanunturi%2F|||&#8221;][\/vc_column][\/vc_row][vc_row full_width=&#8221;stretch_row&#8221; remove_bottom_col_margin=&#8221;true&#8221; css=&#8221;.vc_custom_1663868233109{background-color: #ffffff !important;background-position: 0 0 !important;background-repeat: repeat !important;}&#8221;&hellip;<\/p>\n","protected":false},"author":1,"featured_media":0,"parent":0,"menu_order":0,"comment_status":"closed","ping_status":"closed","template":"","meta":{"footnotes":""},"class_list":["post-2923","page","type-page","status-publish","hentry","entry","no-media"],"_links":{"self":[{"href":"https:\/\/saiapm.ulbsibiu.ro\/index.php\/wp-json\/wp\/v2\/pages\/2923"}],"collection":[{"href":"https:\/\/saiapm.ulbsibiu.ro\/index.php\/wp-json\/wp\/v2\/pages"}],"about":[{"href":"https:\/\/saiapm.ulbsibiu.ro\/index.php\/wp-json\/wp\/v2\/types\/page"}],"author":[{"embeddable":true,"href":"https:\/\/saiapm.ulbsibiu.ro\/index.php\/wp-json\/wp\/v2\/users\/1"}],"replies":[{"embeddable":true,"href":"https:\/\/saiapm.ulbsibiu.ro\/index.php\/wp-json\/wp\/v2\/comments?post=2923"}],"version-history":[{"count":604,"href":"https:\/\/saiapm.ulbsibiu.ro\/index.php\/wp-json\/wp\/v2\/pages\/2923\/revisions"}],"predecessor-version":[{"id":11814,"href":"https:\/\/saiapm.ulbsibiu.ro\/index.php\/wp-json\/wp\/v2\/pages\/2923\/revisions\/11814"}],"wp:attachment":[{"href":"https:\/\/saiapm.ulbsibiu.ro\/index.php\/wp-json\/wp\/v2\/media?parent=2923"}],"curies":[{"name":"wp","href":"https:\/\/api.w.org\/{rel}","templated":true}]}}