{"id":1445,"date":"2017-02-27T16:16:53","date_gmt":"2017-02-27T16:16:53","guid":{"rendered":"http:\/\/saiapm.ulbsibiu.ro\/?page_id=1445"},"modified":"2020-02-10T18:17:54","modified_gmt":"2020-02-10T18:17:54","slug":"principii-si-valori-pentru-viitorul-gastronomiei-culturale-sibiene","status":"publish","type":"page","link":"https:\/\/saiapm.ulbsibiu.ro\/index.php\/conferinte\/principii-si-valori-pentru-viitorul-gastronomiei-culturale-sibiene\/","title":{"rendered":"Principii \u015fi valori pentru viitorul gastronomiei culturale sibiene"},"content":{"rendered":"<h4><strong>Conferin\u021ba na\u021bional\u0103 cu tema <em>Principii \u015fi valori pentru viitorul gastronomiei culturale sibiene<\/em><\/strong><\/h4>\n<hr \/>\n<p>&nbsp;<\/p>\n<p>Conferin\u021b\u0103 de final a proiectului \u201eGastronomia tradi\u021bional\u0103 local\u0103 valori reinterpretate prin tineri pentru noi to\u021bi\u201d contract nr. 32801\/28.04.2016. Ac\u0163iune cofinan\u0163at\u0103 de Consiliul Local Sibiu \u015fi Prim\u0103ria Municipiului Sibiu.<\/p>\n<p><strong>Perioada:<\/strong>\u00a018 noiembrie 2016<\/p>\n<p><strong>Organizatori principali\u00a0<\/strong><\/p>\n<p><strong>Universitatea \u201cLucian Blaga\u201d din Sibiu,<\/strong><strong>\u00a0Facultatea de \u0218AIAPM<\/strong><\/p>\n<p>Prof.univ.dr.ing. Camelia SAVA, &#8211; Universitatea \u201cLucian Blaga\u201d din Sibiu, Romania<\/p>\n<p>Prof.univ.dr.ing. Ioan BONDREA, &#8211; Universitatea \u201cLucian Blaga\u201d din Sibiu, Romania<\/p>\n<p>Conf.univ.dr. Maria-Mihaela ANTOFIE, &#8211; Universitatea \u201cLucian Blaga\u201d din Sibiu, Romania<\/p>\n<p><strong>\u00a0<\/strong><\/p>\n<p><strong>Comitet \u0218tiin\u021bific<\/strong><\/p>\n<p>Prof.univ.dr. Petru\u0163a CORNEA, Universitatea de \u0218tiin\u021be Agronomice \u0219i Medicin\u0103 Veterinar\u0103 Bucure\u0219ti<\/p>\n<p>Prof.univ.dr. Simona OANCEA, &#8211; Universitatea \u201cLucian Blaga\u201d din Sibiu, Romania<\/p>\n<p>Prof.univ.dr.ing. Anca \u015eIPO\u015e, &#8211; Universitatea \u201cLucian Blaga\u201d din Sibiu, Romania<\/p>\n<p>\u0218ef lucr.dr. Simona SP\u00c2NU- Universitatea \u201cLucian Blaga\u201d din Sibiu, Romania\u00a0<\/p>\n<p>\u0218ef lucr.dr.ing. Cristina DANCIU- Universitatea \u201cLucian Blaga\u201d din Sibiu, Romania\u00a0<\/p>\n<p>\u0218ef lucr.dr.ing. George MOISE &#8211; Universitatea \u201cLucian Blaga\u201d din Sibiu, Romania\u00a0<\/p>\n<p>Ovidiu CALBOREANU \u2013 Direc\u021bia Jude\u021bean\u0103 pentru Cultur\u0103 Sibiu<\/p>\n<p>Lector univ.dr. Cristian BLIDAR, Universitatea din Oradea<\/p>\n<p>&nbsp;<\/p>\n<p><strong>Comitet de organizare<\/strong><\/p>\n<p>Conf.univ.dr.ing. Cecilia GEORGESCU &#8211; Universitatea \u201cLucian Blaga\u201d din Sibiu, Romania\u00a0<\/p>\n<p>\u0218ef lucr.dr. ing. Olga DR\u0102GHICI &#8211; Universitatea \u201cLucian Blaga\u201d din Sibiu, Romania\u00a0<\/p>\n<p>\u0218ef lucr.dr. ing. Maria Lidia IANCU &#8211; Universitatea \u201cLucian Blaga\u201d din Sibiu, Romania<\/p>\n<p>\u0218ef lucr.dr.ing. Pompilica IAG\u0102RU &#8211; Universitatea \u201cLucian Blaga\u201d din Sibiu, Romania\u00a0<\/p>\n<p>Prof.univ.dr.ing. Romulus IAG\u0102RU &#8211; Universitatea \u201cLucian Blaga\u201d din Sibiu, Romania\u00a0<\/p>\n<p>\u0218ef lucr.dr.ing. Mariana P\u0102CAL\u0102 &#8211; Universitatea \u201cLucian Blaga\u201d din Sibiu, Romania\u00a0<\/p>\n<p>Conf.univ.dr.ing. Monica MIRONESCU &#8211; Universitatea \u201cLucian Blaga\u201d din Sibiu, Romania\u00a0<\/p>\n<p>Conf.univ.dr.ing. Ioan Dan MIRONESCU &#8211; Universitatea \u201cLucian Blaga\u201d din Sibiu, Romania\u00a0<\/p>\n<p>Conf. univ. dr. Carmen Monica CRE\u021aU\u00a0&#8211; Universitatea \u201cLucian Blaga\u201d din Sibiu, Romania<\/p>\n<p>Conf. univ. dr. ing. Mirela C\u0102R\u0102TU\u0218\u00a0&#8211; Universitatea \u201cLucian Blaga\u201d din Sibiu, Romania<\/p>\n<p>Conf. univ. dr. Virgil NICULA\u00a0&#8211; Universitatea \u201cLucian Blaga\u201d din Sibiu, Romania<\/p>\n<p>\u0218ef lucr.dr. Petronela PAVEL &#8211; Universitatea \u201cLucian Blaga\u201d din Sibiu, Romania\u00a0<\/p>\n<p>\u0218ef lucr.dr. Daniela SIMTION &#8211; Universitatea \u201cLucian Blaga\u201d din Sibiu, Romania\u00a0<\/p>\n<p>\u0218ef lucr.dr.ing. Ioan P\u0102\u0218C\u0102NU\u021a &#8211; Universitatea \u201cLucian Blaga\u201d din Sibiu, Romania\u00a0<\/p>\n<p>\u0218ef lucr.dr.ing. Mihai OGNEAN &#8211; Universitatea \u201cLucian Blaga\u201d din Sibiu, Romania\u00a0<\/p>\n<p>\u0218ef lucr.dr.ing. Claudia OGNEAN &#8211; Universitatea \u201cLucian Blaga\u201d din Sibiu, Romania\u00a0<\/p>\n<p>\u0218ef lucr.dr.ing. Anca TULBURE &#8211; Universitatea \u201cLucian Blaga\u201d din Sibiu, Romania\u00a0<\/p>\n<p>\u0218ef lucr.dr.ing. Cristina STANC\u0102-MOISE &#8211; Universitatea \u201cLucian Blaga\u201d din Sibiu, Romania\u00a0<\/p>\n<p>\u0218ef lucr.dr. Iuliana ANTONIE &#8211; Universitatea \u201cLucian Blaga\u201d din Sibiu, Romania\u00a0<\/p>\n<p>\u0218ef lucr.dr.ing. Ion BARBU &#8211; Universitatea \u201cLucian Blaga\u201d din Sibiu, Romania\u00a0<\/p>\n<p>&nbsp;<\/p>\n<p>Invitatie (pdf)<\/p>\n<p>Programul conferintei (pdf)<\/p>\n","protected":false},"excerpt":{"rendered":"<p>Conferin\u021ba na\u021bional\u0103 cu tema Principii \u015fi valori pentru viitorul gastronomiei culturale sibiene &nbsp; Conferin\u021b\u0103 de final a proiectului \u201eGastronomia tradi\u021bional\u0103 local\u0103 valori reinterpretate prin tineri pentru noi to\u021bi\u201d contract nr. 32801\/28.04.2016. Ac\u0163iune cofinan\u0163at\u0103 de Consiliul Local Sibiu \u015fi Prim\u0103ria Municipiului&hellip;<\/p>\n","protected":false},"author":1,"featured_media":0,"parent":4089,"menu_order":0,"comment_status":"closed","ping_status":"closed","template":"","meta":{"footnotes":""},"class_list":["post-1445","page","type-page","status-publish","hentry","entry","no-media"],"_links":{"self":[{"href":"https:\/\/saiapm.ulbsibiu.ro\/index.php\/wp-json\/wp\/v2\/pages\/1445"}],"collection":[{"href":"https:\/\/saiapm.ulbsibiu.ro\/index.php\/wp-json\/wp\/v2\/pages"}],"about":[{"href":"https:\/\/saiapm.ulbsibiu.ro\/index.php\/wp-json\/wp\/v2\/types\/page"}],"author":[{"embeddable":true,"href":"https:\/\/saiapm.ulbsibiu.ro\/index.php\/wp-json\/wp\/v2\/users\/1"}],"replies":[{"embeddable":true,"href":"https:\/\/saiapm.ulbsibiu.ro\/index.php\/wp-json\/wp\/v2\/comments?post=1445"}],"version-history":[{"count":7,"href":"https:\/\/saiapm.ulbsibiu.ro\/index.php\/wp-json\/wp\/v2\/pages\/1445\/revisions"}],"predecessor-version":[{"id":1604,"href":"https:\/\/saiapm.ulbsibiu.ro\/index.php\/wp-json\/wp\/v2\/pages\/1445\/revisions\/1604"}],"up":[{"embeddable":true,"href":"https:\/\/saiapm.ulbsibiu.ro\/index.php\/wp-json\/wp\/v2\/pages\/4089"}],"wp:attachment":[{"href":"https:\/\/saiapm.ulbsibiu.ro\/index.php\/wp-json\/wp\/v2\/media?parent=1445"}],"curies":[{"name":"wp","href":"https:\/\/api.w.org\/{rel}","templated":true}]}}