{"id":1443,"date":"2017-02-27T16:15:44","date_gmt":"2017-02-27T16:15:44","guid":{"rendered":"http:\/\/saiapm.ulbsibiu.ro\/?page_id=1443"},"modified":"2017-04-10T11:19:24","modified_gmt":"2017-04-10T11:19:24","slug":"right-to-food-and-sustainable-agriculture","status":"publish","type":"page","link":"https:\/\/saiapm.ulbsibiu.ro\/index.php\/right-to-food-and-sustainable-agriculture\/","title":{"rendered":"Right to Food and Sustainable Agriculture"},"content":{"rendered":"<h3 class=\"collapseomatic \" tabindex=\"1\" title=\"Tematica examenului de licenta\">Conferin\u0163a cu participare Interna\u0163ional\u0103 Right to Food and Sustainable Agriculture<\/h3>\n<hr \/>\n<p>&nbsp;<\/p>\n<p><strong>Organizatori principali<\/strong><\/p>\n<p><a href=\"https:\/\/www.oikoumene.org\/en\/what-we-do\/eaa\">WCC-EAA<\/a> \u00een colaborare cu Universitatea \u201eLucian Blaga\u201d din Sibiu reprezentat\u0103 de<\/p>\n<p>Facultatea de \u015etiin\u0163e Agricole, Industrie Alimentar\u0103 \u015fi Protec\u0163ia Mediului \u015fi<\/p>\n<p>Facultatea de Teologie<\/p>\n<p>Invitatie \u2013 (link catre pdf-ul pe care il avem)<\/p>\n<p><strong>Perioada<\/strong> 31 octombrie-2 noiembrie 2016<\/p>\n<p><strong>Locul<\/strong> desf\u0103\u0219ur\u0103rii Sediul Rectoratului ULBS din Bdul Victoriei nr. 10<\/p>\n<p>&nbsp;<\/p>\n<p><strong>Organizator principal din partea SAIAPM<\/strong><\/p>\n<p>Prof. univ. dr. ing. Canelia Sava<\/p>\n<p>&nbsp;<\/p>\n<p><strong>Comitet de organizare<\/strong><\/p>\n<p>Prof. univ. dr. Simoan Oancea<\/p>\n<p>Conf.\u00a0univ. dr. Maria-Mihaela Antofie<\/p>\n<p>Conf. univ. dr. ing. Monica Mironescu<\/p>\n<p>Conf. univ. dr. ing. Ion Mironescu<\/p>\n<p>\u0218ef. lucr. dr. ing. Ognean Mihai<\/p>\n<p>\u0218ef lucr. dr. ing. George Moise<\/p>\n<p>\u0218ef lucr. dr. ing. Cristina Moise<\/p>\n<p>\u0218ef lucr. dr. ing. Anca Tulbure<\/p>\n<p>\u0218ef lucr. dr. Simona Sp\u00e2nu<\/p>\n<p>\u0218ef lucr. dr. ing. P\u0103cal\u0103 Mariana<\/p>\n<p><strong>Lectori:<\/strong><\/p>\n<p>dr. Manoj Kurian \u00a0<\/p>\n<p>Preot prof. univ. dr. Nicolae CHIF\u0102R\u00a0&#8211; Universitatea \u201cLucian Blaga\u201d din Sibiu, Romania<\/p>\n<p>Preot prof. univ. dr. Aurel PAVEL &#8211; Universitatea \u201cLucian Blaga\u201d din Sibiu, Romania<\/p>\n<p>Lector univ. dr. Voichita GHEOCA\u00a0&#8211; Universitatea \u201cLucian Blaga\u201d din Sibiu, Romania<\/p>\n<p>Conf. univ. dr. Maria-Mihaela ANTOFIE, &#8211; Universitatea \u201cLucian Blaga\u201d din Sibiu, Romania<\/p>\n<p>\u0218ef lucr. dr. ing. George MOISE &#8211; Universitatea \u201cLucian Blaga\u201d din Sibiu, Romania\u00a0<\/p>\n<p>\u0218ef lucr. dr. ing. Cristina STANC\u0102-MOISE &#8211; Universitatea \u201cLucian Blaga\u201d din Sibiu, Romania\u00a0<strong>\u00a0<\/strong><\/p>\n<p>\u0218ef lucr. dr .ing. Anca TULBURE &#8211; Universitatea \u201cLucian Blaga\u201d din Sibiu, Romania<\/p>\n<p>\u0218ef lucr. dr .ing. Cristina DANCIU &#8211; Universitatea \u201cLucian Blaga\u201d din Sibiu, Romania\u00a0<\/p>\n<p>\u0218ef lucr. dr. ing. Mariana P\u0102CAL\u0102 &#8211; Universitatea \u201cLucian Blaga\u201d din Sibiu, Romania\u00a0<\/p>\n<p>Conf.univ.dr.ing. Monica MIRONESCU &#8211; Universitatea \u201cLucian Blaga\u201d din Sibiu, Romania\u00a0<\/p>\n<p>Conf. univ. dr. ing. Ioan Dan MIRONESCU &#8211; Universitatea \u201cLucian Blaga\u201d din Sibiu, Romania\u00a0<\/p>\n<p>\u0218ef lucr. dr. ing. Mihai OGNEAN &#8211; Universitatea \u201cLucian Blaga\u201d din Sibiu, Romania\u00a0<\/p>\n<p>\u0218ef lucr. dr. ing. Claudia OGNEAN &#8211; Universitatea \u201cLucian Blaga\u201d din Sibiu, Romania\u00a0<\/p>\n<p>\u0218ef lucr. dr. Simona SP\u00c2NU- Universitatea \u201cLucian Blaga\u201d din Sibiu, Romania\u00a0<\/p>\n<p>\u0218ef lucr. dr. ing. Olga DR\u0102GHICI &#8211; Universitatea \u201cLucian Blaga\u201d din Sibiu, Romania\u00a0<\/p>\n<p>Willy SHUSTER\u00a0&#8211; Mosna<\/p>\n<p>Irina PAPUC \u00a0&#8211; Ple\u0219coi<\/p>\n<p>Traian PAPUC \u00a0&#8211; Ple\u0219coi<\/p>\n","protected":false},"excerpt":{"rendered":"<p>Conferin\u0163a cu participare Interna\u0163ional\u0103 Right to Food and Sustainable Agriculture &nbsp; Organizatori principali WCC-EAA \u00een colaborare cu Universitatea \u201eLucian Blaga\u201d din Sibiu reprezentat\u0103 de Facultatea de \u015etiin\u0163e Agricole, Industrie Alimentar\u0103 \u015fi Protec\u0163ia Mediului \u015fi Facultatea de Teologie Invitatie \u2013 (link&hellip;<\/p>\n","protected":false},"author":1,"featured_media":0,"parent":0,"menu_order":0,"comment_status":"closed","ping_status":"closed","template":"templates\/template-onecolumn.php","meta":{"footnotes":""},"class_list":["post-1443","page","type-page","status-publish","hentry","entry","no-media"],"_links":{"self":[{"href":"https:\/\/saiapm.ulbsibiu.ro\/index.php\/wp-json\/wp\/v2\/pages\/1443"}],"collection":[{"href":"https:\/\/saiapm.ulbsibiu.ro\/index.php\/wp-json\/wp\/v2\/pages"}],"about":[{"href":"https:\/\/saiapm.ulbsibiu.ro\/index.php\/wp-json\/wp\/v2\/types\/page"}],"author":[{"embeddable":true,"href":"https:\/\/saiapm.ulbsibiu.ro\/index.php\/wp-json\/wp\/v2\/users\/1"}],"replies":[{"embeddable":true,"href":"https:\/\/saiapm.ulbsibiu.ro\/index.php\/wp-json\/wp\/v2\/comments?post=1443"}],"version-history":[{"count":5,"href":"https:\/\/saiapm.ulbsibiu.ro\/index.php\/wp-json\/wp\/v2\/pages\/1443\/revisions"}],"predecessor-version":[{"id":1457,"href":"https:\/\/saiapm.ulbsibiu.ro\/index.php\/wp-json\/wp\/v2\/pages\/1443\/revisions\/1457"}],"wp:attachment":[{"href":"https:\/\/saiapm.ulbsibiu.ro\/index.php\/wp-json\/wp\/v2\/media?parent=1443"}],"curies":[{"name":"wp","href":"https:\/\/api.w.org\/{rel}","templated":true}]}}