{"id":1350,"date":"2017-01-30T20:22:35","date_gmt":"2017-01-30T20:22:35","guid":{"rendered":"http:\/\/saiapm.ulbsibiu.ro\/?page_id=1350"},"modified":"2020-02-10T17:51:53","modified_gmt":"2020-02-10T17:51:53","slug":"agri-food-2017","status":"publish","type":"page","link":"https:\/\/saiapm.ulbsibiu.ro\/index.php\/conferinte\/agri-food-2017\/","title":{"rendered":"Agri-Food 2017"},"content":{"rendered":"<p>\u00a0<img loading=\"lazy\" decoding=\"async\" class=\"wp-image-1367 aligncenter\" src=\"http:\/\/saiapm.ulbsibiu.ro\/wp-content\/uploads\/2017\/02\/antet-300x112.png\" alt=\"\" width=\"498\" height=\"186\" srcset=\"https:\/\/saiapm.ulbsibiu.ro\/wp-content\/uploads\/2017\/02\/antet-300x112.png 300w, https:\/\/saiapm.ulbsibiu.ro\/wp-content\/uploads\/2017\/02\/antet-150x56.png 150w, https:\/\/saiapm.ulbsibiu.ro\/wp-content\/uploads\/2017\/02\/antet.png 720w\" sizes=\"(max-width: 498px) 100vw, 498px\" \/><\/p>\n<p>&nbsp;<\/p>\n<p><strong>Facultatea de \u0218tiin\u021be Agricole Industrie Alimentar\u0103 \u0219i Protec\u021bia Mediului organizeaz\u0103 Conferin\u021ba \u0218tiin\u021bific\u0103 cu participare interna\u021bional\u0103 Agri-Food 2017.<\/strong><\/p>\n<p>AgriFood2017 este un eveniment \u201ede argint\u201d, celebr\u00e2nd 25 ani de \u00eenv\u0103\u021b\u0103m\u00e2nt superior \u00een domeniul agricol, se va organiza \u00een perioada 11-13 Mai \u00een 2017, la Sibiu.<\/p>\n<p>&nbsp;<\/p>\n<p><strong>Tematica conferin\u021bei: Agricultura \u0219i Alimenta\u021bia secolului XXI<\/strong><\/p>\n<p>Tematica este armonizat\u0103 preocup\u0103rilor de la nivel mondial \u00een domeniu \u0219i are \u00een vedere obiectivele de cercetare privind ridicarea nivelului de trai \u00een \u021bara noastr\u0103 prin asigurarea unei produc\u021bii sustenabile \u0219i a unor produse alimentare s\u0103n\u0103toase.<\/p>\n<p><strong>Locul Conferin\u021bei <\/strong>Lucr\u0103rile Conferin\u021bei se vor desf\u0103\u0219ura \u00een Sibiu, ora\u0219 cultural \u0219i turistic recunoscut, situat \u00een jude\u021bul cu acela\u0219i nume, ce urmeaz\u0103 s\u0103 fie desemnat prima <em>Regiune<\/em> <em>Gastronomic\u0103 European\u0103 <\/em>din Rom\u00e2nia pentru 2019.<\/p>\n<p><strong>Publicarea lucr\u0103rilor \u0219tiin\u021bifice<\/strong><\/p>\n<p>Lucr\u0103rile selectate de comitetul \u0219tiin\u021bific \u0219i redactate \u00een limba englez\u0103, vor fi publicate \u00een func\u021bie de domeniul abordat \u00een Proceeding-ul conferin\u021bei.<\/p>\n<p>&nbsp;<\/p>\n<p><strong><a href=\"http:\/\/saiapm.ulbsibiu.ro\/wp-content\/uploads\/2017\/01\/REGISTRATION-FORM.doc\">Formular de inregistrare<\/a>\u00a0(Registration form)<\/strong><\/p>\n<p><a href=\"http:\/\/saiapm.ulbsibiu.ro\/wp-content\/uploads\/2017\/02\/Fleyer-5EN.pdf\"><strong>Pliantul conferintei<\/strong><\/a><\/p>\n<p><strong>\u00a0<\/strong><\/p>\n<p><strong>SEC\u021aIUNI<\/strong><\/p>\n<p><strong>\u00a0<\/strong><\/p>\n<p><strong>Agricultur<\/strong><strong>\u0103 \u0219i Protec\u021bia Mediului<\/strong><\/p>\n<p><strong>\u00a0<\/strong><\/p>\n<p>1) Agricultur\u0103 \u0219i resurse genetice<\/p>\n<p>2) Agro-turism<\/p>\n<p>3) Ameliorare animal\u0103<\/p>\n<p>4) Economie \u0219i energie agricol\u0103<\/p>\n<p>5) Biotehnologii pentru agricultur\u0103<\/p>\n<p>6) Tehnologii moderne pentru protec\u021bia mediului<\/p>\n<p>&nbsp;<\/p>\n<p><strong>Industrie Alimentar\u0103<\/strong><\/p>\n<p>&nbsp;<\/p>\n<p>7)\u00a0 Ingineria \u0219i proiectarea de produse alimentare<\/p>\n<p>8)\u00a0 Controlul calit\u0103\u021bii produselor alimentare<\/p>\n<p>9)\u00a0 \u0218tiin\u021ba \u0219i chimia alimentelor<\/p>\n<p>10) Biotehnologii alimentare<\/p>\n<p>11) Economie, energie \u0219i ecologie \u00een industria alimentar\u0103<\/p>\n<p>12) Managementul\u00a0 produc\u021biei, serviciilor \u0219i calit\u0103\u021bii produselor alimentare<\/p>\n<p>&nbsp;<\/p>\n<p><strong>DATE IMPORTANTE<\/strong><\/p>\n<p><strong>\u00a0<\/strong><\/p>\n<p><strong>01\/03\/2017\u00a0\u00a0 <\/strong>Termenul limit\u0103 pentru trimiterea rezumatului<\/p>\n<p><strong>10\/03\/2017<\/strong>\u00a0\u00a0 Comunicarea accept\u0103rii rezumatului<\/p>\n<p><strong>10\/04\/2017 <\/strong>\u00a0 Termenul limit\u0103 pentru expedierea lucr\u0103rilor <em>in extenso<\/em><\/p>\n<p><strong>25\/04\/2017 <\/strong>\u00a0 Comunicarea accept\u0103rii articolului<\/p>\n<p><strong>\u00a0<\/strong><\/p>\n<p>&nbsp;<\/p>\n<p><a href=\"http:\/\/saiapm.ulbsibiu.ro\/wp-content\/uploads\/2017\/05\/Programul-conferintei-Agri-Food-2017_final.pdf\"><strong>PROGRAMUL CONFERIN\u021aEI\u00a0<\/strong><\/a><\/p>\n<p>&nbsp;<\/p>\n<p><strong>TAXE DE PARTICIPARE<\/strong><strong>\u00a0\u00a0\u00a0\u00a0\u00a0\u00a0\u00a0\u00a0 <\/strong><\/p>\n<p><strong>\u00a0<\/strong><\/p>\n<p><strong>Tax\u0103 standard<\/strong><\/p>\n<p>\u00a0\u00a0\u00a0\u00a0\u00a0\u00a0\u00a0\u00a0\u00a0\u00a0\u00a0 200 lei sau 50 Euro<\/p>\n<p><strong>Tax\u0103 persoane \u00eenso\u021bitoare<\/strong><\/p>\n<p>\u00a0\u00a0\u00a0\u00a0\u00a0\u00a0\u00a0\u00a0\u00a0\u00a0\u00a0 100 lei sau 20 Euro<\/p>\n<p>&nbsp;<\/p>\n<p><strong>LIMBA<\/strong><\/p>\n<p>Englez\u0103<\/p>\n","protected":false},"excerpt":{"rendered":"<p>\u00a0 &nbsp; Facultatea de \u0218tiin\u021be Agricole Industrie Alimentar\u0103 \u0219i Protec\u021bia Mediului organizeaz\u0103 Conferin\u021ba \u0218tiin\u021bific\u0103 cu participare interna\u021bional\u0103 Agri-Food 2017. AgriFood2017 este un eveniment \u201ede argint\u201d, celebr\u00e2nd 25 ani de \u00eenv\u0103\u021b\u0103m\u00e2nt superior \u00een domeniul agricol, se va organiza \u00een perioada 11-13&hellip;<\/p>\n","protected":false},"author":1,"featured_media":0,"parent":4089,"menu_order":0,"comment_status":"closed","ping_status":"closed","template":"","meta":{"footnotes":""},"class_list":["post-1350","page","type-page","status-publish","hentry","entry","no-media"],"_links":{"self":[{"href":"https:\/\/saiapm.ulbsibiu.ro\/index.php\/wp-json\/wp\/v2\/pages\/1350"}],"collection":[{"href":"https:\/\/saiapm.ulbsibiu.ro\/index.php\/wp-json\/wp\/v2\/pages"}],"about":[{"href":"https:\/\/saiapm.ulbsibiu.ro\/index.php\/wp-json\/wp\/v2\/types\/page"}],"author":[{"embeddable":true,"href":"https:\/\/saiapm.ulbsibiu.ro\/index.php\/wp-json\/wp\/v2\/users\/1"}],"replies":[{"embeddable":true,"href":"https:\/\/saiapm.ulbsibiu.ro\/index.php\/wp-json\/wp\/v2\/comments?post=1350"}],"version-history":[{"count":10,"href":"https:\/\/saiapm.ulbsibiu.ro\/index.php\/wp-json\/wp\/v2\/pages\/1350\/revisions"}],"predecessor-version":[{"id":1622,"href":"https:\/\/saiapm.ulbsibiu.ro\/index.php\/wp-json\/wp\/v2\/pages\/1350\/revisions\/1622"}],"up":[{"embeddable":true,"href":"https:\/\/saiapm.ulbsibiu.ro\/index.php\/wp-json\/wp\/v2\/pages\/4089"}],"wp:attachment":[{"href":"https:\/\/saiapm.ulbsibiu.ro\/index.php\/wp-json\/wp\/v2\/media?parent=1350"}],"curies":[{"name":"wp","href":"https:\/\/api.w.org\/{rel}","templated":true}]}}